{"id":609,"date":"2024-11-01T12:06:05","date_gmt":"2024-11-01T10:06:05","guid":{"rendered":"https:\/\/www.slts.fi\/slts-70\/"},"modified":"2024-11-22T15:06:23","modified_gmt":"2024-11-22T13:06:23","slug":"70-years","status":"publish","type":"page","link":"https:\/\/www.slts.fi\/en\/70-years\/","title":{"rendered":"70 years"},"content":{"rendered":"<h1>The Foundation for Research of Natural Resources in Finland celebrates its 70th anniversary<\/h1>\n<p>Bio-economy, minerals and natural resources are currently topical issues. Bio-economy is included in the Government programme as a spearhead project. The role of natural resources and their sustainable use in the future success of Finland was discussed at a seminar arranged in May to celebrate the 70th anniversary of the Foundation for Research of Natural Resources in Finland.<\/p>\n<p>The theme of the seminar held in Helsinki on 19 May 2022 was \u201cNatural Resources in Tomorrow\u2019s Solutions\u201d. Some 60 invited guests representing the Foundation\u2019s stakeholders and interest groups attended the seminar.<\/p>\n<p>The seminar was hosted by\u00a0<strong>Jukka Ruukki<\/strong>, Editor-in-Chief of the Tiede magazine. The keynote speakers included\u00a0<strong>Johanna Buchert<\/strong>, President and CEO, Natural Resources Institute Finland (Luke),\u00a0<strong>Erno J\u00e4rvinen<\/strong>, Head of Forests and Bioenergy, Ministry of Agriculture and Forestry,\u00a0<strong>Simon Michaux<\/strong>, Associate Research Professor, Geological Survey of Finland (GTK), and\u00a0<strong>Jarkko Vesa<\/strong>, Senior Specialist, Ministry of Economic Affairs and Employment.<\/p>\n<p><img loading=\"lazy\" decoding=\"async\" class=\"alignnone size-full wp-image-380\" src=\"https:\/\/www.slts.fi\/wpc\/uploads\/2024\/11\/Seminaarista-2-scaled.jpeg\" alt=\"\" width=\"2560\" height=\"1920\" srcset=\"https:\/\/www.slts.fi\/wpc\/uploads\/2024\/11\/Seminaarista-2-scaled.jpeg 2560w, https:\/\/www.slts.fi\/wpc\/uploads\/2024\/11\/Seminaarista-2-300x225.jpeg 300w, https:\/\/www.slts.fi\/wpc\/uploads\/2024\/11\/Seminaarista-2-1024x768.jpeg 1024w, https:\/\/www.slts.fi\/wpc\/uploads\/2024\/11\/Seminaarista-2-768x576.jpeg 768w, https:\/\/www.slts.fi\/wpc\/uploads\/2024\/11\/Seminaarista-2-1536x1152.jpeg 1536w, https:\/\/www.slts.fi\/wpc\/uploads\/2024\/11\/Seminaarista-2-2048x1536.jpeg 2048w, https:\/\/www.slts.fi\/wpc\/uploads\/2024\/11\/Seminaarista-2-600x450.jpeg 600w, https:\/\/www.slts.fi\/wpc\/uploads\/2024\/11\/Seminaarista-2-90x68.jpeg 90w\" sizes=\"auto, (max-width: 2560px) 100vw, 2560px\" \/><\/p>\n<p><em>Jarkko Vesa, Erno J\u00e4rvinen, Johanna Buchert and Jukka Ruukki.<\/em><\/p>\n<h2>The Foundation\u2019s origins are linked with coal trade during WW2<\/h2>\n<p>The seminar started with an overview of the\u00a0<a href=\"https:\/\/www.slts.fi\/en\/about-us\/the-foundations-history\/\" target=\"_blank\" rel=\"noopener\"><strong>Foundation\u2019s history<\/strong><\/a>\u00a0presented by Pekka Nurmi, Chairman of the Board. The Foundation has its roots in the fund established by Finnish coal traders during World War 2 to equalize the price fluctuation of coal and coke.<\/p>\n<p>After the war, the fund continued operating until the year 1949. In 1952, the assets of the fund constituted the basic capital of a new non-profit foundation established to advance the research of natural resources in Finland. According to its Charter, the purpose of the Foundation is to promote and support research and experimental activities related to natural resources. In the early years, the focus was on the use of forest resources but, over the decades, the activities have diversified.<\/p>\n<blockquote><p>Up to date, the Foundation has supported altogether 1,823 research projects in the field of natural resources with grant funding of a total of 35 million euro.<\/p><\/blockquote>\n<p>Today, as stated by Nurmi, the funding provided by the Foundation is primarily targeted to research aimed at finding epochal solutions for a climate-neutral and resource-wise economy. Doctoral and post-doctoral researchers are supported in pursuit of achieving internationally significant scientific breakthroughs. In the next grant application round, the intention is to award a grant to, at least, one doctoral researcher from Ukraine.<\/p>\n<h2>The Foundation\u2019s doctoral thesis award was granted for the second time<\/h2>\n<p>At the seminar, the Foundation presented the doctoral thesis award for the second time in its history. Last year, the 10,000 euro prize for the best doctoral thesis of the year was awarded to Dr.\u00a0<strong>Mamata Bhattarai,<\/strong>\u00a0who earned her PhD from the University of Helsinki.\u00a0This year, the award went to Doctor of Technology<strong>\u00a0Lassi Klemettinen\u00a0<\/strong>from Aalto University. In his thesis entitled\u00a0<em><strong>\u201c<\/strong><a href=\"https:\/\/aaltodoc.aalto.fi\/handle\/123456789\/111282\" target=\"_blank\" rel=\"noopener\"><strong>Behaviour of trace elements in copper smelting processes \u2013 LA-ICP-MS as a tool for sample characterisation<\/strong><\/a>\u201d,<\/em>\u00a0he discussed the optimal use of both virginal and recycled raw materials in flash smelting processes.<\/p>\n<p>\u201cRecycled raw materials are already included in flash smelting processes. Their share will increase in the future\u201d, says Klemettinen. According to the Foundation, the\u00a0<strong><a href=\"https:\/\/www.slts.fi\/en\/doctoral-thesis-award-2021\/\" target=\"_blank\" rel=\"noopener\">award-winning thesis work<\/a><\/strong>\u00a0of Klemettinen advances the utilisation of Finnish mineral reserves and the use of recycled raw materials.<\/p>\n<p>A keynote speaker at the seminar, Simon Michaux from Geological Survey of Finland (GTK) presented highly critical views regarding the sufficiency of mineral resources required by the green transition. According to Michaux, the resources will only suffice for a start.<\/p>\n<p>In general, the atmosphere at the seminar was optimistic. In her address, Johanna Buchert, President and CEO of Natural Resources Institute Finland (Luke), stressed the vital role of biotechnological research to facilitate the more efficient utilisation of the limited natural resources with a focus on more valuable materials.<\/p>\n<h2>Video presentations by young researchers<\/h2>\n<p>The official seminar programme ended with video presentations of six promising young researchers.\u00a0<strong>Ted Nuorivaara, Erfan Kimiaei, Eva-Maria Roth, Markku Pirttij\u00e4rvi, Veronica Bada\u017ekova\u00a0<\/strong>and\u00a0<strong>Pasi Korkalo<\/strong>\u00a0have received grant funding from the Foundation. They described the context of their research in the field, shared their views about the role of the Foundation\u2019s funding for their research projects and also explained how the results of their research will advance the sustainable use of natural resources in Finland.<\/p>\n<p>Three of the researchers are presenting their ongoing studies on the\u00a0<a href=\"https:\/\/www.slts.fi\/en\/researchers-tell\/\" target=\"_blank\" rel=\"noopener\"><strong>Researchers tell<\/strong><\/a>\u00a0-page.\u00a0<strong>Please note<\/strong>\u00a0that only the videos that are in English can be found on the mentioned page. The entire video bundle of six videos can be found on the corresponding\u00a0<a href=\"https:\/\/www.slts.fi\/tutkijat-kertovat\/\" target=\"_blank\" rel=\"noopener\"><strong>Finnish page<\/strong><\/a>.<\/p>\n<p>The event ended with a buffet and joyful social gathering. The venue was beautifully decorated with bouquets of flowers and, at the end of the event, the guests were invited to take a buttonhole flower or one as a gift for a friend.<\/p>\n<p><img loading=\"lazy\" decoding=\"async\" class=\"alignnone  wp-image-278\" src=\"https:\/\/www.slts.fi\/wpc\/uploads\/2024\/11\/SLTS-70-vuotta-250522.jpg\" alt=\"\" width=\"221\" height=\"219\" srcset=\"https:\/\/www.slts.fi\/wpc\/uploads\/2024\/11\/SLTS-70-vuotta-250522.jpg 1021w, https:\/\/www.slts.fi\/wpc\/uploads\/2024\/11\/SLTS-70-vuotta-250522-300x297.jpg 300w, https:\/\/www.slts.fi\/wpc\/uploads\/2024\/11\/SLTS-70-vuotta-250522-150x150.jpg 150w, https:\/\/www.slts.fi\/wpc\/uploads\/2024\/11\/SLTS-70-vuotta-250522-768x760.jpg 768w, https:\/\/www.slts.fi\/wpc\/uploads\/2024\/11\/SLTS-70-vuotta-250522-90x90.jpg 90w\" sizes=\"auto, (max-width: 221px) 100vw, 221px\" \/><\/p>\n<p><em>The Foundation for Research of Natural Resources in Finland was established in 1952 to promote and support research and experimental activities aimed at developing the yield and techno-economic utilization of Finland\u2019s forest and other natural resources.<\/em><\/p>\n<p><em>Up to date, the Foundation has supported altogether 1,823 research projects in the field of natural resources with grant funding of a total of 35 million euro.<\/em><\/p>\n<h2>The seminar to celebrate the Foundation\u2019s 70th anniversary discussed future outlooks and encouraged young researchers<\/h2>\n<p>At the seminar arranged to celebrate the 70th anniversary of the Foundation for Research of Natural Resources in Finland, Associate Research Professor\u00a0<strong>Simon P. Michaux<\/strong>\u00a0from Geological Survey of Finland (GTK) presented critical views concerning the plans to advance the green transition. According to Michaux, the currently known global mineral reserves will not be sufficient at all to supply the metals required for the transition.<\/p>\n<p>In general, the atmosphere at the seminar was optimistic. In her address,\u00a0<strong>Johanna Buchert<\/strong>, President and CEO of Natural Resources Institute Finland (Luke), stressed the vital role of biotechnological research to facilitate the utilisation of the limited natural resources more efficiently and with a focus on more valuable materials.<\/p>\n<p>\u201cHowever, bulk production is also necessary because it serves as the foundation for processing\u201d, Buchert said.<\/p>\n<p>According to Buchert, gene modification and gene editing are key research areas.<\/p>\n<p>\u201cThey will help us improve the disease resistance of forest trees and obtain a larger volume of processed products from a smaller area. We can grow easily digested faba beans and remove harmful compounds from raw materials\u201d, Buchert listed the potential benefits.<\/p>\n<p>The problem is that, in Europe, anything with the word \u2018gene\u2019 in it is more or less unacceptable even though it has nothing to do with gene modification.<\/p>\n<p>\u201cThis attitude holds back research and there is a risk that the rest of the world will progress ahead of us\u201d, Buchert said.<\/p>\n<h2>The decision-makers\u2019 knowledge gap<\/h2>\n<p>According to Buchert, there is a \u2018knowledge gap\u2019 among those who make decisions on funding and regulation.<\/p>\n<p>\u201cAt Luke, we endeavour to fill this gap by providing decision-makers with research synthesis reports, and we hope that other research communities do the same. In addition, we need \u2018patient\u2019 money, which is exactly the type of money that foundations have\u201d, Buchert explains.<\/p>\n<p><strong>Erno J\u00e4rvinen<\/strong>, Head of Forests and Bioenergy in the Ministry of Agriculture and Forestry, would like the foundations in Finland to consider improving the division of work when it comes to the funding of the research of natural resources.<\/p>\n<p>Finally, Buchert discussed the new materials that can be developed from, for example, cellulose and proteins by using biotechnological methods. \u201cMany fear that this type of cellular agriculture might override the traditional agriculture, but that will not happen. Cellular agriculture also needs raw materials, and someone must grow them\u201d, Buchert explained.<\/p>\n<h2>Demand for electricity will grow exponentially<\/h2>\n<p>Associate Research Professor Simon P. Michaux presented a research carried out at Geological Survey of Finland (GTK) to determine how much minerals and mining industry would be required to transition away from fossil fuels. Based on energy consumption data from 2018, the researchers calculated the size of existing transport network and estimated what the change-over to electric or hydrogen-fuelled means of transport would require from vehicles, power plants, mining industry and electric network.<\/p>\n<p>The outcome was stunning. The demand for energy and electricity, in particular, will grow exponentially.<\/p>\n<p>While there are almost 46,500 power plants in the world today, a total of 220,000 new ones would need to be built. The figures include water, solar, wind, bio and nuclear power plants, and the assumption was that as many new plants as possible will be constructed.<\/p>\n<p>The required additional capacity of electricity production would amount to nearly 38,000 terawatt-hours per year, of which 70 percent would be wind power and the rest solar power.<\/p>\n<p>In addition, to manage interruptions in electricity production due to the fluctuation in wind and solar power, extra capacity of over 3,100 terawatt-hours would have to be constructed.<\/p>\n<p><img loading=\"lazy\" decoding=\"async\" class=\"alignnone size-full wp-image-385\" src=\"https:\/\/www.slts.fi\/wpc\/uploads\/2024\/11\/Simon-P.Michaux-seminaarissa-1-scaled.jpeg\" alt=\"\" width=\"2560\" height=\"1920\" srcset=\"https:\/\/www.slts.fi\/wpc\/uploads\/2024\/11\/Simon-P.Michaux-seminaarissa-1-scaled.jpeg 2560w, https:\/\/www.slts.fi\/wpc\/uploads\/2024\/11\/Simon-P.Michaux-seminaarissa-1-300x225.jpeg 300w, https:\/\/www.slts.fi\/wpc\/uploads\/2024\/11\/Simon-P.Michaux-seminaarissa-1-1024x768.jpeg 1024w, https:\/\/www.slts.fi\/wpc\/uploads\/2024\/11\/Simon-P.Michaux-seminaarissa-1-768x576.jpeg 768w, https:\/\/www.slts.fi\/wpc\/uploads\/2024\/11\/Simon-P.Michaux-seminaarissa-1-1536x1152.jpeg 1536w, https:\/\/www.slts.fi\/wpc\/uploads\/2024\/11\/Simon-P.Michaux-seminaarissa-1-2048x1536.jpeg 2048w, https:\/\/www.slts.fi\/wpc\/uploads\/2024\/11\/Simon-P.Michaux-seminaarissa-1-600x450.jpeg 600w, https:\/\/www.slts.fi\/wpc\/uploads\/2024\/11\/Simon-P.Michaux-seminaarissa-1-90x68.jpeg 90w\" sizes=\"auto, (max-width: 2560px) 100vw, 2560px\" \/><\/p>\n<p><em>Simon P. Michaux on \u201dMinerals and mining required to phase out fossil fuels\u201d<\/em><\/p>\n<h2>It is not easy to open new mines in Europe<\/h2>\n<p>The calculated infrastructure and fleet call for minerals globally. For example, about six times more minerals are needed to manufacture an electric vehicle as compared to a traditional combustion engine car.<\/p>\n<p>A known mineral deposit will necessarily not be exploited at all. For example, the mineral content of the deposit may be too low for profitable exploitation.<\/p>\n<p>\u201cIn Europe, as a result of the pressure exerted by citizen movements, many countries have given up the \u2018dirty\u2019 mining industry, presuming that it can be carried out elsewhere. A good example is a two-billion-euro lithium mine project in Serbia\u201d, explained Jarkko Vesa, Senior Specialist in the Ministry of Economic Affairs and Employment.<\/p>\n<p>On the other hand, ore processing methods have advanced so that extracting minerals from the mining wall rock and tailings of former mines might be possible and profitable. According to Vesa, even this type of exploitation of materials may be disapproved by citizens.<\/p>\n<p>Michaux says that, for every thousand deposits discovered, only one or two mines are opened. If a mine is opened, it typically takes 20 years until commercial production. Also, due to their poor profitability, two or three out of ten mines in production will be closed prematurely before they actually dry out.<\/p>\n<h2>The rise of mineral prices cannot be avoided<\/h2>\n<p>According to Michaux, the challenges related to the green transition have been seriously underestimated. Maximal utilisation of nuclear power would be vital. Biofuels may be a feasible solution as airplane fuel and to manufacture plastics, but they will not be sufficient to completely phase out fossil raw materials. Alternatives should be found for lithium as battery raw material.<\/p>\n<p>\u201cWhatever we do, there will be a severe lack of minerals, and as a result, the prices of all metals will rise. This, again, will lead to the renaissance of the exploration of mines and mineral research\u201d, says Michaux.<\/p>\n<p>According to Vesa, the European Union has already woken up to in this matter. \u201cMeasures have been taken to alleviate the regulations concerning production plant permits and to clarify the role of critical raw materials\u201d, said Vesa.<\/p>\n<blockquote><p>Table: <strong>The ratio of mineral quantities required for green transition and the known mineral deposits.<\/strong><\/p>\n<p>Copper 7.7<br \/>\nNickel 14.4<br \/>\nLithium 66.0<br \/>\nCobalt 44.9<br \/>\nGraphite 41.3<br \/>\nSilver 6.5<\/p><\/blockquote>\n<p>The figures show, for each mineral, the ratio of the quantity required to phase out fossil fuel and the size of the known deposits. For example, the demand for copper is 7.7 times the global reserves known in 2019.<\/p>\n<p>Source: Simon P. Michaux, Minerals and mining required to phase out fossil fuels, a seminar presentation, 19 May 2022<\/p>\n<p><em>The article of the seminar is written by reporter Hannes M\u00e4ntyranta.<\/em><\/p>\n<p>One of the main speakers at the seminar was Associate Research Professor\u00a0<strong>Simon P. Michaux<\/strong>\u00a0from Geological Survey of Finland (GTK). In his presentation he\u00a0 presented critical views concerning the plans to advance the green transition. Please view the presentation of Professor Michaux here below.<\/p>\n<p>The videos of the two other main speakers\u00a0<strong>Johanna Buchert<\/strong>\u00a0and\u00a0<strong>Erno M\u00e4kinen<\/strong>\u00a0can be found on the corresponding\u00a0<a href=\"https:\/\/www.slts.fi\/slts-70\/\" target=\"_blank\" rel=\"noopener\"><strong>Finnish<\/strong>\u00a0<strong>page<\/strong><\/a>. The videos are in Finnish.<\/p>\n<h3>\u201dMinerals and mining required to phase out fossil fuels\u201d<\/h3>\n<div class=\"shortcode--youtube iframe-16-9\"><iframe src=\"https:\/\/www.youtube.com\/embed\/hQSb41focMo\" frameborder=\"0\" allow=\"accelerometer; autoplay; encrypted-media; gyroscope; picture-in-picture\" allowfullscreen><\/iframe><\/div>\n<p>Associate Research Professor Simon P. Michaux from Geological Survey of Finland (GTK) presented critical views concerning the plans to advance the green transition<\/p>\n","protected":false},"excerpt":{"rendered":"<p>The Foundation for Research of Natural Resources in Finland celebrates its 70th anniversary Bio-economy, minerals and natural resources are currently topical issues. Bio-economy is included&#8230;<\/p>\n","protected":false},"author":1,"featured_media":0,"parent":0,"menu_order":0,"comment_status":"closed","ping_status":"closed","template":"page-templates\/lander.php","meta":{"footnotes":""},"class_list":["post-609","page","type-page","status-publish","hentry"],"yoast_head":"<!-- This site is optimized with the Yoast SEO plugin v27.2 - https:\/\/yoast.com\/product\/yoast-seo-wordpress\/ -->\n<title>70 years - Suomen Luonnonvarain Tutkimuss\u00e4\u00e4ti\u00f6<\/title>\n<meta name=\"robots\" content=\"index, follow, max-snippet:-1, max-image-preview:large, max-video-preview:-1\" \/>\n<link rel=\"canonical\" href=\"https:\/\/www.slts.fi\/en\/70-years\/\" \/>\n<meta property=\"og:locale\" content=\"en_US\" \/>\n<meta property=\"og:type\" content=\"article\" \/>\n<meta property=\"og:title\" content=\"70 years - Suomen Luonnonvarain Tutkimuss\u00e4\u00e4ti\u00f6\" \/>\n<meta property=\"og:description\" content=\"The Foundation for Research of Natural Resources in Finland celebrates its 70th anniversary Bio-economy, minerals and natural resources are currently topical issues. Bio-economy is included...\" \/>\n<meta property=\"og:url\" content=\"https:\/\/www.slts.fi\/en\/70-years\/\" \/>\n<meta property=\"og:site_name\" content=\"Suomen Luonnonvarain Tutkimuss\u00e4\u00e4ti\u00f6\" \/>\n<meta property=\"article:modified_time\" content=\"2024-11-22T13:06:23+00:00\" \/>\n<meta property=\"og:image\" content=\"https:\/\/www.slts.fi\/wpc\/uploads\/2024\/11\/Seminaarista-2-scaled.jpeg\" \/>\n\t<meta property=\"og:image:width\" content=\"2560\" \/>\n\t<meta property=\"og:image:height\" content=\"1920\" \/>\n\t<meta property=\"og:image:type\" content=\"image\/jpeg\" \/>\n<meta name=\"twitter:card\" content=\"summary_large_image\" \/>\n<meta name=\"twitter:label1\" content=\"Est. reading time\" \/>\n\t<meta name=\"twitter:data1\" content=\"13 minutes\" \/>\n<script type=\"application\/ld+json\" class=\"yoast-schema-graph\">{\"@context\":\"https:\/\/schema.org\",\"@graph\":[{\"@type\":\"WebPage\",\"@id\":\"https:\/\/www.slts.fi\/en\/70-years\/\",\"url\":\"https:\/\/www.slts.fi\/en\/70-years\/\",\"name\":\"70 years - Suomen Luonnonvarain Tutkimuss\u00e4\u00e4ti\u00f6\",\"isPartOf\":{\"@id\":\"https:\/\/www.slts.fi\/en\/#website\"},\"primaryImageOfPage\":{\"@id\":\"https:\/\/www.slts.fi\/en\/70-years\/#primaryimage\"},\"image\":{\"@id\":\"https:\/\/www.slts.fi\/en\/70-years\/#primaryimage\"},\"thumbnailUrl\":\"https:\/\/www.slts.fi\/wpc\/uploads\/2024\/11\/Seminaarista-2-scaled.jpeg\",\"datePublished\":\"2024-11-01T10:06:05+00:00\",\"dateModified\":\"2024-11-22T13:06:23+00:00\",\"breadcrumb\":{\"@id\":\"https:\/\/www.slts.fi\/en\/70-years\/#breadcrumb\"},\"inLanguage\":\"en-US\",\"potentialAction\":[{\"@type\":\"ReadAction\",\"target\":[\"https:\/\/www.slts.fi\/en\/70-years\/\"]}]},{\"@type\":\"ImageObject\",\"inLanguage\":\"en-US\",\"@id\":\"https:\/\/www.slts.fi\/en\/70-years\/#primaryimage\",\"url\":\"https:\/\/www.slts.fi\/wpc\/uploads\/2024\/11\/Seminaarista-2-scaled.jpeg\",\"contentUrl\":\"https:\/\/www.slts.fi\/wpc\/uploads\/2024\/11\/Seminaarista-2-scaled.jpeg\"},{\"@type\":\"BreadcrumbList\",\"@id\":\"https:\/\/www.slts.fi\/en\/70-years\/#breadcrumb\",\"itemListElement\":[{\"@type\":\"ListItem\",\"position\":1,\"name\":\"Etusivu\",\"item\":\"https:\/\/www.slts.fi\/en\/\"},{\"@type\":\"ListItem\",\"position\":2,\"name\":\"70 years\"}]},{\"@type\":\"WebSite\",\"@id\":\"https:\/\/www.slts.fi\/en\/#website\",\"url\":\"https:\/\/www.slts.fi\/en\/\",\"name\":\"Suomen Luonnonvarain Tutkimuss\u00e4\u00e4ti\u00f6\",\"description\":\"Kest\u00e4vi\u00e4 ratkaisuja luonnonvarojen tutkimuksella\",\"publisher\":{\"@id\":\"https:\/\/www.slts.fi\/en\/#organization\"},\"alternateName\":\"SLTS\",\"potentialAction\":[{\"@type\":\"SearchAction\",\"target\":{\"@type\":\"EntryPoint\",\"urlTemplate\":\"https:\/\/www.slts.fi\/en\/?s={search_term_string}\"},\"query-input\":{\"@type\":\"PropertyValueSpecification\",\"valueRequired\":true,\"valueName\":\"search_term_string\"}}],\"inLanguage\":\"en-US\"},{\"@type\":\"Organization\",\"@id\":\"https:\/\/www.slts.fi\/en\/#organization\",\"name\":\"Suomen Luonnonvarain Tutkimusss\u00e4\u00e4ti\u00f6\",\"alternateName\":\"SLTS\",\"url\":\"https:\/\/www.slts.fi\/en\/\",\"logo\":{\"@type\":\"ImageObject\",\"inLanguage\":\"en-US\",\"@id\":\"https:\/\/www.slts.fi\/en\/#\/schema\/logo\/image\/\",\"url\":\"https:\/\/www.slts.fi\/wpc\/uploads\/2024\/11\/logo-slts-fin.png\",\"contentUrl\":\"https:\/\/www.slts.fi\/wpc\/uploads\/2024\/11\/logo-slts-fin.png\",\"width\":436,\"height\":173,\"caption\":\"Suomen Luonnonvarain Tutkimusss\u00e4\u00e4ti\u00f6\"},\"image\":{\"@id\":\"https:\/\/www.slts.fi\/en\/#\/schema\/logo\/image\/\"}}]}<\/script>\n<!-- \/ Yoast SEO plugin. -->","yoast_head_json":{"title":"70 years - Suomen Luonnonvarain Tutkimuss\u00e4\u00e4ti\u00f6","robots":{"index":"index","follow":"follow","max-snippet":"max-snippet:-1","max-image-preview":"max-image-preview:large","max-video-preview":"max-video-preview:-1"},"canonical":"https:\/\/www.slts.fi\/en\/70-years\/","og_locale":"en_US","og_type":"article","og_title":"70 years - Suomen Luonnonvarain Tutkimuss\u00e4\u00e4ti\u00f6","og_description":"The Foundation for Research of Natural Resources in Finland celebrates its 70th anniversary Bio-economy, minerals and natural resources are currently topical issues. Bio-economy is included...","og_url":"https:\/\/www.slts.fi\/en\/70-years\/","og_site_name":"Suomen Luonnonvarain Tutkimuss\u00e4\u00e4ti\u00f6","article_modified_time":"2024-11-22T13:06:23+00:00","og_image":[{"width":2560,"height":1920,"url":"https:\/\/www.slts.fi\/wpc\/uploads\/2024\/11\/Seminaarista-2-scaled.jpeg","type":"image\/jpeg"}],"twitter_card":"summary_large_image","twitter_misc":{"Est. reading time":"13 minutes"},"schema":{"@context":"https:\/\/schema.org","@graph":[{"@type":"WebPage","@id":"https:\/\/www.slts.fi\/en\/70-years\/","url":"https:\/\/www.slts.fi\/en\/70-years\/","name":"70 years - Suomen Luonnonvarain Tutkimuss\u00e4\u00e4ti\u00f6","isPartOf":{"@id":"https:\/\/www.slts.fi\/en\/#website"},"primaryImageOfPage":{"@id":"https:\/\/www.slts.fi\/en\/70-years\/#primaryimage"},"image":{"@id":"https:\/\/www.slts.fi\/en\/70-years\/#primaryimage"},"thumbnailUrl":"https:\/\/www.slts.fi\/wpc\/uploads\/2024\/11\/Seminaarista-2-scaled.jpeg","datePublished":"2024-11-01T10:06:05+00:00","dateModified":"2024-11-22T13:06:23+00:00","breadcrumb":{"@id":"https:\/\/www.slts.fi\/en\/70-years\/#breadcrumb"},"inLanguage":"en-US","potentialAction":[{"@type":"ReadAction","target":["https:\/\/www.slts.fi\/en\/70-years\/"]}]},{"@type":"ImageObject","inLanguage":"en-US","@id":"https:\/\/www.slts.fi\/en\/70-years\/#primaryimage","url":"https:\/\/www.slts.fi\/wpc\/uploads\/2024\/11\/Seminaarista-2-scaled.jpeg","contentUrl":"https:\/\/www.slts.fi\/wpc\/uploads\/2024\/11\/Seminaarista-2-scaled.jpeg"},{"@type":"BreadcrumbList","@id":"https:\/\/www.slts.fi\/en\/70-years\/#breadcrumb","itemListElement":[{"@type":"ListItem","position":1,"name":"Etusivu","item":"https:\/\/www.slts.fi\/en\/"},{"@type":"ListItem","position":2,"name":"70 years"}]},{"@type":"WebSite","@id":"https:\/\/www.slts.fi\/en\/#website","url":"https:\/\/www.slts.fi\/en\/","name":"Suomen Luonnonvarain Tutkimuss\u00e4\u00e4ti\u00f6","description":"Kest\u00e4vi\u00e4 ratkaisuja luonnonvarojen tutkimuksella","publisher":{"@id":"https:\/\/www.slts.fi\/en\/#organization"},"alternateName":"SLTS","potentialAction":[{"@type":"SearchAction","target":{"@type":"EntryPoint","urlTemplate":"https:\/\/www.slts.fi\/en\/?s={search_term_string}"},"query-input":{"@type":"PropertyValueSpecification","valueRequired":true,"valueName":"search_term_string"}}],"inLanguage":"en-US"},{"@type":"Organization","@id":"https:\/\/www.slts.fi\/en\/#organization","name":"Suomen Luonnonvarain Tutkimusss\u00e4\u00e4ti\u00f6","alternateName":"SLTS","url":"https:\/\/www.slts.fi\/en\/","logo":{"@type":"ImageObject","inLanguage":"en-US","@id":"https:\/\/www.slts.fi\/en\/#\/schema\/logo\/image\/","url":"https:\/\/www.slts.fi\/wpc\/uploads\/2024\/11\/logo-slts-fin.png","contentUrl":"https:\/\/www.slts.fi\/wpc\/uploads\/2024\/11\/logo-slts-fin.png","width":436,"height":173,"caption":"Suomen Luonnonvarain Tutkimusss\u00e4\u00e4ti\u00f6"},"image":{"@id":"https:\/\/www.slts.fi\/en\/#\/schema\/logo\/image\/"}}]}},"_links":{"self":[{"href":"https:\/\/www.slts.fi\/en\/wp-json\/wp\/v2\/pages\/609","targetHints":{"allow":["GET"]}}],"collection":[{"href":"https:\/\/www.slts.fi\/en\/wp-json\/wp\/v2\/pages"}],"about":[{"href":"https:\/\/www.slts.fi\/en\/wp-json\/wp\/v2\/types\/page"}],"author":[{"embeddable":true,"href":"https:\/\/www.slts.fi\/en\/wp-json\/wp\/v2\/users\/1"}],"replies":[{"embeddable":true,"href":"https:\/\/www.slts.fi\/en\/wp-json\/wp\/v2\/comments?post=609"}],"version-history":[{"count":0,"href":"https:\/\/www.slts.fi\/en\/wp-json\/wp\/v2\/pages\/609\/revisions"}],"wp:attachment":[{"href":"https:\/\/www.slts.fi\/en\/wp-json\/wp\/v2\/media?parent=609"}],"curies":[{"name":"wp","href":"https:\/\/api.w.org\/{rel}","templated":true}]}}