{"id":605,"date":"2024-11-15T11:54:59","date_gmt":"2024-11-15T09:54:59","guid":{"rendered":"https:\/\/www.slts.fi\/about-us\/taustayhteisot\/"},"modified":"2024-11-22T14:25:25","modified_gmt":"2024-11-22T12:25:25","slug":"background-communities","status":"publish","type":"page","link":"https:\/\/www.slts.fi\/en\/about-us\/background-communities\/","title":{"rendered":"Background communities"},"content":{"rendered":"<div class=\"partners-shortcode-container  card-type-large\"><div class=\"partners-grid grid columns-4\"><div class=\"partner-card text-center flex flex-middle flex-center\" tabindex=\"0\" style=\"\"><div class=\"image-container flex flex-middle flex-center\"><img decoding=\"async\" src=\"https:\/\/www.slts.fi\/wpc\/uploads\/2024\/11\/Suomen-metsatieteellinen-seura.jpg\" alt=\"The Finnish Society of Forest Science\" title=\"The Finnish Society of Forest Science\"><\/div><div class=\"content-show-hover-absolute flex flex-middle flex-center\"><div class=\"absolute-middle\"><div class=\"image-container flex flex-middle flex-center\"><a href=\"https:\/\/metsatiede.org\/en\/frontpage\/\" target=\"_blank\" rel=\"noopener nofollow\"><img decoding=\"async\" src=\"https:\/\/www.slts.fi\/wpc\/uploads\/2024\/11\/Suomen-metsatieteellinen-seura.jpg\" alt=\"The Finnish Society of Forest Science\" title=\"The Finnish Society of Forest Science\"><\/a><\/div><div class=\"partner-card-large-content\"><p>The Finnish Society of Forest Science<\/p>\n<\/div><\/div><\/div><\/div><div class=\"partner-card text-center flex flex-middle flex-center\" tabindex=\"0\" style=\"\"><div class=\"image-container flex flex-middle flex-center\"><img decoding=\"async\" src=\"https:\/\/www.slts.fi\/wpc\/uploads\/2024\/11\/Vuorimiesyhdistys-002.jpg\" alt=\"Vuorimiesyhdistys  \u2013  Bergsmannaf\u00f6reningen ry\" title=\"Vuorimiesyhdistys  \u2013  Bergsmannaf\u00f6reningen ry\"><\/div><div class=\"content-show-hover-absolute flex flex-middle flex-center\"><div class=\"absolute-middle\"><div class=\"image-container flex flex-middle flex-center\"><a href=\"https:\/\/vuorimiesyhdistys.fi\/\" target=\"_blank\" rel=\"noopener nofollow\"><img decoding=\"async\" src=\"https:\/\/www.slts.fi\/wpc\/uploads\/2024\/11\/Vuorimiesyhdistys-002.jpg\" alt=\"Vuorimiesyhdistys  \u2013  Bergsmannaf\u00f6reningen ry\" title=\"Vuorimiesyhdistys  \u2013  Bergsmannaf\u00f6reningen ry\"><\/a><\/div><div class=\"partner-card-large-content\"><p>Vuorimies\u00adyhdistys \u2013 Bergsmanna\u00adf\u00f6reningen ry<\/p>\n<\/div><\/div><\/div><\/div><div class=\"partner-card text-center flex flex-middle flex-center\" tabindex=\"0\" style=\"\"><div class=\"image-container flex flex-middle flex-center\"><img decoding=\"async\" src=\"https:\/\/www.slts.fi\/wpc\/uploads\/2024\/11\/TAPIO_-logo-002.jpg\" alt=\"TAPIO \u2013 ForestWise\" title=\"TAPIO \u2013 ForestWise\"><\/div><div class=\"content-show-hover-absolute flex flex-middle flex-center\"><div class=\"absolute-middle\"><div class=\"image-container flex flex-middle flex-center\"><a href=\"https:\/\/tapio.fi\/briefly-in-english\/\" target=\"_blank\" rel=\"noopener nofollow\"><img decoding=\"async\" src=\"https:\/\/www.slts.fi\/wpc\/uploads\/2024\/11\/TAPIO_-logo-002.jpg\" alt=\"TAPIO \u2013 ForestWise\" title=\"TAPIO \u2013 ForestWise\"><\/a><\/div><div class=\"partner-card-large-content\"><p>TAPIO \u2013 ForestWise<\/p>\n<\/div><\/div><\/div><\/div><div class=\"partner-card text-center flex flex-middle flex-center\" tabindex=\"0\" style=\"\"><div class=\"image-container flex flex-middle flex-center\"><img decoding=\"async\" src=\"https:\/\/www.slts.fi\/wpc\/uploads\/2024\/11\/MTK_LA01_perus_____V___-kopio-002.jpg\" alt=\"The Central Union of Agricultural Producers and Forest Owners (MTK)\" title=\"The Central Union of Agricultural Producers and Forest Owners (MTK)\"><\/div><div class=\"content-show-hover-absolute flex flex-middle flex-center\"><div class=\"absolute-middle\"><div class=\"image-container flex flex-middle flex-center\"><a href=\"https:\/\/www.mtk.fi\/fi\/web\/en\" target=\"_blank\" rel=\"noopener nofollow\"><img decoding=\"async\" src=\"https:\/\/www.slts.fi\/wpc\/uploads\/2024\/11\/MTK_LA01_perus_____V___-kopio-002.jpg\" alt=\"The Central Union of Agricultural Producers and Forest Owners (MTK)\" title=\"The Central Union of Agricultural Producers and Forest Owners (MTK)\"><\/a><\/div><div class=\"partner-card-large-content\"><p>The Central Union of Agricultural Producers and Forest Owners (MTK)<\/p>\n<\/div><\/div><\/div><\/div><div class=\"partner-card text-center flex flex-middle flex-center\" tabindex=\"0\" style=\"\"><div class=\"image-container flex flex-middle flex-center\"><img decoding=\"async\" src=\"https:\/\/www.slts.fi\/wpc\/uploads\/2024\/11\/Finnish-forest-industry-1.jpg\" alt=\"Finnish Forest Industries\" title=\"Finnish Forest Industries\"><\/div><div class=\"content-show-hover-absolute flex flex-middle flex-center\"><div class=\"absolute-middle\"><div class=\"image-container flex flex-middle flex-center\"><a href=\"https:\/\/www.metsateollisuus.fi\/en\/home\" target=\"_blank\" rel=\"noopener nofollow\"><img decoding=\"async\" src=\"https:\/\/www.slts.fi\/wpc\/uploads\/2024\/11\/Finnish-forest-industry-1.jpg\" alt=\"Finnish Forest Industries\" title=\"Finnish Forest Industries\"><\/a><\/div><div class=\"partner-card-large-content\"><p>Finnish Forest Industries<\/p>\n<\/div><\/div><\/div><\/div><div class=\"partner-card text-center flex flex-middle flex-center\" tabindex=\"0\" style=\"\"><div class=\"image-container flex flex-middle flex-center\"><img decoding=\"async\" src=\"https:\/\/www.slts.fi\/wpc\/uploads\/2024\/11\/EK-engl.jpg\" alt=\"Confederation of Finnish Industries (EK)\" title=\"Confederation of Finnish Industries (EK)\"><\/div><div class=\"content-show-hover-absolute flex flex-middle flex-center\"><div class=\"absolute-middle\"><div class=\"image-container flex flex-middle flex-center\"><a href=\"https:\/\/ek.fi\/en\/\" target=\"_blank\" rel=\"noopener nofollow\"><img decoding=\"async\" src=\"https:\/\/www.slts.fi\/wpc\/uploads\/2024\/11\/EK-engl.jpg\" alt=\"Confederation of Finnish Industries (EK)\" title=\"Confederation of Finnish Industries (EK)\"><\/a><\/div><div class=\"partner-card-large-content\"><p>Confederation of Finnish Industries (EK)<\/p>\n<\/div><\/div><\/div><\/div><div class=\"partner-card text-center flex flex-middle flex-center\" tabindex=\"0\" style=\"\"><div class=\"image-container flex flex-middle flex-center\"><img decoding=\"async\" src=\"https:\/\/www.slts.fi\/wpc\/uploads\/2024\/11\/Bioenergia-RGB-3-1-002.jpg\" alt=\"The Bioenergy Association of Finland\" title=\"The Bioenergy Association of Finland\"><\/div><div class=\"content-show-hover-absolute flex flex-middle flex-center\"><div class=\"absolute-middle\"><div class=\"image-container flex flex-middle flex-center\"><a href=\"https:\/\/www.bioenergia.fi\/en\/\" target=\"_blank\" rel=\"noopener nofollow\"><img decoding=\"async\" src=\"https:\/\/www.slts.fi\/wpc\/uploads\/2024\/11\/Bioenergia-RGB-3-1-002.jpg\" alt=\"The Bioenergy Association of Finland\" title=\"The Bioenergy Association of Finland\"><\/a><\/div><div class=\"partner-card-large-content\"><p>The Bioenergy Association of Finland<\/p>\n<\/div><\/div><\/div><\/div><div class=\"partner-card text-center flex flex-middle flex-center\" tabindex=\"0\" style=\"\"><div class=\"image-container flex flex-middle flex-center\"><img decoding=\"async\" src=\"https:\/\/www.slts.fi\/wpc\/uploads\/2024\/11\/Helsingin-yliopisto.jpg\" alt=\"University of Helsinki\" title=\"University of Helsinki\"><\/div><div class=\"content-show-hover-absolute flex flex-middle flex-center\"><div class=\"absolute-middle\"><div class=\"image-container flex flex-middle flex-center\"><a href=\"https:\/\/www.helsinki.fi\/en\" target=\"_blank\" rel=\"noopener nofollow\"><img decoding=\"async\" src=\"https:\/\/www.slts.fi\/wpc\/uploads\/2024\/11\/Helsingin-yliopisto.jpg\" alt=\"University of Helsinki\" title=\"University of Helsinki\"><\/a><\/div><div class=\"partner-card-large-content\"><p>University of Helsinki<\/p>\n<\/div><\/div><\/div><\/div><div class=\"partner-card text-center flex flex-middle flex-center\" tabindex=\"0\" style=\"\"><div class=\"image-container flex flex-middle flex-center\"><img decoding=\"async\" src=\"https:\/\/www.slts.fi\/wpc\/uploads\/2024\/11\/Aalto_FI-SE-EN_13_BLACK_1_Original-002.jpg\" alt=\"Aalto University\" title=\"Aalto University\"><\/div><div class=\"content-show-hover-absolute flex flex-middle flex-center\"><div class=\"absolute-middle\"><div class=\"image-container flex flex-middle flex-center\"><a href=\"https:\/\/www.aalto.fi\/en\" target=\"_blank\" rel=\"noopener nofollow\"><img decoding=\"async\" src=\"https:\/\/www.slts.fi\/wpc\/uploads\/2024\/11\/Aalto_FI-SE-EN_13_BLACK_1_Original-002.jpg\" alt=\"Aalto University\" title=\"Aalto University\"><\/a><\/div><div class=\"partner-card-large-content\"><p>Aalto University<\/p>\n<\/div><\/div><\/div><\/div><div class=\"partner-card text-center flex flex-middle flex-center\" tabindex=\"0\" style=\"\"><div class=\"image-container flex flex-middle flex-center\"><img decoding=\"async\" src=\"https:\/\/www.slts.fi\/wpc\/uploads\/2024\/11\/Luke_EN.jpg\" alt=\"Natural Resources Institute Finland\" title=\"Natural Resources Institute Finland\"><\/div><div class=\"content-show-hover-absolute flex flex-middle flex-center\"><div class=\"absolute-middle\"><div class=\"image-container flex flex-middle flex-center\"><a href=\"https:\/\/www.luke.fi\/en\/\" target=\"_blank\" rel=\"noopener nofollow\"><img decoding=\"async\" src=\"https:\/\/www.slts.fi\/wpc\/uploads\/2024\/11\/Luke_EN.jpg\" alt=\"Natural Resources Institute Finland\" title=\"Natural Resources Institute Finland\"><\/a><\/div><div class=\"partner-card-large-content\"><p>Natural Resources Institute Finland<\/p>\n<\/div><\/div><\/div><\/div><div class=\"partner-card text-center flex flex-middle flex-center\" tabindex=\"0\" style=\"\"><div class=\"image-container flex flex-middle flex-center\"><img decoding=\"async\" src=\"https:\/\/www.slts.fi\/wpc\/uploads\/2024\/11\/VTT.jpg\" alt=\"VTT Technical Research Centre of Finland\" title=\"VTT Technical Research Centre of Finland\"><\/div><div class=\"content-show-hover-absolute flex flex-middle flex-center\"><div class=\"absolute-middle\"><div class=\"image-container flex flex-middle flex-center\"><a href=\"https:\/\/www.vttresearch.com\/en\" target=\"_blank\" rel=\"noopener nofollow\"><img decoding=\"async\" src=\"https:\/\/www.slts.fi\/wpc\/uploads\/2024\/11\/VTT.jpg\" alt=\"VTT Technical Research Centre of Finland\" title=\"VTT Technical Research Centre of Finland\"><\/a><\/div><div class=\"partner-card-large-content\"><p>VTT Technical Research Centre of Finland<\/p>\n<\/div><\/div><\/div><\/div><\/div><\/div>\n","protected":false},"excerpt":{"rendered":"","protected":false},"author":1,"featured_media":0,"parent":597,"menu_order":0,"comment_status":"closed","ping_status":"closed","template":"page-templates\/lander.php","meta":{"footnotes":""},"class_list":["post-605","page","type-page","status-publish","hentry"],"yoast_head":"<!-- This site is optimized with the Yoast SEO plugin v27.5 - https:\/\/yoast.com\/product\/yoast-seo-wordpress\/ -->\n<title>Background communities - Suomen Luonnonvarain Tutkimuss\u00e4\u00e4ti\u00f6<\/title>\n<meta name=\"robots\" content=\"index, follow, max-snippet:-1, max-image-preview:large, max-video-preview:-1\" \/>\n<link rel=\"canonical\" href=\"https:\/\/www.slts.fi\/en\/about-us\/background-communities\/\" \/>\n<meta property=\"og:locale\" content=\"en_US\" \/>\n<meta property=\"og:type\" content=\"article\" \/>\n<meta property=\"og:title\" content=\"Background communities - Suomen Luonnonvarain Tutkimuss\u00e4\u00e4ti\u00f6\" \/>\n<meta property=\"og:url\" content=\"https:\/\/www.slts.fi\/en\/about-us\/background-communities\/\" \/>\n<meta property=\"og:site_name\" content=\"Suomen Luonnonvarain Tutkimuss\u00e4\u00e4ti\u00f6\" \/>\n<meta property=\"article:modified_time\" content=\"2024-11-22T12:25:25+00:00\" \/>\n<meta property=\"og:image\" content=\"https:\/\/www.slts.fi\/wpc\/uploads\/2024\/12\/Some-FB-1200x630px.png\" \/>\n\t<meta property=\"og:image:width\" content=\"1200\" \/>\n\t<meta property=\"og:image:height\" content=\"630\" \/>\n\t<meta property=\"og:image:type\" content=\"image\/png\" \/>\n<meta name=\"twitter:card\" content=\"summary_large_image\" \/>\n<meta name=\"twitter:label1\" content=\"Est. reading time\" \/>\n\t<meta name=\"twitter:data1\" content=\"1 minute\" \/>\n<script type=\"application\/ld+json\" class=\"yoast-schema-graph\">{\"@context\":\"https:\\\/\\\/schema.org\",\"@graph\":[{\"@type\":\"WebPage\",\"@id\":\"https:\\\/\\\/www.slts.fi\\\/en\\\/about-us\\\/background-communities\\\/\",\"url\":\"https:\\\/\\\/www.slts.fi\\\/en\\\/about-us\\\/background-communities\\\/\",\"name\":\"Background communities - Suomen Luonnonvarain Tutkimuss\u00e4\u00e4ti\u00f6\",\"isPartOf\":{\"@id\":\"https:\\\/\\\/www.slts.fi\\\/en\\\/#website\"},\"datePublished\":\"2024-11-15T09:54:59+00:00\",\"dateModified\":\"2024-11-22T12:25:25+00:00\",\"breadcrumb\":{\"@id\":\"https:\\\/\\\/www.slts.fi\\\/en\\\/about-us\\\/background-communities\\\/#breadcrumb\"},\"inLanguage\":\"en-US\",\"potentialAction\":[{\"@type\":\"ReadAction\",\"target\":[\"https:\\\/\\\/www.slts.fi\\\/en\\\/about-us\\\/background-communities\\\/\"]}]},{\"@type\":\"BreadcrumbList\",\"@id\":\"https:\\\/\\\/www.slts.fi\\\/en\\\/about-us\\\/background-communities\\\/#breadcrumb\",\"itemListElement\":[{\"@type\":\"ListItem\",\"position\":1,\"name\":\"Etusivu\",\"item\":\"https:\\\/\\\/www.slts.fi\\\/en\\\/\"},{\"@type\":\"ListItem\",\"position\":2,\"name\":\"About us\",\"item\":\"https:\\\/\\\/www.slts.fi\\\/en\\\/about-us\\\/\"},{\"@type\":\"ListItem\",\"position\":3,\"name\":\"Background communities\"}]},{\"@type\":\"WebSite\",\"@id\":\"https:\\\/\\\/www.slts.fi\\\/en\\\/#website\",\"url\":\"https:\\\/\\\/www.slts.fi\\\/en\\\/\",\"name\":\"Suomen Luonnonvarain Tutkimuss\u00e4\u00e4ti\u00f6\",\"description\":\"Kest\u00e4vi\u00e4 ratkaisuja luonnonvarojen tutkimuksella\",\"publisher\":{\"@id\":\"https:\\\/\\\/www.slts.fi\\\/en\\\/#organization\"},\"alternateName\":\"SLTS\",\"potentialAction\":[{\"@type\":\"SearchAction\",\"target\":{\"@type\":\"EntryPoint\",\"urlTemplate\":\"https:\\\/\\\/www.slts.fi\\\/en\\\/?s={search_term_string}\"},\"query-input\":{\"@type\":\"PropertyValueSpecification\",\"valueRequired\":true,\"valueName\":\"search_term_string\"}}],\"inLanguage\":\"en-US\"},{\"@type\":\"Organization\",\"@id\":\"https:\\\/\\\/www.slts.fi\\\/en\\\/#organization\",\"name\":\"Suomen Luonnonvarain Tutkimusss\u00e4\u00e4ti\u00f6\",\"alternateName\":\"SLTS\",\"url\":\"https:\\\/\\\/www.slts.fi\\\/en\\\/\",\"logo\":{\"@type\":\"ImageObject\",\"inLanguage\":\"en-US\",\"@id\":\"https:\\\/\\\/www.slts.fi\\\/en\\\/#\\\/schema\\\/logo\\\/image\\\/\",\"url\":\"https:\\\/\\\/www.slts.fi\\\/wpc\\\/uploads\\\/2024\\\/11\\\/logo-slts-fin.png\",\"contentUrl\":\"https:\\\/\\\/www.slts.fi\\\/wpc\\\/uploads\\\/2024\\\/11\\\/logo-slts-fin.png\",\"width\":436,\"height\":173,\"caption\":\"Suomen Luonnonvarain Tutkimusss\u00e4\u00e4ti\u00f6\"},\"image\":{\"@id\":\"https:\\\/\\\/www.slts.fi\\\/en\\\/#\\\/schema\\\/logo\\\/image\\\/\"}}]}<\/script>\n<!-- \/ Yoast SEO plugin. -->","yoast_head_json":{"title":"Background communities - Suomen Luonnonvarain Tutkimuss\u00e4\u00e4ti\u00f6","robots":{"index":"index","follow":"follow","max-snippet":"max-snippet:-1","max-image-preview":"max-image-preview:large","max-video-preview":"max-video-preview:-1"},"canonical":"https:\/\/www.slts.fi\/en\/about-us\/background-communities\/","og_locale":"en_US","og_type":"article","og_title":"Background communities - Suomen Luonnonvarain Tutkimuss\u00e4\u00e4ti\u00f6","og_url":"https:\/\/www.slts.fi\/en\/about-us\/background-communities\/","og_site_name":"Suomen Luonnonvarain Tutkimuss\u00e4\u00e4ti\u00f6","article_modified_time":"2024-11-22T12:25:25+00:00","og_image":[{"width":1200,"height":630,"url":"https:\/\/www.slts.fi\/wpc\/uploads\/2024\/12\/Some-FB-1200x630px.png","type":"image\/png"}],"twitter_card":"summary_large_image","twitter_misc":{"Est. reading time":"1 minute"},"schema":{"@context":"https:\/\/schema.org","@graph":[{"@type":"WebPage","@id":"https:\/\/www.slts.fi\/en\/about-us\/background-communities\/","url":"https:\/\/www.slts.fi\/en\/about-us\/background-communities\/","name":"Background communities - Suomen Luonnonvarain Tutkimuss\u00e4\u00e4ti\u00f6","isPartOf":{"@id":"https:\/\/www.slts.fi\/en\/#website"},"datePublished":"2024-11-15T09:54:59+00:00","dateModified":"2024-11-22T12:25:25+00:00","breadcrumb":{"@id":"https:\/\/www.slts.fi\/en\/about-us\/background-communities\/#breadcrumb"},"inLanguage":"en-US","potentialAction":[{"@type":"ReadAction","target":["https:\/\/www.slts.fi\/en\/about-us\/background-communities\/"]}]},{"@type":"BreadcrumbList","@id":"https:\/\/www.slts.fi\/en\/about-us\/background-communities\/#breadcrumb","itemListElement":[{"@type":"ListItem","position":1,"name":"Etusivu","item":"https:\/\/www.slts.fi\/en\/"},{"@type":"ListItem","position":2,"name":"About us","item":"https:\/\/www.slts.fi\/en\/about-us\/"},{"@type":"ListItem","position":3,"name":"Background communities"}]},{"@type":"WebSite","@id":"https:\/\/www.slts.fi\/en\/#website","url":"https:\/\/www.slts.fi\/en\/","name":"Suomen Luonnonvarain Tutkimuss\u00e4\u00e4ti\u00f6","description":"Kest\u00e4vi\u00e4 ratkaisuja luonnonvarojen tutkimuksella","publisher":{"@id":"https:\/\/www.slts.fi\/en\/#organization"},"alternateName":"SLTS","potentialAction":[{"@type":"SearchAction","target":{"@type":"EntryPoint","urlTemplate":"https:\/\/www.slts.fi\/en\/?s={search_term_string}"},"query-input":{"@type":"PropertyValueSpecification","valueRequired":true,"valueName":"search_term_string"}}],"inLanguage":"en-US"},{"@type":"Organization","@id":"https:\/\/www.slts.fi\/en\/#organization","name":"Suomen Luonnonvarain Tutkimusss\u00e4\u00e4ti\u00f6","alternateName":"SLTS","url":"https:\/\/www.slts.fi\/en\/","logo":{"@type":"ImageObject","inLanguage":"en-US","@id":"https:\/\/www.slts.fi\/en\/#\/schema\/logo\/image\/","url":"https:\/\/www.slts.fi\/wpc\/uploads\/2024\/11\/logo-slts-fin.png","contentUrl":"https:\/\/www.slts.fi\/wpc\/uploads\/2024\/11\/logo-slts-fin.png","width":436,"height":173,"caption":"Suomen Luonnonvarain Tutkimusss\u00e4\u00e4ti\u00f6"},"image":{"@id":"https:\/\/www.slts.fi\/en\/#\/schema\/logo\/image\/"}}]}},"_links":{"self":[{"href":"https:\/\/www.slts.fi\/en\/wp-json\/wp\/v2\/pages\/605","targetHints":{"allow":["GET"]}}],"collection":[{"href":"https:\/\/www.slts.fi\/en\/wp-json\/wp\/v2\/pages"}],"about":[{"href":"https:\/\/www.slts.fi\/en\/wp-json\/wp\/v2\/types\/page"}],"author":[{"embeddable":true,"href":"https:\/\/www.slts.fi\/en\/wp-json\/wp\/v2\/users\/1"}],"replies":[{"embeddable":true,"href":"https:\/\/www.slts.fi\/en\/wp-json\/wp\/v2\/comments?post=605"}],"version-history":[{"count":0,"href":"https:\/\/www.slts.fi\/en\/wp-json\/wp\/v2\/pages\/605\/revisions"}],"up":[{"embeddable":true,"href":"https:\/\/www.slts.fi\/en\/wp-json\/wp\/v2\/pages\/597"}],"wp:attachment":[{"href":"https:\/\/www.slts.fi\/en\/wp-json\/wp\/v2\/media?parent=605"}],"curies":[{"name":"wp","href":"https:\/\/api.w.org\/{rel}","templated":true}]}}