{"id":601,"date":"2024-11-15T11:50:52","date_gmt":"2024-11-15T09:50:52","guid":{"rendered":"https:\/\/www.slts.fi\/about-us\/hyva-saatiotapa\/"},"modified":"2024-11-22T14:49:25","modified_gmt":"2024-11-22T12:49:25","slug":"good-governance-of-foundations","status":"publish","type":"page","link":"https:\/\/www.slts.fi\/en\/about-us\/good-governance-of-foundations\/","title":{"rendered":"Good Governance of Foundations"},"content":{"rendered":"<p><strong>The Association of Finnish Foundations<\/strong>\u00a0is a joint organization that represents the interests of grant-providing foundations and funds in Finland. Its task is to improve the operating conditions for grant-providing non-profit organizations and to offer topical information and useful networks for its members.<\/p>\n<p>In 1970, Foundation for Research of Natural Resources in Finland was among the total of 23 foundations and funds that established an unofficial collaborative body known as the Council of Foundations and Funds. In 2003, the Council was officially registered as the\u00a0<strong>Association of Finnish Foundations<\/strong>. Today, the Association\u2019s 206 members support research, art and societal development annually with half a billion euros.<\/p>\n<p>Read more about the Association of Finnish Foundations and the Good Governance of Foundations guideline\u00a0<a class=\"bold-link\" href=\"https:\/\/saatiotrahastot.fi\/en\/frontpage\/\" target=\"_blank\" rel=\"noopener noreferrer\"><u>here<\/u><\/a><\/p>\n","protected":false},"excerpt":{"rendered":"<p>The Association of Finnish Foundations\u00a0is a joint organization that represents the interests of grant-providing foundations and funds in Finland. Its task is to improve the&#8230;<\/p>\n","protected":false},"author":1,"featured_media":0,"parent":597,"menu_order":0,"comment_status":"closed","ping_status":"closed","template":"page-templates\/lander.php","meta":{"footnotes":""},"class_list":["post-601","page","type-page","status-publish","hentry"],"yoast_head":"<!-- This site is optimized with the Yoast SEO plugin v27.2 - https:\/\/yoast.com\/product\/yoast-seo-wordpress\/ -->\n<title>Good Governance of Foundations - Suomen Luonnonvarain Tutkimuss\u00e4\u00e4ti\u00f6<\/title>\n<meta name=\"robots\" content=\"index, follow, max-snippet:-1, max-image-preview:large, max-video-preview:-1\" \/>\n<link rel=\"canonical\" href=\"https:\/\/www.slts.fi\/en\/about-us\/good-governance-of-foundations\/\" \/>\n<meta property=\"og:locale\" content=\"en_US\" \/>\n<meta property=\"og:type\" content=\"article\" \/>\n<meta property=\"og:title\" content=\"Good Governance of Foundations - Suomen Luonnonvarain Tutkimuss\u00e4\u00e4ti\u00f6\" \/>\n<meta property=\"og:description\" content=\"The Association of Finnish Foundations\u00a0is a joint organization that represents the interests of grant-providing foundations and funds in Finland. Its task is to improve the...\" \/>\n<meta property=\"og:url\" content=\"https:\/\/www.slts.fi\/en\/about-us\/good-governance-of-foundations\/\" \/>\n<meta property=\"og:site_name\" content=\"Suomen Luonnonvarain Tutkimuss\u00e4\u00e4ti\u00f6\" \/>\n<meta property=\"article:modified_time\" content=\"2024-11-22T12:49:25+00:00\" \/>\n<meta property=\"og:image\" content=\"https:\/\/www.slts.fi\/wpc\/uploads\/2024\/12\/Some-FB-1200x630px.png\" \/>\n\t<meta property=\"og:image:width\" content=\"1200\" \/>\n\t<meta property=\"og:image:height\" content=\"630\" \/>\n\t<meta property=\"og:image:type\" content=\"image\/png\" \/>\n<meta name=\"twitter:card\" content=\"summary_large_image\" \/>\n<meta name=\"twitter:label1\" content=\"Est. reading time\" \/>\n\t<meta name=\"twitter:data1\" content=\"1 minute\" \/>\n<script type=\"application\/ld+json\" class=\"yoast-schema-graph\">{\"@context\":\"https:\/\/schema.org\",\"@graph\":[{\"@type\":\"WebPage\",\"@id\":\"https:\/\/www.slts.fi\/en\/about-us\/good-governance-of-foundations\/\",\"url\":\"https:\/\/www.slts.fi\/en\/about-us\/good-governance-of-foundations\/\",\"name\":\"Good Governance of Foundations - Suomen Luonnonvarain Tutkimuss\u00e4\u00e4ti\u00f6\",\"isPartOf\":{\"@id\":\"https:\/\/www.slts.fi\/en\/#website\"},\"datePublished\":\"2024-11-15T09:50:52+00:00\",\"dateModified\":\"2024-11-22T12:49:25+00:00\",\"breadcrumb\":{\"@id\":\"https:\/\/www.slts.fi\/en\/about-us\/good-governance-of-foundations\/#breadcrumb\"},\"inLanguage\":\"en-US\",\"potentialAction\":[{\"@type\":\"ReadAction\",\"target\":[\"https:\/\/www.slts.fi\/en\/about-us\/good-governance-of-foundations\/\"]}]},{\"@type\":\"BreadcrumbList\",\"@id\":\"https:\/\/www.slts.fi\/en\/about-us\/good-governance-of-foundations\/#breadcrumb\",\"itemListElement\":[{\"@type\":\"ListItem\",\"position\":1,\"name\":\"Etusivu\",\"item\":\"https:\/\/www.slts.fi\/en\/\"},{\"@type\":\"ListItem\",\"position\":2,\"name\":\"About us\",\"item\":\"https:\/\/www.slts.fi\/en\/about-us\/\"},{\"@type\":\"ListItem\",\"position\":3,\"name\":\"Good Governance of Foundations\"}]},{\"@type\":\"WebSite\",\"@id\":\"https:\/\/www.slts.fi\/en\/#website\",\"url\":\"https:\/\/www.slts.fi\/en\/\",\"name\":\"Suomen Luonnonvarain Tutkimuss\u00e4\u00e4ti\u00f6\",\"description\":\"Kest\u00e4vi\u00e4 ratkaisuja luonnonvarojen tutkimuksella\",\"publisher\":{\"@id\":\"https:\/\/www.slts.fi\/en\/#organization\"},\"alternateName\":\"SLTS\",\"potentialAction\":[{\"@type\":\"SearchAction\",\"target\":{\"@type\":\"EntryPoint\",\"urlTemplate\":\"https:\/\/www.slts.fi\/en\/?s={search_term_string}\"},\"query-input\":{\"@type\":\"PropertyValueSpecification\",\"valueRequired\":true,\"valueName\":\"search_term_string\"}}],\"inLanguage\":\"en-US\"},{\"@type\":\"Organization\",\"@id\":\"https:\/\/www.slts.fi\/en\/#organization\",\"name\":\"Suomen Luonnonvarain Tutkimusss\u00e4\u00e4ti\u00f6\",\"alternateName\":\"SLTS\",\"url\":\"https:\/\/www.slts.fi\/en\/\",\"logo\":{\"@type\":\"ImageObject\",\"inLanguage\":\"en-US\",\"@id\":\"https:\/\/www.slts.fi\/en\/#\/schema\/logo\/image\/\",\"url\":\"https:\/\/www.slts.fi\/wpc\/uploads\/2024\/11\/logo-slts-fin.png\",\"contentUrl\":\"https:\/\/www.slts.fi\/wpc\/uploads\/2024\/11\/logo-slts-fin.png\",\"width\":436,\"height\":173,\"caption\":\"Suomen Luonnonvarain Tutkimusss\u00e4\u00e4ti\u00f6\"},\"image\":{\"@id\":\"https:\/\/www.slts.fi\/en\/#\/schema\/logo\/image\/\"}}]}<\/script>\n<!-- \/ Yoast SEO plugin. -->","yoast_head_json":{"title":"Good Governance of Foundations - Suomen Luonnonvarain Tutkimuss\u00e4\u00e4ti\u00f6","robots":{"index":"index","follow":"follow","max-snippet":"max-snippet:-1","max-image-preview":"max-image-preview:large","max-video-preview":"max-video-preview:-1"},"canonical":"https:\/\/www.slts.fi\/en\/about-us\/good-governance-of-foundations\/","og_locale":"en_US","og_type":"article","og_title":"Good Governance of Foundations - Suomen Luonnonvarain Tutkimuss\u00e4\u00e4ti\u00f6","og_description":"The Association of Finnish Foundations\u00a0is a joint organization that represents the interests of grant-providing foundations and funds in Finland. Its task is to improve the...","og_url":"https:\/\/www.slts.fi\/en\/about-us\/good-governance-of-foundations\/","og_site_name":"Suomen Luonnonvarain Tutkimuss\u00e4\u00e4ti\u00f6","article_modified_time":"2024-11-22T12:49:25+00:00","og_image":[{"width":1200,"height":630,"url":"https:\/\/www.slts.fi\/wpc\/uploads\/2024\/12\/Some-FB-1200x630px.png","type":"image\/png"}],"twitter_card":"summary_large_image","twitter_misc":{"Est. reading time":"1 minute"},"schema":{"@context":"https:\/\/schema.org","@graph":[{"@type":"WebPage","@id":"https:\/\/www.slts.fi\/en\/about-us\/good-governance-of-foundations\/","url":"https:\/\/www.slts.fi\/en\/about-us\/good-governance-of-foundations\/","name":"Good Governance of Foundations - Suomen Luonnonvarain Tutkimuss\u00e4\u00e4ti\u00f6","isPartOf":{"@id":"https:\/\/www.slts.fi\/en\/#website"},"datePublished":"2024-11-15T09:50:52+00:00","dateModified":"2024-11-22T12:49:25+00:00","breadcrumb":{"@id":"https:\/\/www.slts.fi\/en\/about-us\/good-governance-of-foundations\/#breadcrumb"},"inLanguage":"en-US","potentialAction":[{"@type":"ReadAction","target":["https:\/\/www.slts.fi\/en\/about-us\/good-governance-of-foundations\/"]}]},{"@type":"BreadcrumbList","@id":"https:\/\/www.slts.fi\/en\/about-us\/good-governance-of-foundations\/#breadcrumb","itemListElement":[{"@type":"ListItem","position":1,"name":"Etusivu","item":"https:\/\/www.slts.fi\/en\/"},{"@type":"ListItem","position":2,"name":"About us","item":"https:\/\/www.slts.fi\/en\/about-us\/"},{"@type":"ListItem","position":3,"name":"Good Governance of Foundations"}]},{"@type":"WebSite","@id":"https:\/\/www.slts.fi\/en\/#website","url":"https:\/\/www.slts.fi\/en\/","name":"Suomen Luonnonvarain Tutkimuss\u00e4\u00e4ti\u00f6","description":"Kest\u00e4vi\u00e4 ratkaisuja luonnonvarojen tutkimuksella","publisher":{"@id":"https:\/\/www.slts.fi\/en\/#organization"},"alternateName":"SLTS","potentialAction":[{"@type":"SearchAction","target":{"@type":"EntryPoint","urlTemplate":"https:\/\/www.slts.fi\/en\/?s={search_term_string}"},"query-input":{"@type":"PropertyValueSpecification","valueRequired":true,"valueName":"search_term_string"}}],"inLanguage":"en-US"},{"@type":"Organization","@id":"https:\/\/www.slts.fi\/en\/#organization","name":"Suomen Luonnonvarain Tutkimusss\u00e4\u00e4ti\u00f6","alternateName":"SLTS","url":"https:\/\/www.slts.fi\/en\/","logo":{"@type":"ImageObject","inLanguage":"en-US","@id":"https:\/\/www.slts.fi\/en\/#\/schema\/logo\/image\/","url":"https:\/\/www.slts.fi\/wpc\/uploads\/2024\/11\/logo-slts-fin.png","contentUrl":"https:\/\/www.slts.fi\/wpc\/uploads\/2024\/11\/logo-slts-fin.png","width":436,"height":173,"caption":"Suomen Luonnonvarain Tutkimusss\u00e4\u00e4ti\u00f6"},"image":{"@id":"https:\/\/www.slts.fi\/en\/#\/schema\/logo\/image\/"}}]}},"_links":{"self":[{"href":"https:\/\/www.slts.fi\/en\/wp-json\/wp\/v2\/pages\/601","targetHints":{"allow":["GET"]}}],"collection":[{"href":"https:\/\/www.slts.fi\/en\/wp-json\/wp\/v2\/pages"}],"about":[{"href":"https:\/\/www.slts.fi\/en\/wp-json\/wp\/v2\/types\/page"}],"author":[{"embeddable":true,"href":"https:\/\/www.slts.fi\/en\/wp-json\/wp\/v2\/users\/1"}],"replies":[{"embeddable":true,"href":"https:\/\/www.slts.fi\/en\/wp-json\/wp\/v2\/comments?post=601"}],"version-history":[{"count":0,"href":"https:\/\/www.slts.fi\/en\/wp-json\/wp\/v2\/pages\/601\/revisions"}],"up":[{"embeddable":true,"href":"https:\/\/www.slts.fi\/en\/wp-json\/wp\/v2\/pages\/597"}],"wp:attachment":[{"href":"https:\/\/www.slts.fi\/en\/wp-json\/wp\/v2\/media?parent=601"}],"curies":[{"name":"wp","href":"https:\/\/api.w.org\/{rel}","templated":true}]}}