{"id":597,"date":"2024-11-01T12:05:55","date_gmt":"2024-11-01T10:05:55","guid":{"rendered":"https:\/\/www.slts.fi\/meista\/"},"modified":"2024-11-22T14:48:22","modified_gmt":"2024-11-22T12:48:22","slug":"about-us","status":"publish","type":"page","link":"https:\/\/www.slts.fi\/en\/about-us\/","title":{"rendered":"About us"},"content":{"rendered":"<h1>Contact us<\/h1>\n<h3>Foundation for Research of Natural Resources in Finland<\/h3>\n<p>Foundation for Research of Natural Resources in Finland (<em>Suomen Luonnonvarain Tutkimuss\u00e4\u00e4ti\u00f6<\/em>) is located at Salomonkatu 17 A (5th floor) in the Kamppi area in central Helsinki. Originally built for a car import company, the office block is still known as\u00a0<em>Autotalo<\/em>\u00a0in Finnish. Cars, however, are today found in the parking hall only.<\/p>\n<p>The Foundation\u2019s CEO, M.Sc. (Pol.Sc.) Roy Siljam\u00e4ki is available by phone at <a class=\"bold-link\" href=\"tel:+358407703337\">+358 40 770 3337<\/a> or email at <a class=\"bold-link\" href=\"mailto:info@slts.fi\">info@slts.fi<\/a><\/p>\n","protected":false},"excerpt":{"rendered":"<p>Contact us Foundation for Research of Natural Resources in Finland Foundation for Research of Natural Resources in Finland (Suomen Luonnonvarain Tutkimuss\u00e4\u00e4ti\u00f6) is located at Salomonkatu&#8230;<\/p>\n","protected":false},"author":1,"featured_media":0,"parent":0,"menu_order":0,"comment_status":"closed","ping_status":"closed","template":"page-templates\/lander.php","meta":{"footnotes":""},"class_list":["post-597","page","type-page","status-publish","hentry"],"yoast_head":"<!-- This site is optimized with the Yoast SEO plugin v27.2 - https:\/\/yoast.com\/product\/yoast-seo-wordpress\/ -->\n<title>About us - Suomen Luonnonvarain Tutkimuss\u00e4\u00e4ti\u00f6<\/title>\n<meta name=\"robots\" content=\"index, follow, max-snippet:-1, max-image-preview:large, max-video-preview:-1\" \/>\n<link rel=\"canonical\" href=\"https:\/\/www.slts.fi\/en\/about-us\/\" \/>\n<meta property=\"og:locale\" content=\"en_US\" \/>\n<meta property=\"og:type\" content=\"article\" \/>\n<meta property=\"og:title\" content=\"About us - Suomen Luonnonvarain Tutkimuss\u00e4\u00e4ti\u00f6\" \/>\n<meta property=\"og:description\" content=\"Contact us Foundation for Research of Natural Resources in Finland Foundation for Research of Natural Resources in Finland (Suomen Luonnonvarain Tutkimuss\u00e4\u00e4ti\u00f6) is located at Salomonkatu...\" \/>\n<meta property=\"og:url\" content=\"https:\/\/www.slts.fi\/en\/about-us\/\" \/>\n<meta property=\"og:site_name\" content=\"Suomen Luonnonvarain Tutkimuss\u00e4\u00e4ti\u00f6\" \/>\n<meta property=\"article:modified_time\" content=\"2024-11-22T12:48:22+00:00\" \/>\n<meta property=\"og:image\" content=\"https:\/\/www.slts.fi\/wpc\/uploads\/2024\/12\/Some-FB-1200x630px.png\" \/>\n\t<meta property=\"og:image:width\" content=\"1200\" \/>\n\t<meta property=\"og:image:height\" content=\"630\" \/>\n\t<meta property=\"og:image:type\" content=\"image\/png\" \/>\n<meta name=\"twitter:card\" content=\"summary_large_image\" \/>\n<meta name=\"twitter:label1\" content=\"Est. reading time\" \/>\n\t<meta name=\"twitter:data1\" content=\"1 minute\" \/>\n<script type=\"application\/ld+json\" class=\"yoast-schema-graph\">{\"@context\":\"https:\/\/schema.org\",\"@graph\":[{\"@type\":\"WebPage\",\"@id\":\"https:\/\/www.slts.fi\/en\/about-us\/\",\"url\":\"https:\/\/www.slts.fi\/en\/about-us\/\",\"name\":\"About us - Suomen Luonnonvarain Tutkimuss\u00e4\u00e4ti\u00f6\",\"isPartOf\":{\"@id\":\"https:\/\/www.slts.fi\/en\/#website\"},\"datePublished\":\"2024-11-01T10:05:55+00:00\",\"dateModified\":\"2024-11-22T12:48:22+00:00\",\"breadcrumb\":{\"@id\":\"https:\/\/www.slts.fi\/en\/about-us\/#breadcrumb\"},\"inLanguage\":\"en-US\",\"potentialAction\":[{\"@type\":\"ReadAction\",\"target\":[\"https:\/\/www.slts.fi\/en\/about-us\/\"]}]},{\"@type\":\"BreadcrumbList\",\"@id\":\"https:\/\/www.slts.fi\/en\/about-us\/#breadcrumb\",\"itemListElement\":[{\"@type\":\"ListItem\",\"position\":1,\"name\":\"Etusivu\",\"item\":\"https:\/\/www.slts.fi\/en\/\"},{\"@type\":\"ListItem\",\"position\":2,\"name\":\"About us\"}]},{\"@type\":\"WebSite\",\"@id\":\"https:\/\/www.slts.fi\/en\/#website\",\"url\":\"https:\/\/www.slts.fi\/en\/\",\"name\":\"Suomen Luonnonvarain Tutkimuss\u00e4\u00e4ti\u00f6\",\"description\":\"Kest\u00e4vi\u00e4 ratkaisuja luonnonvarojen tutkimuksella\",\"publisher\":{\"@id\":\"https:\/\/www.slts.fi\/en\/#organization\"},\"alternateName\":\"SLTS\",\"potentialAction\":[{\"@type\":\"SearchAction\",\"target\":{\"@type\":\"EntryPoint\",\"urlTemplate\":\"https:\/\/www.slts.fi\/en\/?s={search_term_string}\"},\"query-input\":{\"@type\":\"PropertyValueSpecification\",\"valueRequired\":true,\"valueName\":\"search_term_string\"}}],\"inLanguage\":\"en-US\"},{\"@type\":\"Organization\",\"@id\":\"https:\/\/www.slts.fi\/en\/#organization\",\"name\":\"Suomen Luonnonvarain Tutkimusss\u00e4\u00e4ti\u00f6\",\"alternateName\":\"SLTS\",\"url\":\"https:\/\/www.slts.fi\/en\/\",\"logo\":{\"@type\":\"ImageObject\",\"inLanguage\":\"en-US\",\"@id\":\"https:\/\/www.slts.fi\/en\/#\/schema\/logo\/image\/\",\"url\":\"https:\/\/www.slts.fi\/wpc\/uploads\/2024\/11\/logo-slts-fin.png\",\"contentUrl\":\"https:\/\/www.slts.fi\/wpc\/uploads\/2024\/11\/logo-slts-fin.png\",\"width\":436,\"height\":173,\"caption\":\"Suomen Luonnonvarain Tutkimusss\u00e4\u00e4ti\u00f6\"},\"image\":{\"@id\":\"https:\/\/www.slts.fi\/en\/#\/schema\/logo\/image\/\"}}]}<\/script>\n<!-- \/ Yoast SEO plugin. -->","yoast_head_json":{"title":"About us - Suomen Luonnonvarain Tutkimuss\u00e4\u00e4ti\u00f6","robots":{"index":"index","follow":"follow","max-snippet":"max-snippet:-1","max-image-preview":"max-image-preview:large","max-video-preview":"max-video-preview:-1"},"canonical":"https:\/\/www.slts.fi\/en\/about-us\/","og_locale":"en_US","og_type":"article","og_title":"About us - Suomen Luonnonvarain Tutkimuss\u00e4\u00e4ti\u00f6","og_description":"Contact us Foundation for Research of Natural Resources in Finland Foundation for Research of Natural Resources in Finland (Suomen Luonnonvarain Tutkimuss\u00e4\u00e4ti\u00f6) is located at Salomonkatu...","og_url":"https:\/\/www.slts.fi\/en\/about-us\/","og_site_name":"Suomen Luonnonvarain Tutkimuss\u00e4\u00e4ti\u00f6","article_modified_time":"2024-11-22T12:48:22+00:00","og_image":[{"width":1200,"height":630,"url":"https:\/\/www.slts.fi\/wpc\/uploads\/2024\/12\/Some-FB-1200x630px.png","type":"image\/png"}],"twitter_card":"summary_large_image","twitter_misc":{"Est. reading time":"1 minute"},"schema":{"@context":"https:\/\/schema.org","@graph":[{"@type":"WebPage","@id":"https:\/\/www.slts.fi\/en\/about-us\/","url":"https:\/\/www.slts.fi\/en\/about-us\/","name":"About us - Suomen Luonnonvarain Tutkimuss\u00e4\u00e4ti\u00f6","isPartOf":{"@id":"https:\/\/www.slts.fi\/en\/#website"},"datePublished":"2024-11-01T10:05:55+00:00","dateModified":"2024-11-22T12:48:22+00:00","breadcrumb":{"@id":"https:\/\/www.slts.fi\/en\/about-us\/#breadcrumb"},"inLanguage":"en-US","potentialAction":[{"@type":"ReadAction","target":["https:\/\/www.slts.fi\/en\/about-us\/"]}]},{"@type":"BreadcrumbList","@id":"https:\/\/www.slts.fi\/en\/about-us\/#breadcrumb","itemListElement":[{"@type":"ListItem","position":1,"name":"Etusivu","item":"https:\/\/www.slts.fi\/en\/"},{"@type":"ListItem","position":2,"name":"About us"}]},{"@type":"WebSite","@id":"https:\/\/www.slts.fi\/en\/#website","url":"https:\/\/www.slts.fi\/en\/","name":"Suomen Luonnonvarain Tutkimuss\u00e4\u00e4ti\u00f6","description":"Kest\u00e4vi\u00e4 ratkaisuja luonnonvarojen tutkimuksella","publisher":{"@id":"https:\/\/www.slts.fi\/en\/#organization"},"alternateName":"SLTS","potentialAction":[{"@type":"SearchAction","target":{"@type":"EntryPoint","urlTemplate":"https:\/\/www.slts.fi\/en\/?s={search_term_string}"},"query-input":{"@type":"PropertyValueSpecification","valueRequired":true,"valueName":"search_term_string"}}],"inLanguage":"en-US"},{"@type":"Organization","@id":"https:\/\/www.slts.fi\/en\/#organization","name":"Suomen Luonnonvarain Tutkimusss\u00e4\u00e4ti\u00f6","alternateName":"SLTS","url":"https:\/\/www.slts.fi\/en\/","logo":{"@type":"ImageObject","inLanguage":"en-US","@id":"https:\/\/www.slts.fi\/en\/#\/schema\/logo\/image\/","url":"https:\/\/www.slts.fi\/wpc\/uploads\/2024\/11\/logo-slts-fin.png","contentUrl":"https:\/\/www.slts.fi\/wpc\/uploads\/2024\/11\/logo-slts-fin.png","width":436,"height":173,"caption":"Suomen Luonnonvarain Tutkimusss\u00e4\u00e4ti\u00f6"},"image":{"@id":"https:\/\/www.slts.fi\/en\/#\/schema\/logo\/image\/"}}]}},"_links":{"self":[{"href":"https:\/\/www.slts.fi\/en\/wp-json\/wp\/v2\/pages\/597","targetHints":{"allow":["GET"]}}],"collection":[{"href":"https:\/\/www.slts.fi\/en\/wp-json\/wp\/v2\/pages"}],"about":[{"href":"https:\/\/www.slts.fi\/en\/wp-json\/wp\/v2\/types\/page"}],"author":[{"embeddable":true,"href":"https:\/\/www.slts.fi\/en\/wp-json\/wp\/v2\/users\/1"}],"replies":[{"embeddable":true,"href":"https:\/\/www.slts.fi\/en\/wp-json\/wp\/v2\/comments?post=597"}],"version-history":[{"count":0,"href":"https:\/\/www.slts.fi\/en\/wp-json\/wp\/v2\/pages\/597\/revisions"}],"wp:attachment":[{"href":"https:\/\/www.slts.fi\/en\/wp-json\/wp\/v2\/media?parent=597"}],"curies":[{"name":"wp","href":"https:\/\/api.w.org\/{rel}","templated":true}]}}