{"id":593,"date":"2024-11-01T12:05:09","date_gmt":"2024-11-01T10:05:09","guid":{"rendered":"https:\/\/www.slts.fi\/lahjoita-tutkimukseen\/"},"modified":"2024-11-22T14:47:23","modified_gmt":"2024-11-22T12:47:23","slug":"donate-to-research","status":"publish","type":"page","link":"https:\/\/www.slts.fi\/en\/donate-to-research\/","title":{"rendered":"Donate to research"},"content":{"rendered":"<h5>During the seven decades of its operation, the\u00a0Foundation for Research of Natural Resources in Finland\u00a0has awarded a total of 34.5 million euro as support for scientific research.<\/h5>\n<p>The research we fund should pursue to achieve significant scientific breakthroughs in order to advance the research on and sustainable utilization of natural resources in Finland. We allocate funding to young doctoral students in particular. Dozens of young researchers have completed their doctoral dissertations with funding from the Foundation.<\/p>\n<p>Finland\u2019s forest and mineral resources offer natural opportunities for advanced bio-economy and mineral economy. The development of these fields requires research, innovations and breakthroughs related to natural resources. Circular economy, resource-efficient methods and cutting-edge technologies contribute to the smart use of natural resources.<\/p>\n<p>Making a donation to the top-quality scientific research of natural resources in Finland is a contemporary and efficient way of supporting sustainable development. The Foundation for Research of Natural Resources in Finland welcomes monetary and capital donations as well as testamentary bequests made by companies and private persons.\u00a0<strong>By giving a donation you are supporting high-quality scientific research in Finland.<\/strong>\u00a0Monetary donations are used directly towards funding various research projects. Capital donations are managed in compliance with the principle of sustainable development and their yields are used to fund research projects. All of the Foundation\u2019s assets are used in accordance with the Rules of the Foundation.<\/p>\n<p>Read more about\u00a0<a class=\"bold-link\" href=\"https:\/\/www.slts.fi\/en\/category\/ongoing-projects\/\">interesting research projects<\/a>\u00a0that are currently being funded by the Foundation.<\/p>\n<p>The Foundation for Research of Natural Resources in Finland is listed by the Tax Administration as a Foundation that is entitled to receive monetary donations from another organization and, provided that the donation is within the range of \u20ac850\u2013\u20ac50,000, the donation is\u00a0<a class=\"bold-link\" href=\"https:\/\/www.vero.fi\/en\/individuals\/tax-cards-and-tax-returns\/income-and-deductions\/\" target=\"_blank\" rel=\"noopener\">deductible in taxation<\/a>\u00a0for the organization in question.<\/p>\n<p>For further information about donations and bequests, please contact the Foundation\u2019s CEO Roy Siljam\u00e4ki. He is available by phone at <a class=\"bold-link\" href=\"tel:+358407703337\">+358 40 770 3337<\/a>\u00a0or email at <a class=\"bold-link\" href=\"mailto:info@slts.fi\">info@slts.fi<\/a><\/p>\n","protected":false},"excerpt":{"rendered":"<p>During the seven decades of its operation, the\u00a0Foundation for Research of Natural Resources in Finland\u00a0has awarded a total of 34.5 million euro as support for&#8230;<\/p>\n","protected":false},"author":1,"featured_media":0,"parent":0,"menu_order":0,"comment_status":"closed","ping_status":"closed","template":"page-templates\/lander.php","meta":{"footnotes":""},"class_list":["post-593","page","type-page","status-publish","hentry"],"yoast_head":"<!-- This site is optimized with the Yoast SEO plugin v27.2 - https:\/\/yoast.com\/product\/yoast-seo-wordpress\/ -->\n<title>Donate to research - Suomen Luonnonvarain Tutkimuss\u00e4\u00e4ti\u00f6<\/title>\n<meta name=\"robots\" content=\"index, follow, max-snippet:-1, max-image-preview:large, max-video-preview:-1\" \/>\n<link rel=\"canonical\" href=\"https:\/\/www.slts.fi\/en\/donate-to-research\/\" \/>\n<meta property=\"og:locale\" content=\"en_US\" \/>\n<meta property=\"og:type\" content=\"article\" \/>\n<meta property=\"og:title\" content=\"Donate to research - Suomen Luonnonvarain Tutkimuss\u00e4\u00e4ti\u00f6\" \/>\n<meta property=\"og:description\" content=\"During the seven decades of its operation, the\u00a0Foundation for Research of Natural Resources in Finland\u00a0has awarded a total of 34.5 million euro as support for...\" \/>\n<meta property=\"og:url\" content=\"https:\/\/www.slts.fi\/en\/donate-to-research\/\" \/>\n<meta property=\"og:site_name\" content=\"Suomen Luonnonvarain Tutkimuss\u00e4\u00e4ti\u00f6\" \/>\n<meta property=\"article:modified_time\" content=\"2024-11-22T12:47:23+00:00\" \/>\n<meta property=\"og:image\" content=\"https:\/\/www.slts.fi\/wpc\/uploads\/2024\/12\/Some-FB-1200x630px.png\" \/>\n\t<meta property=\"og:image:width\" content=\"1200\" \/>\n\t<meta property=\"og:image:height\" content=\"630\" \/>\n\t<meta property=\"og:image:type\" content=\"image\/png\" \/>\n<meta name=\"twitter:card\" content=\"summary_large_image\" \/>\n<meta name=\"twitter:label1\" content=\"Est. reading time\" \/>\n\t<meta name=\"twitter:data1\" content=\"2 minutes\" \/>\n<script type=\"application\/ld+json\" class=\"yoast-schema-graph\">{\"@context\":\"https:\/\/schema.org\",\"@graph\":[{\"@type\":\"WebPage\",\"@id\":\"https:\/\/www.slts.fi\/en\/donate-to-research\/\",\"url\":\"https:\/\/www.slts.fi\/en\/donate-to-research\/\",\"name\":\"Donate to research - Suomen Luonnonvarain Tutkimuss\u00e4\u00e4ti\u00f6\",\"isPartOf\":{\"@id\":\"https:\/\/www.slts.fi\/en\/#website\"},\"datePublished\":\"2024-11-01T10:05:09+00:00\",\"dateModified\":\"2024-11-22T12:47:23+00:00\",\"breadcrumb\":{\"@id\":\"https:\/\/www.slts.fi\/en\/donate-to-research\/#breadcrumb\"},\"inLanguage\":\"en-US\",\"potentialAction\":[{\"@type\":\"ReadAction\",\"target\":[\"https:\/\/www.slts.fi\/en\/donate-to-research\/\"]}]},{\"@type\":\"BreadcrumbList\",\"@id\":\"https:\/\/www.slts.fi\/en\/donate-to-research\/#breadcrumb\",\"itemListElement\":[{\"@type\":\"ListItem\",\"position\":1,\"name\":\"Etusivu\",\"item\":\"https:\/\/www.slts.fi\/en\/\"},{\"@type\":\"ListItem\",\"position\":2,\"name\":\"Donate to research\"}]},{\"@type\":\"WebSite\",\"@id\":\"https:\/\/www.slts.fi\/en\/#website\",\"url\":\"https:\/\/www.slts.fi\/en\/\",\"name\":\"Suomen Luonnonvarain Tutkimuss\u00e4\u00e4ti\u00f6\",\"description\":\"Kest\u00e4vi\u00e4 ratkaisuja luonnonvarojen tutkimuksella\",\"publisher\":{\"@id\":\"https:\/\/www.slts.fi\/en\/#organization\"},\"alternateName\":\"SLTS\",\"potentialAction\":[{\"@type\":\"SearchAction\",\"target\":{\"@type\":\"EntryPoint\",\"urlTemplate\":\"https:\/\/www.slts.fi\/en\/?s={search_term_string}\"},\"query-input\":{\"@type\":\"PropertyValueSpecification\",\"valueRequired\":true,\"valueName\":\"search_term_string\"}}],\"inLanguage\":\"en-US\"},{\"@type\":\"Organization\",\"@id\":\"https:\/\/www.slts.fi\/en\/#organization\",\"name\":\"Suomen Luonnonvarain Tutkimusss\u00e4\u00e4ti\u00f6\",\"alternateName\":\"SLTS\",\"url\":\"https:\/\/www.slts.fi\/en\/\",\"logo\":{\"@type\":\"ImageObject\",\"inLanguage\":\"en-US\",\"@id\":\"https:\/\/www.slts.fi\/en\/#\/schema\/logo\/image\/\",\"url\":\"https:\/\/www.slts.fi\/wpc\/uploads\/2024\/11\/logo-slts-fin.png\",\"contentUrl\":\"https:\/\/www.slts.fi\/wpc\/uploads\/2024\/11\/logo-slts-fin.png\",\"width\":436,\"height\":173,\"caption\":\"Suomen Luonnonvarain Tutkimusss\u00e4\u00e4ti\u00f6\"},\"image\":{\"@id\":\"https:\/\/www.slts.fi\/en\/#\/schema\/logo\/image\/\"}}]}<\/script>\n<!-- \/ Yoast SEO plugin. -->","yoast_head_json":{"title":"Donate to research - Suomen Luonnonvarain Tutkimuss\u00e4\u00e4ti\u00f6","robots":{"index":"index","follow":"follow","max-snippet":"max-snippet:-1","max-image-preview":"max-image-preview:large","max-video-preview":"max-video-preview:-1"},"canonical":"https:\/\/www.slts.fi\/en\/donate-to-research\/","og_locale":"en_US","og_type":"article","og_title":"Donate to research - Suomen Luonnonvarain Tutkimuss\u00e4\u00e4ti\u00f6","og_description":"During the seven decades of its operation, the\u00a0Foundation for Research of Natural Resources in Finland\u00a0has awarded a total of 34.5 million euro as support for...","og_url":"https:\/\/www.slts.fi\/en\/donate-to-research\/","og_site_name":"Suomen Luonnonvarain Tutkimuss\u00e4\u00e4ti\u00f6","article_modified_time":"2024-11-22T12:47:23+00:00","og_image":[{"width":1200,"height":630,"url":"https:\/\/www.slts.fi\/wpc\/uploads\/2024\/12\/Some-FB-1200x630px.png","type":"image\/png"}],"twitter_card":"summary_large_image","twitter_misc":{"Est. reading time":"2 minutes"},"schema":{"@context":"https:\/\/schema.org","@graph":[{"@type":"WebPage","@id":"https:\/\/www.slts.fi\/en\/donate-to-research\/","url":"https:\/\/www.slts.fi\/en\/donate-to-research\/","name":"Donate to research - Suomen Luonnonvarain Tutkimuss\u00e4\u00e4ti\u00f6","isPartOf":{"@id":"https:\/\/www.slts.fi\/en\/#website"},"datePublished":"2024-11-01T10:05:09+00:00","dateModified":"2024-11-22T12:47:23+00:00","breadcrumb":{"@id":"https:\/\/www.slts.fi\/en\/donate-to-research\/#breadcrumb"},"inLanguage":"en-US","potentialAction":[{"@type":"ReadAction","target":["https:\/\/www.slts.fi\/en\/donate-to-research\/"]}]},{"@type":"BreadcrumbList","@id":"https:\/\/www.slts.fi\/en\/donate-to-research\/#breadcrumb","itemListElement":[{"@type":"ListItem","position":1,"name":"Etusivu","item":"https:\/\/www.slts.fi\/en\/"},{"@type":"ListItem","position":2,"name":"Donate to research"}]},{"@type":"WebSite","@id":"https:\/\/www.slts.fi\/en\/#website","url":"https:\/\/www.slts.fi\/en\/","name":"Suomen Luonnonvarain Tutkimuss\u00e4\u00e4ti\u00f6","description":"Kest\u00e4vi\u00e4 ratkaisuja luonnonvarojen tutkimuksella","publisher":{"@id":"https:\/\/www.slts.fi\/en\/#organization"},"alternateName":"SLTS","potentialAction":[{"@type":"SearchAction","target":{"@type":"EntryPoint","urlTemplate":"https:\/\/www.slts.fi\/en\/?s={search_term_string}"},"query-input":{"@type":"PropertyValueSpecification","valueRequired":true,"valueName":"search_term_string"}}],"inLanguage":"en-US"},{"@type":"Organization","@id":"https:\/\/www.slts.fi\/en\/#organization","name":"Suomen Luonnonvarain Tutkimusss\u00e4\u00e4ti\u00f6","alternateName":"SLTS","url":"https:\/\/www.slts.fi\/en\/","logo":{"@type":"ImageObject","inLanguage":"en-US","@id":"https:\/\/www.slts.fi\/en\/#\/schema\/logo\/image\/","url":"https:\/\/www.slts.fi\/wpc\/uploads\/2024\/11\/logo-slts-fin.png","contentUrl":"https:\/\/www.slts.fi\/wpc\/uploads\/2024\/11\/logo-slts-fin.png","width":436,"height":173,"caption":"Suomen Luonnonvarain Tutkimusss\u00e4\u00e4ti\u00f6"},"image":{"@id":"https:\/\/www.slts.fi\/en\/#\/schema\/logo\/image\/"}}]}},"_links":{"self":[{"href":"https:\/\/www.slts.fi\/en\/wp-json\/wp\/v2\/pages\/593","targetHints":{"allow":["GET"]}}],"collection":[{"href":"https:\/\/www.slts.fi\/en\/wp-json\/wp\/v2\/pages"}],"about":[{"href":"https:\/\/www.slts.fi\/en\/wp-json\/wp\/v2\/types\/page"}],"author":[{"embeddable":true,"href":"https:\/\/www.slts.fi\/en\/wp-json\/wp\/v2\/users\/1"}],"replies":[{"embeddable":true,"href":"https:\/\/www.slts.fi\/en\/wp-json\/wp\/v2\/comments?post=593"}],"version-history":[{"count":0,"href":"https:\/\/www.slts.fi\/en\/wp-json\/wp\/v2\/pages\/593\/revisions"}],"wp:attachment":[{"href":"https:\/\/www.slts.fi\/en\/wp-json\/wp\/v2\/media?parent=593"}],"curies":[{"name":"wp","href":"https:\/\/api.w.org\/{rel}","templated":true}]}}