{"id":591,"date":"2024-11-15T10:15:53","date_gmt":"2024-11-15T08:15:53","guid":{"rendered":"https:\/\/www.slts.fi\/doctoral-thesis-award\/vaitoskirjapalkinto-2020\/"},"modified":"2024-11-22T14:45:48","modified_gmt":"2024-11-22T12:45:48","slug":"doctoral-thesis-award-2020","status":"publish","type":"page","link":"https:\/\/www.slts.fi\/en\/doctoral-thesis-award\/doctoral-thesis-award-2020\/","title":{"rendered":"Doctoral thesis award 2020"},"content":{"rendered":"<h2 class=\"entry-title\">Wood is increasingly used in foodstuffs and cosmetics \u2013 Wood hemicelluloses have huge potential, says researcher Mamata Bhattarai<\/h2>\n<p><em>The\u00a0<\/em><a class=\"bold-link\" href=\"https:\/\/www.slts.fi\/en\/doctoral-thesis-award\/\" target=\"_blank\" rel=\"noopener\">Doctoral Thesis Award<\/a><em>\u00a0was handed to\u00a0<strong>Mamata Bhattarai<\/strong>\u00a0in a solemn occasion on September 2nd. The Award was presented by the SLTS CEO\u00a0<strong>Roy Siljam\u00e4ki<\/strong>\u00a0and the Chair of the Board of Directors\u00a0<strong>Pekka A. Nurmi<\/strong>.\u00a0<\/em><\/p>\n<p><img loading=\"lazy\" decoding=\"async\" class=\"alignnone size-full wp-image-284\" src=\"https:\/\/www.slts.fi\/wpc\/uploads\/2024\/11\/Mamata-Pekka-ja-Roy-010921-1580-uusi-2560x0-c-default.jpg\" alt=\"\" width=\"2560\" height=\"588\" srcset=\"https:\/\/www.slts.fi\/wpc\/uploads\/2024\/11\/Mamata-Pekka-ja-Roy-010921-1580-uusi-2560x0-c-default.jpg 2560w, https:\/\/www.slts.fi\/wpc\/uploads\/2024\/11\/Mamata-Pekka-ja-Roy-010921-1580-uusi-2560x0-c-default-300x69.jpg 300w, https:\/\/www.slts.fi\/wpc\/uploads\/2024\/11\/Mamata-Pekka-ja-Roy-010921-1580-uusi-2560x0-c-default-1024x235.jpg 1024w, https:\/\/www.slts.fi\/wpc\/uploads\/2024\/11\/Mamata-Pekka-ja-Roy-010921-1580-uusi-2560x0-c-default-768x176.jpg 768w, https:\/\/www.slts.fi\/wpc\/uploads\/2024\/11\/Mamata-Pekka-ja-Roy-010921-1580-uusi-2560x0-c-default-1536x353.jpg 1536w, https:\/\/www.slts.fi\/wpc\/uploads\/2024\/11\/Mamata-Pekka-ja-Roy-010921-1580-uusi-2560x0-c-default-2048x470.jpg 2048w, https:\/\/www.slts.fi\/wpc\/uploads\/2024\/11\/Mamata-Pekka-ja-Roy-010921-1580-uusi-2560x0-c-default-90x21.jpg 90w\" sizes=\"auto, (max-width: 2560px) 100vw, 2560px\" \/><\/p>\n<p>About one fourth of wood is made of hemicelluloses, which is expected to make a breakthrough in the food, packaging and pharmaceutical industries as stabilizers. Also called \u2019spruce gum\u2019, wood hemicelluloses is derived from side streams of pulp manufacturing. To obtain a homogeneous emulsion when mixing oil and water, a stabilizer is needed. Some of them are familiar to us from the product descriptions of foodstuffs and cosmetics: gum arabic, guar gum, pectin sand locust bean (or carob) gum, for example. These conventional additives could, however, be replaced by wood hemicelluloses, which has been intensively studied in Finland in recent years.<\/p>\n<p><img loading=\"lazy\" decoding=\"async\" class=\"alignnone size-full wp-image-286\" src=\"https:\/\/www.slts.fi\/wpc\/uploads\/2024\/11\/M.-Bhattarai-ja-kuusi.jpg\" alt=\"\" width=\"1472\" height=\"982\" srcset=\"https:\/\/www.slts.fi\/wpc\/uploads\/2024\/11\/M.-Bhattarai-ja-kuusi.jpg 1472w, https:\/\/www.slts.fi\/wpc\/uploads\/2024\/11\/M.-Bhattarai-ja-kuusi-300x200.jpg 300w, https:\/\/www.slts.fi\/wpc\/uploads\/2024\/11\/M.-Bhattarai-ja-kuusi-1024x683.jpg 1024w, https:\/\/www.slts.fi\/wpc\/uploads\/2024\/11\/M.-Bhattarai-ja-kuusi-768x512.jpg 768w, https:\/\/www.slts.fi\/wpc\/uploads\/2024\/11\/M.-Bhattarai-ja-kuusi-90x60.jpg 90w\" sizes=\"auto, (max-width: 1472px) 100vw, 1472px\" \/><\/p>\n<p><em>\u2019One fourth of spruce wood consists of hemicellulose, or spruce gum, but we still need plenty of research to be able to utilize it to the extent we use lignin, not to mention pulp,\u2019 says Mamata Bhattarai, currently working at Aalto University as a postdoctoral researcher. Photo: Anna Kauppi<\/em><\/p>\n<p>\u2019<em>Wood hemicelluloses have huge potential<\/em>,\u2019 says researcher\u00a0<strong>Mamata Bhattarai<\/strong>\u00a0from the Aalto University.<\/p>\n<p>\u2019<em>Wood hemicelluloses can be used to replace both vegetable and animal-derived stabilizers in foodstuffs, cosmetics and pharmaceuticals. Its potential is also being explored for the manufacturing of bio-based packaging films and thermal storage materials<\/em>\u00a0.\u2019<\/p>\n<p><img loading=\"lazy\" decoding=\"async\" class=\"alignnone size-full wp-image-288\" src=\"https:\/\/www.slts.fi\/wpc\/uploads\/2024\/11\/KuusikumiKuvaMamataBhattarai-scaled.jpg\" alt=\"\" width=\"2560\" height=\"1487\" srcset=\"https:\/\/www.slts.fi\/wpc\/uploads\/2024\/11\/KuusikumiKuvaMamataBhattarai-scaled.jpg 2560w, https:\/\/www.slts.fi\/wpc\/uploads\/2024\/11\/KuusikumiKuvaMamataBhattarai-300x174.jpg 300w, https:\/\/www.slts.fi\/wpc\/uploads\/2024\/11\/KuusikumiKuvaMamataBhattarai-1024x595.jpg 1024w, https:\/\/www.slts.fi\/wpc\/uploads\/2024\/11\/KuusikumiKuvaMamataBhattarai-768x446.jpg 768w, https:\/\/www.slts.fi\/wpc\/uploads\/2024\/11\/KuusikumiKuvaMamataBhattarai-1536x892.jpg 1536w, https:\/\/www.slts.fi\/wpc\/uploads\/2024\/11\/KuusikumiKuvaMamataBhattarai-2048x1189.jpg 2048w, https:\/\/www.slts.fi\/wpc\/uploads\/2024\/11\/KuusikumiKuvaMamataBhattarai-90x52.jpg 90w\" sizes=\"auto, (max-width: 2560px) 100vw, 2560px\" \/><\/p>\n<p><em>Spruce gum separated from spruce can be used as stabilizer in food and cosmetic products. To the right you can see unpurified spruce gum extracted by hot water, in the middle spruce gum taken from industrial side flows and to the left, purified spruce gum.Photo: Mamata Bhattarai<\/em><\/p>\n<h3>Spruce gum stabilizes yoghurt<\/h3>\n<p>Bhattarai is particularly interested in using wood hemicelluloses in emulsions in various foods, such as yoghurt or salad dressings. Here, stabilizers provide the desired consistence and mouthfeel.<\/p>\n<p>In her doctoral thesis, Bhattarai studied spruce hemicelluloses, in other words, galactoglucomannans, and the properties of spruce gums extracted by different methods.<\/p>\n<p>She found that the solubility of spruce gum and its stabilizing property in emulsions were greatly affected by how it had been extracted from wood. To take an example, pure spruce gum derived from modified pressurized hot-water extraction had the highest solubility in water, while spruce gum mixed with lignins worked better as stabilizer.<\/p>\n<p><em>\u2019I believe that these findings will provide a basis for many further studies. We still need plenty of information on the effect of different extraction methods on the properties of hemicellulose and thus its potential use as raw material.\u2019<\/em><\/p>\n<h3>Awarded thesis promotes circular bioeconomy<\/h3>\n<p>Bhattarai defended the doctoral dissertation in the Faculty of Agriculture and Forestry of the University of Helsinki in November of 2020. Yesterday, her doctoral thesis\u00a0<a href=\"https:\/\/helda.helsinki.fi\/handle\/10138\/321034\" target=\"_blank\" rel=\"noopener\"><strong>Associative behavior of spruce galactoglucomannans in aqueous solutions and emulsions<\/strong><\/a>\u00a0was awarded<strong>\u00a0<a href=\"https:\/\/www.slts.fi\/en\/doctoral-thesis-awarded-as-best-in-2020-promotes-use-of-wood-in-food-and-cosmetics\/\" target=\"_blank\" rel=\"noopener\">by the Finnish Natural Resources Research Foundation as the best doctoral thesis of the year<\/a><\/strong>. The purpose of the award is to encourage young researchers to undertake work that promotes the sustainable use of natural resources and has commercial potential.<\/p>\n<p>The foundation states that Bhattarai \u2019s research on the extraction and use of galactoglucomannan reveals a considerable industrial potential in Finland\u2019s forest-based circular bioeconomy.<\/p>\n<p><img loading=\"lazy\" decoding=\"async\" class=\"alignnone size-full wp-image-290\" src=\"https:\/\/www.slts.fi\/wpc\/uploads\/2024\/11\/MamataBhattarai_Aalto_Otaniemi-002-min.jpg\" alt=\"\" width=\"2000\" height=\"1353\" srcset=\"https:\/\/www.slts.fi\/wpc\/uploads\/2024\/11\/MamataBhattarai_Aalto_Otaniemi-002-min.jpg 2000w, https:\/\/www.slts.fi\/wpc\/uploads\/2024\/11\/MamataBhattarai_Aalto_Otaniemi-002-min-300x203.jpg 300w, https:\/\/www.slts.fi\/wpc\/uploads\/2024\/11\/MamataBhattarai_Aalto_Otaniemi-002-min-1024x693.jpg 1024w, https:\/\/www.slts.fi\/wpc\/uploads\/2024\/11\/MamataBhattarai_Aalto_Otaniemi-002-min-768x520.jpg 768w, https:\/\/www.slts.fi\/wpc\/uploads\/2024\/11\/MamataBhattarai_Aalto_Otaniemi-002-min-1536x1039.jpg 1536w, https:\/\/www.slts.fi\/wpc\/uploads\/2024\/11\/MamataBhattarai_Aalto_Otaniemi-002-min-90x61.jpg 90w\" sizes=\"auto, (max-width: 2000px) 100vw, 2000px\" \/><br \/>\nMamata Bhattarai says that Finland provides excellent opportunities for researchers and research. \u2019<em>I hope I\u2019ll still be working in Finnish university\u00a0 in ten years\u2019 time<\/em>.\u2019 Photo: Anna Kauppi<\/p>\n<p>Bhattarai says that she got interested in wood hemicelluloses soon after starting her research assistant position in the group of Associate Professor\u00a0<strong>Kirsi Mikkonen<\/strong>\u00a0at the University of Helsinki in 2015.<\/p>\n<p>Mikkonen has studied hemicellulose for years and\u00a0<a class=\"bold-link\" href=\"https:\/\/forest.fi\/products-services\/pine-gum-to-replace-other-gums\/#cbd93772\">has long believed in the extensive potential of spruce gum<\/a>.<\/p>\n<h3>One fourth of wood consists of hemicelluloses<\/h3>\n<p>It is believed that the task of hemicelluloses in wood is to make it more flexible. Without it, trees would not bend in the wind.<\/p>\n<p>Roughly, wood consists of just one fourth of hemicellulose, one third of lignin and over one third of cellulose. The structure of hemicellulose is a long and complicated chain of monosaccharides (sugars).<\/p>\n<p>But how is it that, unlike cellulose and lignin, hemicellulose has not been utilized so far? One reason, according to Bhattarai, is that cellulose is the focus of industries to prepare paper and paper boards, and because hemicellulose research on applications is still in its infancy.<\/p>\n<p>Separating hemicellulose from lignin is particularly difficult. \u2019<em>Another thing to study is whether the two could be used as raw material in combination<\/em>,\u2019 notes Bhattarai.<\/p>\n<p>\u2019<em>Industry only began to utilize the potential of wood components other than cellulose as raw material a few years ago. By now the number of bioproduct mills are declining due to less demand of paper, and with new research results, they are sure to interest themselves in also using hemicellulose<\/em>.\u2019<\/p>\n<div class=\"shortcode--youtube iframe-16-9\"><iframe src=\"https:\/\/www.youtube.com\/embed\/kjVtpZUjT5s\" frameborder=\"0\" allow=\"accelerometer; autoplay; encrypted-media; gyroscope; picture-in-picture\" allowfullscreen><\/iframe><\/div>\n<h3>Replacing synthetic raw materials in agriculture<\/h3>\n<p>Bhattarai is currently researching the properties of hemicelluloses for use agricultural applications as nanocarriers, in which hemicellulose could replace synthetic counterparts.<\/p>\n<p>\u2019<em>Even here the extraction method used is very important. We are studying several extraction methods to find what works best on the leaves of plants<\/em>,\u2019 says Bhattarai.<\/p>\n<p>For both her doctoral thesis and her current project, Bhattarai is pleased to have received high-quality spruce gum material from Dr.\u00a0<strong>Petri Kilpel\u00e4inen<\/strong>, Senior Scientist at Natural Resources Institute Finland. Kilpel\u00e4inen himself focuses on the hot-water extraction of hemicellulose for raw material and research material.<\/p>\n<p>Bhattarai says that she is most interested in topics related use of sustainable materials and technology in agri-food value chains. Utilizing the properties of natural materials to replace fossil materials is only just beginning, she feels.<\/p>\n<p>Originally from Nepal, Bhattarai long viewed wood as just something to research and as sustainable raw material. During her time in Finland she has learned to appreciate forests.<\/p>\n<p><em>\u2019In Finland, I have discovered the forest trails, its calming effect and its many treasures, such as berries and mushrooms<\/em>.\u2019<\/p>\n<p>The writer of this\u00a0<a class=\"bold-link\" href=\"https:\/\/forest.fi\/article\/wood-is-increasingly-used-in-foodstuffs-and-cosmetics-wood-hemicelluloses-has-a-huge-potential-says-researcher-mamata-bhattarai\/#356bc413\" target=\"_blank\" rel=\"noopener\">article<\/a>\u00a0is Finnish Forest Association\u2019s responsible editor-in-chief\u00a0<strong>Anna Kauppi<\/strong>.<\/p>\n<div class=\"author__meta author-black\">\n<p><a class=\"bold-link\" href=\"mailto:anna.kauppi@forest.fi\">anna.kauppi@forest.fi<\/a><br \/>\n<a class=\"bold-link\" href=\"http:\/\/www.forest.fi\/\" target=\"_blank\" rel=\"noopener\">www.forest.fi<\/a><\/p>\n<\/div>\n","protected":false},"excerpt":{"rendered":"<p>Wood is increasingly used in foodstuffs and cosmetics \u2013 Wood hemicelluloses have huge potential, says researcher Mamata Bhattarai The\u00a0Doctoral Thesis Award\u00a0was handed to\u00a0Mamata Bhattarai\u00a0in a&#8230;<\/p>\n","protected":false},"author":1,"featured_media":0,"parent":583,"menu_order":0,"comment_status":"closed","ping_status":"closed","template":"page-templates\/lander.php","meta":{"footnotes":""},"class_list":["post-591","page","type-page","status-publish","hentry"],"yoast_head":"<!-- This site is optimized with the Yoast SEO plugin v27.2 - https:\/\/yoast.com\/product\/yoast-seo-wordpress\/ -->\n<title>Doctoral thesis award 2020 - Suomen Luonnonvarain Tutkimuss\u00e4\u00e4ti\u00f6<\/title>\n<meta name=\"robots\" content=\"index, follow, max-snippet:-1, max-image-preview:large, max-video-preview:-1\" \/>\n<link rel=\"canonical\" href=\"https:\/\/www.slts.fi\/en\/doctoral-thesis-award\/doctoral-thesis-award-2020\/\" \/>\n<meta property=\"og:locale\" content=\"en_US\" \/>\n<meta property=\"og:type\" content=\"article\" \/>\n<meta property=\"og:title\" content=\"Doctoral thesis award 2020 - Suomen Luonnonvarain Tutkimuss\u00e4\u00e4ti\u00f6\" \/>\n<meta property=\"og:description\" content=\"Wood is increasingly used in foodstuffs and cosmetics \u2013 Wood hemicelluloses have huge potential, says researcher Mamata Bhattarai The\u00a0Doctoral Thesis Award\u00a0was handed to\u00a0Mamata Bhattarai\u00a0in a...\" \/>\n<meta property=\"og:url\" content=\"https:\/\/www.slts.fi\/en\/doctoral-thesis-award\/doctoral-thesis-award-2020\/\" \/>\n<meta property=\"og:site_name\" content=\"Suomen Luonnonvarain Tutkimuss\u00e4\u00e4ti\u00f6\" \/>\n<meta property=\"article:modified_time\" content=\"2024-11-22T12:45:48+00:00\" \/>\n<meta property=\"og:image\" content=\"https:\/\/www.slts.fi\/wpc\/uploads\/2024\/11\/Mamata-Pekka-ja-Roy-010921-1580-uusi-2560x0-c-default.jpg\" \/>\n\t<meta property=\"og:image:width\" content=\"2560\" \/>\n\t<meta property=\"og:image:height\" content=\"588\" \/>\n\t<meta property=\"og:image:type\" content=\"image\/jpeg\" \/>\n<meta name=\"twitter:card\" content=\"summary_large_image\" \/>\n<meta name=\"twitter:label1\" content=\"Est. reading time\" \/>\n\t<meta name=\"twitter:data1\" content=\"8 minutes\" \/>\n<script type=\"application\/ld+json\" class=\"yoast-schema-graph\">{\"@context\":\"https:\/\/schema.org\",\"@graph\":[{\"@type\":\"WebPage\",\"@id\":\"https:\/\/www.slts.fi\/en\/doctoral-thesis-award\/doctoral-thesis-award-2020\/\",\"url\":\"https:\/\/www.slts.fi\/en\/doctoral-thesis-award\/doctoral-thesis-award-2020\/\",\"name\":\"Doctoral thesis award 2020 - Suomen Luonnonvarain Tutkimuss\u00e4\u00e4ti\u00f6\",\"isPartOf\":{\"@id\":\"https:\/\/www.slts.fi\/en\/#website\"},\"primaryImageOfPage\":{\"@id\":\"https:\/\/www.slts.fi\/en\/doctoral-thesis-award\/doctoral-thesis-award-2020\/#primaryimage\"},\"image\":{\"@id\":\"https:\/\/www.slts.fi\/en\/doctoral-thesis-award\/doctoral-thesis-award-2020\/#primaryimage\"},\"thumbnailUrl\":\"https:\/\/www.slts.fi\/wpc\/uploads\/2024\/11\/Mamata-Pekka-ja-Roy-010921-1580-uusi-2560x0-c-default.jpg\",\"datePublished\":\"2024-11-15T08:15:53+00:00\",\"dateModified\":\"2024-11-22T12:45:48+00:00\",\"breadcrumb\":{\"@id\":\"https:\/\/www.slts.fi\/en\/doctoral-thesis-award\/doctoral-thesis-award-2020\/#breadcrumb\"},\"inLanguage\":\"en-US\",\"potentialAction\":[{\"@type\":\"ReadAction\",\"target\":[\"https:\/\/www.slts.fi\/en\/doctoral-thesis-award\/doctoral-thesis-award-2020\/\"]}]},{\"@type\":\"ImageObject\",\"inLanguage\":\"en-US\",\"@id\":\"https:\/\/www.slts.fi\/en\/doctoral-thesis-award\/doctoral-thesis-award-2020\/#primaryimage\",\"url\":\"https:\/\/www.slts.fi\/wpc\/uploads\/2024\/11\/Mamata-Pekka-ja-Roy-010921-1580-uusi-2560x0-c-default.jpg\",\"contentUrl\":\"https:\/\/www.slts.fi\/wpc\/uploads\/2024\/11\/Mamata-Pekka-ja-Roy-010921-1580-uusi-2560x0-c-default.jpg\"},{\"@type\":\"BreadcrumbList\",\"@id\":\"https:\/\/www.slts.fi\/en\/doctoral-thesis-award\/doctoral-thesis-award-2020\/#breadcrumb\",\"itemListElement\":[{\"@type\":\"ListItem\",\"position\":1,\"name\":\"Etusivu\",\"item\":\"https:\/\/www.slts.fi\/en\/\"},{\"@type\":\"ListItem\",\"position\":2,\"name\":\"Doctoral thesis award\",\"item\":\"https:\/\/www.slts.fi\/en\/doctoral-thesis-award\/\"},{\"@type\":\"ListItem\",\"position\":3,\"name\":\"Doctoral thesis award 2020\"}]},{\"@type\":\"WebSite\",\"@id\":\"https:\/\/www.slts.fi\/en\/#website\",\"url\":\"https:\/\/www.slts.fi\/en\/\",\"name\":\"Suomen Luonnonvarain Tutkimuss\u00e4\u00e4ti\u00f6\",\"description\":\"Kest\u00e4vi\u00e4 ratkaisuja luonnonvarojen tutkimuksella\",\"publisher\":{\"@id\":\"https:\/\/www.slts.fi\/en\/#organization\"},\"alternateName\":\"SLTS\",\"potentialAction\":[{\"@type\":\"SearchAction\",\"target\":{\"@type\":\"EntryPoint\",\"urlTemplate\":\"https:\/\/www.slts.fi\/en\/?s={search_term_string}\"},\"query-input\":{\"@type\":\"PropertyValueSpecification\",\"valueRequired\":true,\"valueName\":\"search_term_string\"}}],\"inLanguage\":\"en-US\"},{\"@type\":\"Organization\",\"@id\":\"https:\/\/www.slts.fi\/en\/#organization\",\"name\":\"Suomen Luonnonvarain Tutkimusss\u00e4\u00e4ti\u00f6\",\"alternateName\":\"SLTS\",\"url\":\"https:\/\/www.slts.fi\/en\/\",\"logo\":{\"@type\":\"ImageObject\",\"inLanguage\":\"en-US\",\"@id\":\"https:\/\/www.slts.fi\/en\/#\/schema\/logo\/image\/\",\"url\":\"https:\/\/www.slts.fi\/wpc\/uploads\/2024\/11\/logo-slts-fin.png\",\"contentUrl\":\"https:\/\/www.slts.fi\/wpc\/uploads\/2024\/11\/logo-slts-fin.png\",\"width\":436,\"height\":173,\"caption\":\"Suomen Luonnonvarain Tutkimusss\u00e4\u00e4ti\u00f6\"},\"image\":{\"@id\":\"https:\/\/www.slts.fi\/en\/#\/schema\/logo\/image\/\"}}]}<\/script>\n<!-- \/ Yoast SEO plugin. -->","yoast_head_json":{"title":"Doctoral thesis award 2020 - Suomen Luonnonvarain Tutkimuss\u00e4\u00e4ti\u00f6","robots":{"index":"index","follow":"follow","max-snippet":"max-snippet:-1","max-image-preview":"max-image-preview:large","max-video-preview":"max-video-preview:-1"},"canonical":"https:\/\/www.slts.fi\/en\/doctoral-thesis-award\/doctoral-thesis-award-2020\/","og_locale":"en_US","og_type":"article","og_title":"Doctoral thesis award 2020 - Suomen Luonnonvarain Tutkimuss\u00e4\u00e4ti\u00f6","og_description":"Wood is increasingly used in foodstuffs and cosmetics \u2013 Wood hemicelluloses have huge potential, says researcher Mamata Bhattarai The\u00a0Doctoral Thesis Award\u00a0was handed to\u00a0Mamata Bhattarai\u00a0in a...","og_url":"https:\/\/www.slts.fi\/en\/doctoral-thesis-award\/doctoral-thesis-award-2020\/","og_site_name":"Suomen Luonnonvarain Tutkimuss\u00e4\u00e4ti\u00f6","article_modified_time":"2024-11-22T12:45:48+00:00","og_image":[{"width":2560,"height":588,"url":"https:\/\/www.slts.fi\/wpc\/uploads\/2024\/11\/Mamata-Pekka-ja-Roy-010921-1580-uusi-2560x0-c-default.jpg","type":"image\/jpeg"}],"twitter_card":"summary_large_image","twitter_misc":{"Est. reading time":"8 minutes"},"schema":{"@context":"https:\/\/schema.org","@graph":[{"@type":"WebPage","@id":"https:\/\/www.slts.fi\/en\/doctoral-thesis-award\/doctoral-thesis-award-2020\/","url":"https:\/\/www.slts.fi\/en\/doctoral-thesis-award\/doctoral-thesis-award-2020\/","name":"Doctoral thesis award 2020 - Suomen Luonnonvarain Tutkimuss\u00e4\u00e4ti\u00f6","isPartOf":{"@id":"https:\/\/www.slts.fi\/en\/#website"},"primaryImageOfPage":{"@id":"https:\/\/www.slts.fi\/en\/doctoral-thesis-award\/doctoral-thesis-award-2020\/#primaryimage"},"image":{"@id":"https:\/\/www.slts.fi\/en\/doctoral-thesis-award\/doctoral-thesis-award-2020\/#primaryimage"},"thumbnailUrl":"https:\/\/www.slts.fi\/wpc\/uploads\/2024\/11\/Mamata-Pekka-ja-Roy-010921-1580-uusi-2560x0-c-default.jpg","datePublished":"2024-11-15T08:15:53+00:00","dateModified":"2024-11-22T12:45:48+00:00","breadcrumb":{"@id":"https:\/\/www.slts.fi\/en\/doctoral-thesis-award\/doctoral-thesis-award-2020\/#breadcrumb"},"inLanguage":"en-US","potentialAction":[{"@type":"ReadAction","target":["https:\/\/www.slts.fi\/en\/doctoral-thesis-award\/doctoral-thesis-award-2020\/"]}]},{"@type":"ImageObject","inLanguage":"en-US","@id":"https:\/\/www.slts.fi\/en\/doctoral-thesis-award\/doctoral-thesis-award-2020\/#primaryimage","url":"https:\/\/www.slts.fi\/wpc\/uploads\/2024\/11\/Mamata-Pekka-ja-Roy-010921-1580-uusi-2560x0-c-default.jpg","contentUrl":"https:\/\/www.slts.fi\/wpc\/uploads\/2024\/11\/Mamata-Pekka-ja-Roy-010921-1580-uusi-2560x0-c-default.jpg"},{"@type":"BreadcrumbList","@id":"https:\/\/www.slts.fi\/en\/doctoral-thesis-award\/doctoral-thesis-award-2020\/#breadcrumb","itemListElement":[{"@type":"ListItem","position":1,"name":"Etusivu","item":"https:\/\/www.slts.fi\/en\/"},{"@type":"ListItem","position":2,"name":"Doctoral thesis award","item":"https:\/\/www.slts.fi\/en\/doctoral-thesis-award\/"},{"@type":"ListItem","position":3,"name":"Doctoral thesis award 2020"}]},{"@type":"WebSite","@id":"https:\/\/www.slts.fi\/en\/#website","url":"https:\/\/www.slts.fi\/en\/","name":"Suomen Luonnonvarain Tutkimuss\u00e4\u00e4ti\u00f6","description":"Kest\u00e4vi\u00e4 ratkaisuja luonnonvarojen tutkimuksella","publisher":{"@id":"https:\/\/www.slts.fi\/en\/#organization"},"alternateName":"SLTS","potentialAction":[{"@type":"SearchAction","target":{"@type":"EntryPoint","urlTemplate":"https:\/\/www.slts.fi\/en\/?s={search_term_string}"},"query-input":{"@type":"PropertyValueSpecification","valueRequired":true,"valueName":"search_term_string"}}],"inLanguage":"en-US"},{"@type":"Organization","@id":"https:\/\/www.slts.fi\/en\/#organization","name":"Suomen Luonnonvarain Tutkimusss\u00e4\u00e4ti\u00f6","alternateName":"SLTS","url":"https:\/\/www.slts.fi\/en\/","logo":{"@type":"ImageObject","inLanguage":"en-US","@id":"https:\/\/www.slts.fi\/en\/#\/schema\/logo\/image\/","url":"https:\/\/www.slts.fi\/wpc\/uploads\/2024\/11\/logo-slts-fin.png","contentUrl":"https:\/\/www.slts.fi\/wpc\/uploads\/2024\/11\/logo-slts-fin.png","width":436,"height":173,"caption":"Suomen Luonnonvarain Tutkimusss\u00e4\u00e4ti\u00f6"},"image":{"@id":"https:\/\/www.slts.fi\/en\/#\/schema\/logo\/image\/"}}]}},"_links":{"self":[{"href":"https:\/\/www.slts.fi\/en\/wp-json\/wp\/v2\/pages\/591","targetHints":{"allow":["GET"]}}],"collection":[{"href":"https:\/\/www.slts.fi\/en\/wp-json\/wp\/v2\/pages"}],"about":[{"href":"https:\/\/www.slts.fi\/en\/wp-json\/wp\/v2\/types\/page"}],"author":[{"embeddable":true,"href":"https:\/\/www.slts.fi\/en\/wp-json\/wp\/v2\/users\/1"}],"replies":[{"embeddable":true,"href":"https:\/\/www.slts.fi\/en\/wp-json\/wp\/v2\/comments?post=591"}],"version-history":[{"count":0,"href":"https:\/\/www.slts.fi\/en\/wp-json\/wp\/v2\/pages\/591\/revisions"}],"up":[{"embeddable":true,"href":"https:\/\/www.slts.fi\/en\/wp-json\/wp\/v2\/pages\/583"}],"wp:attachment":[{"href":"https:\/\/www.slts.fi\/en\/wp-json\/wp\/v2\/media?parent=591"}],"curies":[{"name":"wp","href":"https:\/\/api.w.org\/{rel}","templated":true}]}}