{"id":590,"date":"2024-11-15T10:05:58","date_gmt":"2024-11-15T08:05:58","guid":{"rendered":"https:\/\/www.slts.fi\/doctoral-thesis-award\/vaitoskirjapalkinto-2021\/"},"modified":"2024-11-22T14:42:52","modified_gmt":"2024-11-22T12:42:52","slug":"doctoral-thesis-award-2021","status":"publish","type":"page","link":"https:\/\/www.slts.fi\/en\/doctoral-thesis-award\/doctoral-thesis-award-2021\/","title":{"rendered":"Doctoral thesis award 2021"},"content":{"rendered":"<h2>Optimising the use of raw materials in metal processing<\/h2>\n<p><img loading=\"lazy\" decoding=\"async\" class=\"alignnone size-full wp-image-488\" src=\"https:\/\/www.slts.fi\/wpc\/uploads\/2024\/11\/SLTS-palkinto-artikkeliin.png\" alt=\"\" width=\"1580\" height=\"586\" srcset=\"https:\/\/www.slts.fi\/wpc\/uploads\/2024\/11\/SLTS-palkinto-artikkeliin.png 1580w, https:\/\/www.slts.fi\/wpc\/uploads\/2024\/11\/SLTS-palkinto-artikkeliin-300x111.png 300w, https:\/\/www.slts.fi\/wpc\/uploads\/2024\/11\/SLTS-palkinto-artikkeliin-1024x380.png 1024w, https:\/\/www.slts.fi\/wpc\/uploads\/2024\/11\/SLTS-palkinto-artikkeliin-768x285.png 768w, https:\/\/www.slts.fi\/wpc\/uploads\/2024\/11\/SLTS-palkinto-artikkeliin-1536x570.png 1536w, https:\/\/www.slts.fi\/wpc\/uploads\/2024\/11\/SLTS-palkinto-artikkeliin-90x33.png 90w\" sizes=\"auto, (max-width: 1580px) 100vw, 1580px\" \/><\/p>\n<p><em><strong>Lassi Klemettinen<\/strong>\u00a0was granted the award by Foundation\u2019s CEO\u00a0<strong>Roy Siljam\u00e4ki<\/strong>\u00a0and the Chair of the Board of Directors\u00a0<strong>Pekka A. Nurmi<\/strong>.<\/em><\/p>\n<h3>Optimising the use of raw materials in Metal processing\u00a0\u2013 the best doctoral thesis of the year 2021 offers solutions.<\/h3>\n<blockquote><p>The Foundation for Research of Natural Resources in Finland granted the award for the best doctoral thesis in 2021 to Lassi Klemettinen, who earned his Doctor of Technology degree from the School of Chemical Engineering at Aalto University.\u00a0The doctoral thesis provided new data and improved accuracy concerning the distribution of rare earth metals and noble metals in the PRINCIPAL production process of base metals,\u00a0<a class=\"bold-link\" href=\"https:\/\/en.wikipedia.org\/wiki\/Flash_smelting\" target=\"_blank\" rel=\"noopener\">FLASH SMELTING<\/a>.<\/p>\n<p>The award was presented on 19 May 2022 in Helsinki at the seminar entitled \u201c<a class=\"bold-link\" href=\"https:\/\/en.wikipedia.org\/wiki\/Natural_resource\" target=\"_blank\" rel=\"noopener\">Natural Resources<\/a>\u00a0in Tomorrow\u2019s Solutions\u201d, which was arranged in the honour of the 70th anniversary of the Foundation for Research of Natural Resources in Finland.<\/p><\/blockquote>\n<p>\u201cSeveral recycled raw materials are already included in flash smelting processes. In the future, their share will further increase\u201d, says Lassi Klemettinen. His doctoral thesis work provides tools for optimising the use of both virginal and recycled raw materials in flash smelting.<\/p>\n<p>Professor emeritus Pekka Taskinen, who served as thesis advisor for Klemettinen, refers to the history of the flash smelting process:<\/p>\n<p>\u201cAfter the second World War, Finland suffered from a serious lack of energy and materials. The nation was highly motivated to develop a new energy-saving method for metal production\u201d, Taskinen explains.<\/p>\n<p>Flash smelting can be used to produce various metals, such as copper and nickel. Today, more than half of the copper in the world is produced by means of flash smelting. In Finland, the method is in use at the copper and nickel smelting plant in Harjavalta.<\/p>\n<p>Many of the smelters have, however, been optimised to handle ORE concentrates, which means that more research is needed to better understand the effects of introducing recycled raw materials into the process. In his thesis work, Doctor of Technology Lassi Klemettinen investigated the behaviour of several trace elements present in secondary raw materials (Ir, Mo, Pb, Re, Sn, Te, Ga, In, La, Nd, Li, Co, Mn) in copper smelting experiments.<\/p>\n<p>Professor Ari Jokilaakso, the supervisor of Klemettinen\u2019s thesis, points out that no comparison data was found in the literature for the behaviour of, for example, gallium, indium, lithium and lanthanum in the flash smelting process. \u201cFor manganese, the new data indicates clearly that it cannot be recovered in the current copper smelting processes\u201d, Jokilaakso says.<\/p>\n<p>The improved accuracy and reliability of the data is due to the adoption of new, direct phase-by-phase analysis techniques and their application to metallurgical samples. The results can be directly applied to industrial metallurgical processes in order to optimise the simultaneous recovery of as many metals as possible.<\/p>\n<h2>The Foundation grants the best thesis award annually<\/h2>\n<p>The Foundation for Research of Natural Resources in Finland granted the \u20ac10,000 award for the second time. A total of 13 doctoral theses approved at universities in Finland in 2021 were nominated as candidates for the award. The annually granted award supports the Foundation\u2019s activities as a funding agency for research of natural resources in Finland.<\/p>\n<p>\u201cWe want to encourage young researchers to engage in the research related to the sustainable use of Finland\u2019s natural resources\u201d, says Professor\u00a0<strong>Pekka A. Nurmi<\/strong>, Chair of the Board of Directors for the Foundation for Research of Natural Resources in Finland.<\/p>\n<p>The Foundation considered that Lassi Klemettinen\u2019s doctoral thesis\u00a0<em>\u201c<\/em><a class=\"bold-link\" href=\"https:\/\/aaltodoc.aalto.fi\/handle\/123456789\/111282\" target=\"_blank\" rel=\"noopener\">Behaviour of trace elements in copper smelting processes \u2013 LA-ICP-MS as a tool for sample characterisation<\/a><em>\u201d<\/em>\u00a0advances the utilisation of Finnish mineral reserves and use of recycled raw materials.<\/p>\n<p>According to Nurmi, the thesis investigated the behaviour of elements required, for example, in electrification, and their distribution and analysis in flash smelting, which is the leading industrial process. Although it is necessary to advance the utilisation of renewable natural resources, Nurmi points out that the demand for non-renewable metals is also increasing in, for example, the green transition technologies.<\/p>\n<p>In industrial-scale smelting processes, an improvement of a few percent in the yield of valuable metals may translate to a profit of millions of euros. The share of metallurgical industry of the value of Finnish exports amounts to 12\u201315 percent, so it is a significant field of industry.<\/p>\n<p>Resource-efficient operations, outstanding analysis methods, circular economy and state-of-the-art technologies contribute to the sustainable utilisation of natural resources. The development of these aspects calls for research, innovations and breakthroughs related to natural resources, and all these are promoted by the Foundation for Research of Natural Resources in Finland through grant funding.<\/p>\n<h2>More information:<\/h2>\n<p>Professor Pekka A. Nurmi, Chair of the Board of Directors, Foundation for Research of Natural Resources in Finland, tel. +358\u00a040\u00a0504\u00a05236.<\/p>\n<p>D.Sc.(Tech.) Lassi Klemettinen, Postdoctoral Researcher, Aalto University, lassi.klemettinen@aalto.fi, tel. +358\u00a044\u00a0214\u00a09569<\/p>\n","protected":false},"excerpt":{"rendered":"<p>Optimising the use of raw materials in metal processing Lassi Klemettinen\u00a0was granted the award by Foundation\u2019s CEO\u00a0Roy Siljam\u00e4ki\u00a0and the Chair of the Board of Directors\u00a0Pekka&#8230;<\/p>\n","protected":false},"author":1,"featured_media":0,"parent":583,"menu_order":0,"comment_status":"closed","ping_status":"closed","template":"page-templates\/lander.php","meta":{"footnotes":""},"class_list":["post-590","page","type-page","status-publish","hentry"],"yoast_head":"<!-- This site is optimized with the Yoast SEO plugin v27.2 - https:\/\/yoast.com\/product\/yoast-seo-wordpress\/ -->\n<title>Doctoral thesis award 2021 - Suomen Luonnonvarain Tutkimuss\u00e4\u00e4ti\u00f6<\/title>\n<meta name=\"robots\" content=\"index, follow, max-snippet:-1, max-image-preview:large, max-video-preview:-1\" \/>\n<link rel=\"canonical\" href=\"https:\/\/www.slts.fi\/en\/doctoral-thesis-award\/doctoral-thesis-award-2021\/\" \/>\n<meta property=\"og:locale\" content=\"en_US\" \/>\n<meta property=\"og:type\" content=\"article\" \/>\n<meta property=\"og:title\" content=\"Doctoral thesis award 2021 - Suomen Luonnonvarain Tutkimuss\u00e4\u00e4ti\u00f6\" \/>\n<meta property=\"og:description\" content=\"Optimising the use of raw materials in metal processing Lassi Klemettinen\u00a0was granted the award by Foundation\u2019s CEO\u00a0Roy Siljam\u00e4ki\u00a0and the Chair of the Board of Directors\u00a0Pekka...\" \/>\n<meta property=\"og:url\" content=\"https:\/\/www.slts.fi\/en\/doctoral-thesis-award\/doctoral-thesis-award-2021\/\" \/>\n<meta property=\"og:site_name\" content=\"Suomen Luonnonvarain Tutkimuss\u00e4\u00e4ti\u00f6\" \/>\n<meta property=\"article:modified_time\" content=\"2024-11-22T12:42:52+00:00\" \/>\n<meta property=\"og:image\" content=\"https:\/\/www.slts.fi\/wpc\/uploads\/2024\/11\/SLTS-palkinto-artikkeliin.png\" \/>\n\t<meta property=\"og:image:width\" content=\"1580\" \/>\n\t<meta property=\"og:image:height\" content=\"586\" \/>\n\t<meta property=\"og:image:type\" content=\"image\/png\" \/>\n<meta name=\"twitter:card\" content=\"summary_large_image\" \/>\n<meta name=\"twitter:label1\" content=\"Est. reading time\" \/>\n\t<meta name=\"twitter:data1\" content=\"5 minutes\" \/>\n<script type=\"application\/ld+json\" class=\"yoast-schema-graph\">{\"@context\":\"https:\/\/schema.org\",\"@graph\":[{\"@type\":\"WebPage\",\"@id\":\"https:\/\/www.slts.fi\/en\/doctoral-thesis-award\/doctoral-thesis-award-2021\/\",\"url\":\"https:\/\/www.slts.fi\/en\/doctoral-thesis-award\/doctoral-thesis-award-2021\/\",\"name\":\"Doctoral thesis award 2021 - Suomen Luonnonvarain Tutkimuss\u00e4\u00e4ti\u00f6\",\"isPartOf\":{\"@id\":\"https:\/\/www.slts.fi\/en\/#website\"},\"primaryImageOfPage\":{\"@id\":\"https:\/\/www.slts.fi\/en\/doctoral-thesis-award\/doctoral-thesis-award-2021\/#primaryimage\"},\"image\":{\"@id\":\"https:\/\/www.slts.fi\/en\/doctoral-thesis-award\/doctoral-thesis-award-2021\/#primaryimage\"},\"thumbnailUrl\":\"https:\/\/www.slts.fi\/wpc\/uploads\/2024\/11\/SLTS-palkinto-artikkeliin.png\",\"datePublished\":\"2024-11-15T08:05:58+00:00\",\"dateModified\":\"2024-11-22T12:42:52+00:00\",\"breadcrumb\":{\"@id\":\"https:\/\/www.slts.fi\/en\/doctoral-thesis-award\/doctoral-thesis-award-2021\/#breadcrumb\"},\"inLanguage\":\"en-US\",\"potentialAction\":[{\"@type\":\"ReadAction\",\"target\":[\"https:\/\/www.slts.fi\/en\/doctoral-thesis-award\/doctoral-thesis-award-2021\/\"]}]},{\"@type\":\"ImageObject\",\"inLanguage\":\"en-US\",\"@id\":\"https:\/\/www.slts.fi\/en\/doctoral-thesis-award\/doctoral-thesis-award-2021\/#primaryimage\",\"url\":\"https:\/\/www.slts.fi\/wpc\/uploads\/2024\/11\/SLTS-palkinto-artikkeliin.png\",\"contentUrl\":\"https:\/\/www.slts.fi\/wpc\/uploads\/2024\/11\/SLTS-palkinto-artikkeliin.png\"},{\"@type\":\"BreadcrumbList\",\"@id\":\"https:\/\/www.slts.fi\/en\/doctoral-thesis-award\/doctoral-thesis-award-2021\/#breadcrumb\",\"itemListElement\":[{\"@type\":\"ListItem\",\"position\":1,\"name\":\"Etusivu\",\"item\":\"https:\/\/www.slts.fi\/en\/\"},{\"@type\":\"ListItem\",\"position\":2,\"name\":\"Doctoral thesis award\",\"item\":\"https:\/\/www.slts.fi\/en\/doctoral-thesis-award\/\"},{\"@type\":\"ListItem\",\"position\":3,\"name\":\"Doctoral thesis award 2021\"}]},{\"@type\":\"WebSite\",\"@id\":\"https:\/\/www.slts.fi\/en\/#website\",\"url\":\"https:\/\/www.slts.fi\/en\/\",\"name\":\"Suomen Luonnonvarain Tutkimuss\u00e4\u00e4ti\u00f6\",\"description\":\"Kest\u00e4vi\u00e4 ratkaisuja luonnonvarojen tutkimuksella\",\"publisher\":{\"@id\":\"https:\/\/www.slts.fi\/en\/#organization\"},\"alternateName\":\"SLTS\",\"potentialAction\":[{\"@type\":\"SearchAction\",\"target\":{\"@type\":\"EntryPoint\",\"urlTemplate\":\"https:\/\/www.slts.fi\/en\/?s={search_term_string}\"},\"query-input\":{\"@type\":\"PropertyValueSpecification\",\"valueRequired\":true,\"valueName\":\"search_term_string\"}}],\"inLanguage\":\"en-US\"},{\"@type\":\"Organization\",\"@id\":\"https:\/\/www.slts.fi\/en\/#organization\",\"name\":\"Suomen Luonnonvarain Tutkimusss\u00e4\u00e4ti\u00f6\",\"alternateName\":\"SLTS\",\"url\":\"https:\/\/www.slts.fi\/en\/\",\"logo\":{\"@type\":\"ImageObject\",\"inLanguage\":\"en-US\",\"@id\":\"https:\/\/www.slts.fi\/en\/#\/schema\/logo\/image\/\",\"url\":\"https:\/\/www.slts.fi\/wpc\/uploads\/2024\/11\/logo-slts-fin.png\",\"contentUrl\":\"https:\/\/www.slts.fi\/wpc\/uploads\/2024\/11\/logo-slts-fin.png\",\"width\":436,\"height\":173,\"caption\":\"Suomen Luonnonvarain Tutkimusss\u00e4\u00e4ti\u00f6\"},\"image\":{\"@id\":\"https:\/\/www.slts.fi\/en\/#\/schema\/logo\/image\/\"}}]}<\/script>\n<!-- \/ Yoast SEO plugin. -->","yoast_head_json":{"title":"Doctoral thesis award 2021 - Suomen Luonnonvarain Tutkimuss\u00e4\u00e4ti\u00f6","robots":{"index":"index","follow":"follow","max-snippet":"max-snippet:-1","max-image-preview":"max-image-preview:large","max-video-preview":"max-video-preview:-1"},"canonical":"https:\/\/www.slts.fi\/en\/doctoral-thesis-award\/doctoral-thesis-award-2021\/","og_locale":"en_US","og_type":"article","og_title":"Doctoral thesis award 2021 - Suomen Luonnonvarain Tutkimuss\u00e4\u00e4ti\u00f6","og_description":"Optimising the use of raw materials in metal processing Lassi Klemettinen\u00a0was granted the award by Foundation\u2019s CEO\u00a0Roy Siljam\u00e4ki\u00a0and the Chair of the Board of Directors\u00a0Pekka...","og_url":"https:\/\/www.slts.fi\/en\/doctoral-thesis-award\/doctoral-thesis-award-2021\/","og_site_name":"Suomen Luonnonvarain Tutkimuss\u00e4\u00e4ti\u00f6","article_modified_time":"2024-11-22T12:42:52+00:00","og_image":[{"width":1580,"height":586,"url":"https:\/\/www.slts.fi\/wpc\/uploads\/2024\/11\/SLTS-palkinto-artikkeliin.png","type":"image\/png"}],"twitter_card":"summary_large_image","twitter_misc":{"Est. reading time":"5 minutes"},"schema":{"@context":"https:\/\/schema.org","@graph":[{"@type":"WebPage","@id":"https:\/\/www.slts.fi\/en\/doctoral-thesis-award\/doctoral-thesis-award-2021\/","url":"https:\/\/www.slts.fi\/en\/doctoral-thesis-award\/doctoral-thesis-award-2021\/","name":"Doctoral thesis award 2021 - Suomen Luonnonvarain Tutkimuss\u00e4\u00e4ti\u00f6","isPartOf":{"@id":"https:\/\/www.slts.fi\/en\/#website"},"primaryImageOfPage":{"@id":"https:\/\/www.slts.fi\/en\/doctoral-thesis-award\/doctoral-thesis-award-2021\/#primaryimage"},"image":{"@id":"https:\/\/www.slts.fi\/en\/doctoral-thesis-award\/doctoral-thesis-award-2021\/#primaryimage"},"thumbnailUrl":"https:\/\/www.slts.fi\/wpc\/uploads\/2024\/11\/SLTS-palkinto-artikkeliin.png","datePublished":"2024-11-15T08:05:58+00:00","dateModified":"2024-11-22T12:42:52+00:00","breadcrumb":{"@id":"https:\/\/www.slts.fi\/en\/doctoral-thesis-award\/doctoral-thesis-award-2021\/#breadcrumb"},"inLanguage":"en-US","potentialAction":[{"@type":"ReadAction","target":["https:\/\/www.slts.fi\/en\/doctoral-thesis-award\/doctoral-thesis-award-2021\/"]}]},{"@type":"ImageObject","inLanguage":"en-US","@id":"https:\/\/www.slts.fi\/en\/doctoral-thesis-award\/doctoral-thesis-award-2021\/#primaryimage","url":"https:\/\/www.slts.fi\/wpc\/uploads\/2024\/11\/SLTS-palkinto-artikkeliin.png","contentUrl":"https:\/\/www.slts.fi\/wpc\/uploads\/2024\/11\/SLTS-palkinto-artikkeliin.png"},{"@type":"BreadcrumbList","@id":"https:\/\/www.slts.fi\/en\/doctoral-thesis-award\/doctoral-thesis-award-2021\/#breadcrumb","itemListElement":[{"@type":"ListItem","position":1,"name":"Etusivu","item":"https:\/\/www.slts.fi\/en\/"},{"@type":"ListItem","position":2,"name":"Doctoral thesis award","item":"https:\/\/www.slts.fi\/en\/doctoral-thesis-award\/"},{"@type":"ListItem","position":3,"name":"Doctoral thesis award 2021"}]},{"@type":"WebSite","@id":"https:\/\/www.slts.fi\/en\/#website","url":"https:\/\/www.slts.fi\/en\/","name":"Suomen Luonnonvarain Tutkimuss\u00e4\u00e4ti\u00f6","description":"Kest\u00e4vi\u00e4 ratkaisuja luonnonvarojen tutkimuksella","publisher":{"@id":"https:\/\/www.slts.fi\/en\/#organization"},"alternateName":"SLTS","potentialAction":[{"@type":"SearchAction","target":{"@type":"EntryPoint","urlTemplate":"https:\/\/www.slts.fi\/en\/?s={search_term_string}"},"query-input":{"@type":"PropertyValueSpecification","valueRequired":true,"valueName":"search_term_string"}}],"inLanguage":"en-US"},{"@type":"Organization","@id":"https:\/\/www.slts.fi\/en\/#organization","name":"Suomen Luonnonvarain Tutkimusss\u00e4\u00e4ti\u00f6","alternateName":"SLTS","url":"https:\/\/www.slts.fi\/en\/","logo":{"@type":"ImageObject","inLanguage":"en-US","@id":"https:\/\/www.slts.fi\/en\/#\/schema\/logo\/image\/","url":"https:\/\/www.slts.fi\/wpc\/uploads\/2024\/11\/logo-slts-fin.png","contentUrl":"https:\/\/www.slts.fi\/wpc\/uploads\/2024\/11\/logo-slts-fin.png","width":436,"height":173,"caption":"Suomen Luonnonvarain Tutkimusss\u00e4\u00e4ti\u00f6"},"image":{"@id":"https:\/\/www.slts.fi\/en\/#\/schema\/logo\/image\/"}}]}},"_links":{"self":[{"href":"https:\/\/www.slts.fi\/en\/wp-json\/wp\/v2\/pages\/590","targetHints":{"allow":["GET"]}}],"collection":[{"href":"https:\/\/www.slts.fi\/en\/wp-json\/wp\/v2\/pages"}],"about":[{"href":"https:\/\/www.slts.fi\/en\/wp-json\/wp\/v2\/types\/page"}],"author":[{"embeddable":true,"href":"https:\/\/www.slts.fi\/en\/wp-json\/wp\/v2\/users\/1"}],"replies":[{"embeddable":true,"href":"https:\/\/www.slts.fi\/en\/wp-json\/wp\/v2\/comments?post=590"}],"version-history":[{"count":0,"href":"https:\/\/www.slts.fi\/en\/wp-json\/wp\/v2\/pages\/590\/revisions"}],"up":[{"embeddable":true,"href":"https:\/\/www.slts.fi\/en\/wp-json\/wp\/v2\/pages\/583"}],"wp:attachment":[{"href":"https:\/\/www.slts.fi\/en\/wp-json\/wp\/v2\/media?parent=590"}],"curies":[{"name":"wp","href":"https:\/\/api.w.org\/{rel}","templated":true}]}}