{"id":589,"date":"2024-11-15T10:03:25","date_gmt":"2024-11-15T08:03:25","guid":{"rendered":"https:\/\/www.slts.fi\/doctoral-thesis-award\/vaitoskirjapalkinto-2022\/"},"modified":"2024-11-22T14:39:13","modified_gmt":"2024-11-22T12:39:13","slug":"doctoral-thesis-award-2022","status":"publish","type":"page","link":"https:\/\/www.slts.fi\/en\/doctoral-thesis-award\/doctoral-thesis-award-2022\/","title":{"rendered":"Doctoral thesis award 2022"},"content":{"rendered":"<h1>The award for the best doctoral thesis of the year 2022 granted to Subin Kalu<\/h1>\n<p><img loading=\"lazy\" decoding=\"async\" class=\"alignnone size-full wp-image-98\" src=\"https:\/\/www.slts.fi\/wpc\/uploads\/2024\/11\/Subin-Kalu-Agrichar-1.jpg\" alt=\"\" width=\"1200\" height=\"800\" srcset=\"https:\/\/www.slts.fi\/wpc\/uploads\/2024\/11\/Subin-Kalu-Agrichar-1.jpg 1200w, https:\/\/www.slts.fi\/wpc\/uploads\/2024\/11\/Subin-Kalu-Agrichar-1-300x200.jpg 300w, https:\/\/www.slts.fi\/wpc\/uploads\/2024\/11\/Subin-Kalu-Agrichar-1-1024x683.jpg 1024w, https:\/\/www.slts.fi\/wpc\/uploads\/2024\/11\/Subin-Kalu-Agrichar-1-768x512.jpg 768w, https:\/\/www.slts.fi\/wpc\/uploads\/2024\/11\/Subin-Kalu-Agrichar-1-90x60.jpg 90w\" sizes=\"auto, (max-width: 1200px) 100vw, 1200px\" \/><\/p>\n<p><em>The Finnish Natural Resources Research Foundation encourages young research students to specialise in research that promotes the sustainable use of Finland\u2019s natural resources by granting an annual award of EUR 10,000 for a doctoral thesis that best advances the Foundation\u2019s goals. This time, the Foundation received 14 proposals for the award from seven Finnish universities.<\/em><\/p>\n<p>The award for the best doctoral thesis in 2022 was granted to Subin Kalu, Ph.D., who earned his doctoral degree from the University of Helsinki. In his doctoral thesis \u201cLong-term effects of biochars as a soil modification in boreal agricultural soil\u201d, Subin Kalu studied the long-term effects of biochar on fields in southern Finland. As a durable, porous and carbon-containing substance, biochar is of great interest because of its ability to bind atmospheric carbon, while having a positive impact on agriculture and the environment. Presenting novel scientific and technical results, Kalu\u2019s thesis is of a very high standard. It presents unique results on the long-term potential of biochar to increase the intake of nutrients, specially nitrogen, by plants, which in turn reduces the need for fertilisation in agriculture. Kalu\u2019s research shows that biochar offers a safe means of strengthening soil\u2019s properties as a carbon sink for the benefit of the climate. The work promotes the principles of sustainable development related to carbon neutrality, the improvement of soil properties and the reduction of greenhouse gas emissions.<\/p>\n<p>In addition to its strong scientific merits, the thesis holds clear commercial potential as the need to gain new carbon sinks rapidly will increase in Finland and the EU in the coming years. Biochar production is a growing business in Finland, with the market for biochar expected to grow. The utilisation of logging waste as biochar is an example of value-added products that are obtained from forestry\u2019s side and waste streams in Finland. The Finnish company Carbofex Oy is already one of Europe\u2019s largest producers of certified biochar.<\/p>\n<p>Subin Kalu\u2019s doctoral thesis meets the criteria set by the Finnish Natural Resources Research Foundation for the doctoral thesis award. In the thesis, extremely high scientific standards are combined with commercial potential in a way that promotes bio-economy and sustainable growth in Finland.<\/p>\n<p><img loading=\"lazy\" decoding=\"async\" class=\"alignnone size-full wp-image-99\" src=\"https:\/\/www.slts.fi\/wpc\/uploads\/2024\/11\/Subin-Kalu-Graduation-002-1.jpg\" alt=\"\" width=\"1200\" height=\"800\" srcset=\"https:\/\/www.slts.fi\/wpc\/uploads\/2024\/11\/Subin-Kalu-Graduation-002-1.jpg 1200w, https:\/\/www.slts.fi\/wpc\/uploads\/2024\/11\/Subin-Kalu-Graduation-002-1-300x200.jpg 300w, https:\/\/www.slts.fi\/wpc\/uploads\/2024\/11\/Subin-Kalu-Graduation-002-1-1024x683.jpg 1024w, https:\/\/www.slts.fi\/wpc\/uploads\/2024\/11\/Subin-Kalu-Graduation-002-1-768x512.jpg 768w, https:\/\/www.slts.fi\/wpc\/uploads\/2024\/11\/Subin-Kalu-Graduation-002-1-90x60.jpg 90w\" sizes=\"auto, (max-width: 1200px) 100vw, 1200px\" \/><\/p>\n<p><em>The thesis was supervised by Kristiina Karhu, Associate Professor of Forest Soil Science and Biogeochemistry, Priit Tammeorg, University Lecturer in Plant Breeding, and Asko Simojoki, University Lecturer in Environmental Soil Science from the Faculty of Agriculture and Forestry of the University of Helsinki. Subin Kalu defended his thesis at the University of Helsinki on 2 September 2022. The opponent was Professor Claudia Kammann (Hochschule Geisenheim University) and the custos was Professor Johan Ekroos.<\/em><\/p>\n","protected":false},"excerpt":{"rendered":"<p>The award for the best doctoral thesis of the year 2022 granted to Subin Kalu The Finnish Natural Resources Research Foundation encourages young research students&#8230;<\/p>\n","protected":false},"author":1,"featured_media":0,"parent":583,"menu_order":0,"comment_status":"closed","ping_status":"closed","template":"page-templates\/lander.php","meta":{"footnotes":""},"class_list":["post-589","page","type-page","status-publish","hentry"],"yoast_head":"<!-- This site is optimized with the Yoast SEO plugin v27.2 - https:\/\/yoast.com\/product\/yoast-seo-wordpress\/ -->\n<title>Doctoral thesis award 2022 - Suomen Luonnonvarain Tutkimuss\u00e4\u00e4ti\u00f6<\/title>\n<meta name=\"robots\" content=\"index, follow, max-snippet:-1, max-image-preview:large, max-video-preview:-1\" \/>\n<link rel=\"canonical\" href=\"https:\/\/www.slts.fi\/en\/doctoral-thesis-award\/doctoral-thesis-award-2022\/\" \/>\n<meta property=\"og:locale\" content=\"en_US\" \/>\n<meta property=\"og:type\" content=\"article\" \/>\n<meta property=\"og:title\" content=\"Doctoral thesis award 2022 - Suomen Luonnonvarain Tutkimuss\u00e4\u00e4ti\u00f6\" \/>\n<meta property=\"og:description\" content=\"The award for the best doctoral thesis of the year 2022 granted to Subin Kalu The Finnish Natural Resources Research Foundation encourages young research students...\" \/>\n<meta property=\"og:url\" content=\"https:\/\/www.slts.fi\/en\/doctoral-thesis-award\/doctoral-thesis-award-2022\/\" \/>\n<meta property=\"og:site_name\" content=\"Suomen Luonnonvarain Tutkimuss\u00e4\u00e4ti\u00f6\" \/>\n<meta property=\"article:modified_time\" content=\"2024-11-22T12:39:13+00:00\" \/>\n<meta property=\"og:image\" content=\"https:\/\/www.slts.fi\/wpc\/uploads\/2024\/11\/Subin-Kalu-Agrichar-1.jpg\" \/>\n\t<meta property=\"og:image:width\" content=\"1200\" \/>\n\t<meta property=\"og:image:height\" content=\"800\" \/>\n\t<meta property=\"og:image:type\" content=\"image\/jpeg\" \/>\n<meta name=\"twitter:card\" content=\"summary_large_image\" \/>\n<meta name=\"twitter:label1\" content=\"Est. reading time\" \/>\n\t<meta name=\"twitter:data1\" content=\"4 minutes\" \/>\n<script type=\"application\/ld+json\" class=\"yoast-schema-graph\">{\"@context\":\"https:\/\/schema.org\",\"@graph\":[{\"@type\":\"WebPage\",\"@id\":\"https:\/\/www.slts.fi\/en\/doctoral-thesis-award\/doctoral-thesis-award-2022\/\",\"url\":\"https:\/\/www.slts.fi\/en\/doctoral-thesis-award\/doctoral-thesis-award-2022\/\",\"name\":\"Doctoral thesis award 2022 - Suomen Luonnonvarain Tutkimuss\u00e4\u00e4ti\u00f6\",\"isPartOf\":{\"@id\":\"https:\/\/www.slts.fi\/en\/#website\"},\"primaryImageOfPage\":{\"@id\":\"https:\/\/www.slts.fi\/en\/doctoral-thesis-award\/doctoral-thesis-award-2022\/#primaryimage\"},\"image\":{\"@id\":\"https:\/\/www.slts.fi\/en\/doctoral-thesis-award\/doctoral-thesis-award-2022\/#primaryimage\"},\"thumbnailUrl\":\"https:\/\/www.slts.fi\/wpc\/uploads\/2024\/11\/Subin-Kalu-Agrichar-1.jpg\",\"datePublished\":\"2024-11-15T08:03:25+00:00\",\"dateModified\":\"2024-11-22T12:39:13+00:00\",\"breadcrumb\":{\"@id\":\"https:\/\/www.slts.fi\/en\/doctoral-thesis-award\/doctoral-thesis-award-2022\/#breadcrumb\"},\"inLanguage\":\"en-US\",\"potentialAction\":[{\"@type\":\"ReadAction\",\"target\":[\"https:\/\/www.slts.fi\/en\/doctoral-thesis-award\/doctoral-thesis-award-2022\/\"]}]},{\"@type\":\"ImageObject\",\"inLanguage\":\"en-US\",\"@id\":\"https:\/\/www.slts.fi\/en\/doctoral-thesis-award\/doctoral-thesis-award-2022\/#primaryimage\",\"url\":\"https:\/\/www.slts.fi\/wpc\/uploads\/2024\/11\/Subin-Kalu-Agrichar-1.jpg\",\"contentUrl\":\"https:\/\/www.slts.fi\/wpc\/uploads\/2024\/11\/Subin-Kalu-Agrichar-1.jpg\"},{\"@type\":\"BreadcrumbList\",\"@id\":\"https:\/\/www.slts.fi\/en\/doctoral-thesis-award\/doctoral-thesis-award-2022\/#breadcrumb\",\"itemListElement\":[{\"@type\":\"ListItem\",\"position\":1,\"name\":\"Etusivu\",\"item\":\"https:\/\/www.slts.fi\/en\/\"},{\"@type\":\"ListItem\",\"position\":2,\"name\":\"Doctoral thesis award\",\"item\":\"https:\/\/www.slts.fi\/en\/doctoral-thesis-award\/\"},{\"@type\":\"ListItem\",\"position\":3,\"name\":\"Doctoral thesis award 2022\"}]},{\"@type\":\"WebSite\",\"@id\":\"https:\/\/www.slts.fi\/en\/#website\",\"url\":\"https:\/\/www.slts.fi\/en\/\",\"name\":\"Suomen Luonnonvarain Tutkimuss\u00e4\u00e4ti\u00f6\",\"description\":\"Kest\u00e4vi\u00e4 ratkaisuja luonnonvarojen tutkimuksella\",\"publisher\":{\"@id\":\"https:\/\/www.slts.fi\/en\/#organization\"},\"alternateName\":\"SLTS\",\"potentialAction\":[{\"@type\":\"SearchAction\",\"target\":{\"@type\":\"EntryPoint\",\"urlTemplate\":\"https:\/\/www.slts.fi\/en\/?s={search_term_string}\"},\"query-input\":{\"@type\":\"PropertyValueSpecification\",\"valueRequired\":true,\"valueName\":\"search_term_string\"}}],\"inLanguage\":\"en-US\"},{\"@type\":\"Organization\",\"@id\":\"https:\/\/www.slts.fi\/en\/#organization\",\"name\":\"Suomen Luonnonvarain Tutkimusss\u00e4\u00e4ti\u00f6\",\"alternateName\":\"SLTS\",\"url\":\"https:\/\/www.slts.fi\/en\/\",\"logo\":{\"@type\":\"ImageObject\",\"inLanguage\":\"en-US\",\"@id\":\"https:\/\/www.slts.fi\/en\/#\/schema\/logo\/image\/\",\"url\":\"https:\/\/www.slts.fi\/wpc\/uploads\/2024\/11\/logo-slts-fin.png\",\"contentUrl\":\"https:\/\/www.slts.fi\/wpc\/uploads\/2024\/11\/logo-slts-fin.png\",\"width\":436,\"height\":173,\"caption\":\"Suomen Luonnonvarain Tutkimusss\u00e4\u00e4ti\u00f6\"},\"image\":{\"@id\":\"https:\/\/www.slts.fi\/en\/#\/schema\/logo\/image\/\"}}]}<\/script>\n<!-- \/ Yoast SEO plugin. -->","yoast_head_json":{"title":"Doctoral thesis award 2022 - Suomen Luonnonvarain Tutkimuss\u00e4\u00e4ti\u00f6","robots":{"index":"index","follow":"follow","max-snippet":"max-snippet:-1","max-image-preview":"max-image-preview:large","max-video-preview":"max-video-preview:-1"},"canonical":"https:\/\/www.slts.fi\/en\/doctoral-thesis-award\/doctoral-thesis-award-2022\/","og_locale":"en_US","og_type":"article","og_title":"Doctoral thesis award 2022 - Suomen Luonnonvarain Tutkimuss\u00e4\u00e4ti\u00f6","og_description":"The award for the best doctoral thesis of the year 2022 granted to Subin Kalu The Finnish Natural Resources Research Foundation encourages young research students...","og_url":"https:\/\/www.slts.fi\/en\/doctoral-thesis-award\/doctoral-thesis-award-2022\/","og_site_name":"Suomen Luonnonvarain Tutkimuss\u00e4\u00e4ti\u00f6","article_modified_time":"2024-11-22T12:39:13+00:00","og_image":[{"width":1200,"height":800,"url":"https:\/\/www.slts.fi\/wpc\/uploads\/2024\/11\/Subin-Kalu-Agrichar-1.jpg","type":"image\/jpeg"}],"twitter_card":"summary_large_image","twitter_misc":{"Est. reading time":"4 minutes"},"schema":{"@context":"https:\/\/schema.org","@graph":[{"@type":"WebPage","@id":"https:\/\/www.slts.fi\/en\/doctoral-thesis-award\/doctoral-thesis-award-2022\/","url":"https:\/\/www.slts.fi\/en\/doctoral-thesis-award\/doctoral-thesis-award-2022\/","name":"Doctoral thesis award 2022 - Suomen Luonnonvarain Tutkimuss\u00e4\u00e4ti\u00f6","isPartOf":{"@id":"https:\/\/www.slts.fi\/en\/#website"},"primaryImageOfPage":{"@id":"https:\/\/www.slts.fi\/en\/doctoral-thesis-award\/doctoral-thesis-award-2022\/#primaryimage"},"image":{"@id":"https:\/\/www.slts.fi\/en\/doctoral-thesis-award\/doctoral-thesis-award-2022\/#primaryimage"},"thumbnailUrl":"https:\/\/www.slts.fi\/wpc\/uploads\/2024\/11\/Subin-Kalu-Agrichar-1.jpg","datePublished":"2024-11-15T08:03:25+00:00","dateModified":"2024-11-22T12:39:13+00:00","breadcrumb":{"@id":"https:\/\/www.slts.fi\/en\/doctoral-thesis-award\/doctoral-thesis-award-2022\/#breadcrumb"},"inLanguage":"en-US","potentialAction":[{"@type":"ReadAction","target":["https:\/\/www.slts.fi\/en\/doctoral-thesis-award\/doctoral-thesis-award-2022\/"]}]},{"@type":"ImageObject","inLanguage":"en-US","@id":"https:\/\/www.slts.fi\/en\/doctoral-thesis-award\/doctoral-thesis-award-2022\/#primaryimage","url":"https:\/\/www.slts.fi\/wpc\/uploads\/2024\/11\/Subin-Kalu-Agrichar-1.jpg","contentUrl":"https:\/\/www.slts.fi\/wpc\/uploads\/2024\/11\/Subin-Kalu-Agrichar-1.jpg"},{"@type":"BreadcrumbList","@id":"https:\/\/www.slts.fi\/en\/doctoral-thesis-award\/doctoral-thesis-award-2022\/#breadcrumb","itemListElement":[{"@type":"ListItem","position":1,"name":"Etusivu","item":"https:\/\/www.slts.fi\/en\/"},{"@type":"ListItem","position":2,"name":"Doctoral thesis award","item":"https:\/\/www.slts.fi\/en\/doctoral-thesis-award\/"},{"@type":"ListItem","position":3,"name":"Doctoral thesis award 2022"}]},{"@type":"WebSite","@id":"https:\/\/www.slts.fi\/en\/#website","url":"https:\/\/www.slts.fi\/en\/","name":"Suomen Luonnonvarain Tutkimuss\u00e4\u00e4ti\u00f6","description":"Kest\u00e4vi\u00e4 ratkaisuja luonnonvarojen tutkimuksella","publisher":{"@id":"https:\/\/www.slts.fi\/en\/#organization"},"alternateName":"SLTS","potentialAction":[{"@type":"SearchAction","target":{"@type":"EntryPoint","urlTemplate":"https:\/\/www.slts.fi\/en\/?s={search_term_string}"},"query-input":{"@type":"PropertyValueSpecification","valueRequired":true,"valueName":"search_term_string"}}],"inLanguage":"en-US"},{"@type":"Organization","@id":"https:\/\/www.slts.fi\/en\/#organization","name":"Suomen Luonnonvarain Tutkimusss\u00e4\u00e4ti\u00f6","alternateName":"SLTS","url":"https:\/\/www.slts.fi\/en\/","logo":{"@type":"ImageObject","inLanguage":"en-US","@id":"https:\/\/www.slts.fi\/en\/#\/schema\/logo\/image\/","url":"https:\/\/www.slts.fi\/wpc\/uploads\/2024\/11\/logo-slts-fin.png","contentUrl":"https:\/\/www.slts.fi\/wpc\/uploads\/2024\/11\/logo-slts-fin.png","width":436,"height":173,"caption":"Suomen Luonnonvarain Tutkimusss\u00e4\u00e4ti\u00f6"},"image":{"@id":"https:\/\/www.slts.fi\/en\/#\/schema\/logo\/image\/"}}]}},"_links":{"self":[{"href":"https:\/\/www.slts.fi\/en\/wp-json\/wp\/v2\/pages\/589","targetHints":{"allow":["GET"]}}],"collection":[{"href":"https:\/\/www.slts.fi\/en\/wp-json\/wp\/v2\/pages"}],"about":[{"href":"https:\/\/www.slts.fi\/en\/wp-json\/wp\/v2\/types\/page"}],"author":[{"embeddable":true,"href":"https:\/\/www.slts.fi\/en\/wp-json\/wp\/v2\/users\/1"}],"replies":[{"embeddable":true,"href":"https:\/\/www.slts.fi\/en\/wp-json\/wp\/v2\/comments?post=589"}],"version-history":[{"count":0,"href":"https:\/\/www.slts.fi\/en\/wp-json\/wp\/v2\/pages\/589\/revisions"}],"up":[{"embeddable":true,"href":"https:\/\/www.slts.fi\/en\/wp-json\/wp\/v2\/pages\/583"}],"wp:attachment":[{"href":"https:\/\/www.slts.fi\/en\/wp-json\/wp\/v2\/media?parent=589"}],"curies":[{"name":"wp","href":"https:\/\/api.w.org\/{rel}","templated":true}]}}