{"id":588,"date":"2024-11-15T09:58:46","date_gmt":"2024-11-15T07:58:46","guid":{"rendered":"https:\/\/www.slts.fi\/doctoral-thesis-award\/vaitoskirjapalkinto-2023\/"},"modified":"2024-11-22T14:38:37","modified_gmt":"2024-11-22T12:38:37","slug":"doctoral-thesis-award-2023","status":"publish","type":"page","link":"https:\/\/www.slts.fi\/en\/doctoral-thesis-award\/doctoral-thesis-award-2023\/","title":{"rendered":"Doctoral thesis award 2023"},"content":{"rendered":"<h2>Alexander Henn, 28, from Espoo received a significant doctoral thesis award \u2013 he developed new applications for wood-based lignin to create opportunities to increase the value of forest industry side streams<\/h2>\n<p><em>The Finnish Natural Resources Research Foundation encourages young research students to specialise in research that promotes the sustainable use of Finland\u2019s natural resources by granting an annual award of EUR 10,000 for a doctoral thesis that best advances the Foundation\u2019s goals. This time, the Foundation received 12 proposals for the award from seven Finnish universities.<\/em><\/p>\n<p>The award was given to 28-year-old Alexander Henn. In his doctoral thesis \u201cScalable Surface Chemistry for Lignin Modification \u2013 Creating Value for a Forest-Based Society\u201d completed at Aalto University, Henn developed methods to modify lignin-containing side streams from industrial sulphate processes for added-value products related to functional coatings and heat generation materials.<\/p>\n<p><img loading=\"lazy\" decoding=\"async\" class=\"alignnone size-full wp-image-86\" src=\"https:\/\/www.slts.fi\/wpc\/uploads\/2024\/11\/Alexander-Henn-2-1.jpg\" alt=\"\" width=\"1200\" height=\"800\" srcset=\"https:\/\/www.slts.fi\/wpc\/uploads\/2024\/11\/Alexander-Henn-2-1.jpg 1200w, https:\/\/www.slts.fi\/wpc\/uploads\/2024\/11\/Alexander-Henn-2-1-300x200.jpg 300w, https:\/\/www.slts.fi\/wpc\/uploads\/2024\/11\/Alexander-Henn-2-1-1024x683.jpg 1024w, https:\/\/www.slts.fi\/wpc\/uploads\/2024\/11\/Alexander-Henn-2-1-768x512.jpg 768w, https:\/\/www.slts.fi\/wpc\/uploads\/2024\/11\/Alexander-Henn-2-1-90x60.jpg 90w\" sizes=\"auto, (max-width: 1200px) 100vw, 1200px\" \/><\/p>\n<p><em>Alexander Henn<\/em><\/p>\n<p><img loading=\"lazy\" decoding=\"async\" class=\"alignnone size-full wp-image-87\" src=\"https:\/\/www.slts.fi\/wpc\/uploads\/2024\/11\/Alexander-Henn1-2.jpg\" alt=\"\" width=\"1200\" height=\"800\" srcset=\"https:\/\/www.slts.fi\/wpc\/uploads\/2024\/11\/Alexander-Henn1-2.jpg 1200w, https:\/\/www.slts.fi\/wpc\/uploads\/2024\/11\/Alexander-Henn1-2-300x200.jpg 300w, https:\/\/www.slts.fi\/wpc\/uploads\/2024\/11\/Alexander-Henn1-2-1024x683.jpg 1024w, https:\/\/www.slts.fi\/wpc\/uploads\/2024\/11\/Alexander-Henn1-2-768x512.jpg 768w, https:\/\/www.slts.fi\/wpc\/uploads\/2024\/11\/Alexander-Henn1-2-90x60.jpg 90w\" sizes=\"auto, (max-width: 1200px) 100vw, 1200px\" \/><br \/>\n<em>Henn previously received the Marcus Wallenberg Young Researchers\u2019 Challenge Prize. Photo: Johan Guns\u00e9us\/MWP<\/em><\/p>\n<p>Lignin, a wood-based polymer, is generated as an industrial by-product. Thanks to its chemical composition, lignin has a number of interesting properties, but its effective use is difficult due to its poor solubility, low reactivity and heterogeneity. Currently, lignin side streams are mainly incinerated. In his doctoral thesis, Henn developed modification technologies that help improve the properties of lignin and use it to produce nanoparticles customised for various applications. During the thesis process, Henn developed two coating applications from lignin: an adhesive and hybrid particles for heat storage. The scalability of the developed applications increases the value of the thesis.<\/p>\n<p>The results of Alexander Henn\u2019s doctoral thesis have been published in scientifically high-quality publication series. In addition, the thesis has resulted in patent applications, and a spin-off company has been established based on it. The thesis combines scientific excellence and practicality. It advances the value-added use of Finnish wood materials in accordance with the principles of the bioeconomy and circular economy.<\/p>\n","protected":false},"excerpt":{"rendered":"<p>Alexander Henn, 28, from Espoo received a significant doctoral thesis award \u2013 he developed new applications for wood-based lignin to create opportunities to increase the&#8230;<\/p>\n","protected":false},"author":1,"featured_media":0,"parent":583,"menu_order":0,"comment_status":"closed","ping_status":"closed","template":"page-templates\/lander.php","meta":{"footnotes":""},"class_list":["post-588","page","type-page","status-publish","hentry"],"yoast_head":"<!-- This site is optimized with the Yoast SEO plugin v27.2 - https:\/\/yoast.com\/product\/yoast-seo-wordpress\/ -->\n<title>Doctoral thesis award 2023 - Suomen Luonnonvarain Tutkimuss\u00e4\u00e4ti\u00f6<\/title>\n<meta name=\"robots\" content=\"index, follow, max-snippet:-1, max-image-preview:large, max-video-preview:-1\" \/>\n<link rel=\"canonical\" href=\"https:\/\/www.slts.fi\/en\/doctoral-thesis-award\/doctoral-thesis-award-2023\/\" \/>\n<meta property=\"og:locale\" content=\"en_US\" \/>\n<meta property=\"og:type\" content=\"article\" \/>\n<meta property=\"og:title\" content=\"Doctoral thesis award 2023 - Suomen Luonnonvarain Tutkimuss\u00e4\u00e4ti\u00f6\" \/>\n<meta property=\"og:description\" content=\"Alexander Henn, 28, from Espoo received a significant doctoral thesis award \u2013 he developed new applications for wood-based lignin to create opportunities to increase the...\" \/>\n<meta property=\"og:url\" content=\"https:\/\/www.slts.fi\/en\/doctoral-thesis-award\/doctoral-thesis-award-2023\/\" \/>\n<meta property=\"og:site_name\" content=\"Suomen Luonnonvarain Tutkimuss\u00e4\u00e4ti\u00f6\" \/>\n<meta property=\"article:modified_time\" content=\"2024-11-22T12:38:37+00:00\" \/>\n<meta property=\"og:image\" content=\"https:\/\/www.slts.fi\/wpc\/uploads\/2024\/11\/Alexander-Henn-2-1.jpg\" \/>\n\t<meta property=\"og:image:width\" content=\"1200\" \/>\n\t<meta property=\"og:image:height\" content=\"800\" \/>\n\t<meta property=\"og:image:type\" content=\"image\/jpeg\" \/>\n<meta name=\"twitter:card\" content=\"summary_large_image\" \/>\n<meta name=\"twitter:label1\" content=\"Est. reading time\" \/>\n\t<meta name=\"twitter:data1\" content=\"3 minutes\" \/>\n<script type=\"application\/ld+json\" class=\"yoast-schema-graph\">{\"@context\":\"https:\/\/schema.org\",\"@graph\":[{\"@type\":\"WebPage\",\"@id\":\"https:\/\/www.slts.fi\/en\/doctoral-thesis-award\/doctoral-thesis-award-2023\/\",\"url\":\"https:\/\/www.slts.fi\/en\/doctoral-thesis-award\/doctoral-thesis-award-2023\/\",\"name\":\"Doctoral thesis award 2023 - Suomen Luonnonvarain Tutkimuss\u00e4\u00e4ti\u00f6\",\"isPartOf\":{\"@id\":\"https:\/\/www.slts.fi\/en\/#website\"},\"primaryImageOfPage\":{\"@id\":\"https:\/\/www.slts.fi\/en\/doctoral-thesis-award\/doctoral-thesis-award-2023\/#primaryimage\"},\"image\":{\"@id\":\"https:\/\/www.slts.fi\/en\/doctoral-thesis-award\/doctoral-thesis-award-2023\/#primaryimage\"},\"thumbnailUrl\":\"https:\/\/www.slts.fi\/wpc\/uploads\/2024\/11\/Alexander-Henn-2-1.jpg\",\"datePublished\":\"2024-11-15T07:58:46+00:00\",\"dateModified\":\"2024-11-22T12:38:37+00:00\",\"breadcrumb\":{\"@id\":\"https:\/\/www.slts.fi\/en\/doctoral-thesis-award\/doctoral-thesis-award-2023\/#breadcrumb\"},\"inLanguage\":\"en-US\",\"potentialAction\":[{\"@type\":\"ReadAction\",\"target\":[\"https:\/\/www.slts.fi\/en\/doctoral-thesis-award\/doctoral-thesis-award-2023\/\"]}]},{\"@type\":\"ImageObject\",\"inLanguage\":\"en-US\",\"@id\":\"https:\/\/www.slts.fi\/en\/doctoral-thesis-award\/doctoral-thesis-award-2023\/#primaryimage\",\"url\":\"https:\/\/www.slts.fi\/wpc\/uploads\/2024\/11\/Alexander-Henn-2-1.jpg\",\"contentUrl\":\"https:\/\/www.slts.fi\/wpc\/uploads\/2024\/11\/Alexander-Henn-2-1.jpg\"},{\"@type\":\"BreadcrumbList\",\"@id\":\"https:\/\/www.slts.fi\/en\/doctoral-thesis-award\/doctoral-thesis-award-2023\/#breadcrumb\",\"itemListElement\":[{\"@type\":\"ListItem\",\"position\":1,\"name\":\"Etusivu\",\"item\":\"https:\/\/www.slts.fi\/en\/\"},{\"@type\":\"ListItem\",\"position\":2,\"name\":\"Doctoral thesis award\",\"item\":\"https:\/\/www.slts.fi\/en\/doctoral-thesis-award\/\"},{\"@type\":\"ListItem\",\"position\":3,\"name\":\"Doctoral thesis award 2023\"}]},{\"@type\":\"WebSite\",\"@id\":\"https:\/\/www.slts.fi\/en\/#website\",\"url\":\"https:\/\/www.slts.fi\/en\/\",\"name\":\"Suomen Luonnonvarain Tutkimuss\u00e4\u00e4ti\u00f6\",\"description\":\"Kest\u00e4vi\u00e4 ratkaisuja luonnonvarojen tutkimuksella\",\"publisher\":{\"@id\":\"https:\/\/www.slts.fi\/en\/#organization\"},\"alternateName\":\"SLTS\",\"potentialAction\":[{\"@type\":\"SearchAction\",\"target\":{\"@type\":\"EntryPoint\",\"urlTemplate\":\"https:\/\/www.slts.fi\/en\/?s={search_term_string}\"},\"query-input\":{\"@type\":\"PropertyValueSpecification\",\"valueRequired\":true,\"valueName\":\"search_term_string\"}}],\"inLanguage\":\"en-US\"},{\"@type\":\"Organization\",\"@id\":\"https:\/\/www.slts.fi\/en\/#organization\",\"name\":\"Suomen Luonnonvarain Tutkimusss\u00e4\u00e4ti\u00f6\",\"alternateName\":\"SLTS\",\"url\":\"https:\/\/www.slts.fi\/en\/\",\"logo\":{\"@type\":\"ImageObject\",\"inLanguage\":\"en-US\",\"@id\":\"https:\/\/www.slts.fi\/en\/#\/schema\/logo\/image\/\",\"url\":\"https:\/\/www.slts.fi\/wpc\/uploads\/2024\/11\/logo-slts-fin.png\",\"contentUrl\":\"https:\/\/www.slts.fi\/wpc\/uploads\/2024\/11\/logo-slts-fin.png\",\"width\":436,\"height\":173,\"caption\":\"Suomen Luonnonvarain Tutkimusss\u00e4\u00e4ti\u00f6\"},\"image\":{\"@id\":\"https:\/\/www.slts.fi\/en\/#\/schema\/logo\/image\/\"}}]}<\/script>\n<!-- \/ Yoast SEO plugin. -->","yoast_head_json":{"title":"Doctoral thesis award 2023 - Suomen Luonnonvarain Tutkimuss\u00e4\u00e4ti\u00f6","robots":{"index":"index","follow":"follow","max-snippet":"max-snippet:-1","max-image-preview":"max-image-preview:large","max-video-preview":"max-video-preview:-1"},"canonical":"https:\/\/www.slts.fi\/en\/doctoral-thesis-award\/doctoral-thesis-award-2023\/","og_locale":"en_US","og_type":"article","og_title":"Doctoral thesis award 2023 - Suomen Luonnonvarain Tutkimuss\u00e4\u00e4ti\u00f6","og_description":"Alexander Henn, 28, from Espoo received a significant doctoral thesis award \u2013 he developed new applications for wood-based lignin to create opportunities to increase the...","og_url":"https:\/\/www.slts.fi\/en\/doctoral-thesis-award\/doctoral-thesis-award-2023\/","og_site_name":"Suomen Luonnonvarain Tutkimuss\u00e4\u00e4ti\u00f6","article_modified_time":"2024-11-22T12:38:37+00:00","og_image":[{"width":1200,"height":800,"url":"https:\/\/www.slts.fi\/wpc\/uploads\/2024\/11\/Alexander-Henn-2-1.jpg","type":"image\/jpeg"}],"twitter_card":"summary_large_image","twitter_misc":{"Est. reading time":"3 minutes"},"schema":{"@context":"https:\/\/schema.org","@graph":[{"@type":"WebPage","@id":"https:\/\/www.slts.fi\/en\/doctoral-thesis-award\/doctoral-thesis-award-2023\/","url":"https:\/\/www.slts.fi\/en\/doctoral-thesis-award\/doctoral-thesis-award-2023\/","name":"Doctoral thesis award 2023 - Suomen Luonnonvarain Tutkimuss\u00e4\u00e4ti\u00f6","isPartOf":{"@id":"https:\/\/www.slts.fi\/en\/#website"},"primaryImageOfPage":{"@id":"https:\/\/www.slts.fi\/en\/doctoral-thesis-award\/doctoral-thesis-award-2023\/#primaryimage"},"image":{"@id":"https:\/\/www.slts.fi\/en\/doctoral-thesis-award\/doctoral-thesis-award-2023\/#primaryimage"},"thumbnailUrl":"https:\/\/www.slts.fi\/wpc\/uploads\/2024\/11\/Alexander-Henn-2-1.jpg","datePublished":"2024-11-15T07:58:46+00:00","dateModified":"2024-11-22T12:38:37+00:00","breadcrumb":{"@id":"https:\/\/www.slts.fi\/en\/doctoral-thesis-award\/doctoral-thesis-award-2023\/#breadcrumb"},"inLanguage":"en-US","potentialAction":[{"@type":"ReadAction","target":["https:\/\/www.slts.fi\/en\/doctoral-thesis-award\/doctoral-thesis-award-2023\/"]}]},{"@type":"ImageObject","inLanguage":"en-US","@id":"https:\/\/www.slts.fi\/en\/doctoral-thesis-award\/doctoral-thesis-award-2023\/#primaryimage","url":"https:\/\/www.slts.fi\/wpc\/uploads\/2024\/11\/Alexander-Henn-2-1.jpg","contentUrl":"https:\/\/www.slts.fi\/wpc\/uploads\/2024\/11\/Alexander-Henn-2-1.jpg"},{"@type":"BreadcrumbList","@id":"https:\/\/www.slts.fi\/en\/doctoral-thesis-award\/doctoral-thesis-award-2023\/#breadcrumb","itemListElement":[{"@type":"ListItem","position":1,"name":"Etusivu","item":"https:\/\/www.slts.fi\/en\/"},{"@type":"ListItem","position":2,"name":"Doctoral thesis award","item":"https:\/\/www.slts.fi\/en\/doctoral-thesis-award\/"},{"@type":"ListItem","position":3,"name":"Doctoral thesis award 2023"}]},{"@type":"WebSite","@id":"https:\/\/www.slts.fi\/en\/#website","url":"https:\/\/www.slts.fi\/en\/","name":"Suomen Luonnonvarain Tutkimuss\u00e4\u00e4ti\u00f6","description":"Kest\u00e4vi\u00e4 ratkaisuja luonnonvarojen tutkimuksella","publisher":{"@id":"https:\/\/www.slts.fi\/en\/#organization"},"alternateName":"SLTS","potentialAction":[{"@type":"SearchAction","target":{"@type":"EntryPoint","urlTemplate":"https:\/\/www.slts.fi\/en\/?s={search_term_string}"},"query-input":{"@type":"PropertyValueSpecification","valueRequired":true,"valueName":"search_term_string"}}],"inLanguage":"en-US"},{"@type":"Organization","@id":"https:\/\/www.slts.fi\/en\/#organization","name":"Suomen Luonnonvarain Tutkimusss\u00e4\u00e4ti\u00f6","alternateName":"SLTS","url":"https:\/\/www.slts.fi\/en\/","logo":{"@type":"ImageObject","inLanguage":"en-US","@id":"https:\/\/www.slts.fi\/en\/#\/schema\/logo\/image\/","url":"https:\/\/www.slts.fi\/wpc\/uploads\/2024\/11\/logo-slts-fin.png","contentUrl":"https:\/\/www.slts.fi\/wpc\/uploads\/2024\/11\/logo-slts-fin.png","width":436,"height":173,"caption":"Suomen Luonnonvarain Tutkimusss\u00e4\u00e4ti\u00f6"},"image":{"@id":"https:\/\/www.slts.fi\/en\/#\/schema\/logo\/image\/"}}]}},"_links":{"self":[{"href":"https:\/\/www.slts.fi\/en\/wp-json\/wp\/v2\/pages\/588","targetHints":{"allow":["GET"]}}],"collection":[{"href":"https:\/\/www.slts.fi\/en\/wp-json\/wp\/v2\/pages"}],"about":[{"href":"https:\/\/www.slts.fi\/en\/wp-json\/wp\/v2\/types\/page"}],"author":[{"embeddable":true,"href":"https:\/\/www.slts.fi\/en\/wp-json\/wp\/v2\/users\/1"}],"replies":[{"embeddable":true,"href":"https:\/\/www.slts.fi\/en\/wp-json\/wp\/v2\/comments?post=588"}],"version-history":[{"count":0,"href":"https:\/\/www.slts.fi\/en\/wp-json\/wp\/v2\/pages\/588\/revisions"}],"up":[{"embeddable":true,"href":"https:\/\/www.slts.fi\/en\/wp-json\/wp\/v2\/pages\/583"}],"wp:attachment":[{"href":"https:\/\/www.slts.fi\/en\/wp-json\/wp\/v2\/media?parent=588"}],"curies":[{"name":"wp","href":"https:\/\/api.w.org\/{rel}","templated":true}]}}