{"id":571,"date":"2024-11-11T14:59:07","date_gmt":"2024-11-11T12:59:07","guid":{"rendered":"https:\/\/www.slts.fi\/research-grants\/rahoituksen-ehdot\/"},"modified":"2024-11-22T13:55:43","modified_gmt":"2024-11-22T11:55:43","slug":"conditions-for-funding","status":"publish","type":"page","link":"https:\/\/www.slts.fi\/en\/research-grants\/conditions-for-funding\/","title":{"rendered":"Conditions for funding"},"content":{"rendered":"<h2>Who can apply<\/h2>\n<p>The call for grant applications is open to talented and innovative doctoral students and post-doc researchers. The person acting as the actual applicant and responsible project leader must have a doctoral degree.<\/p>\n<h2>The projects to be funded shall be of benefit for Finnish research, society or international collaboration<\/h2>\n<p>The education of promising young scientists is a priority for the Foundation for Research of Natural Resources in Finland. Project funding can be granted for up to three years, but only for one year at a time. For possible continued funding, a new application is required, including a progress report on the research.<\/p>\n<p>Research grants are intended to cover annual salary, travel and other research expenses, including statutory social security costs (pension and accident insurances) and research site overhead costs (max. 15%).<\/p>\n<p>The payer of the salary will be the relevant research site, which may be a university, research institute or similar. The application must include the research site\u2019s commitment. The funding will also allow for the research to be conducted abroad. No funding is granted in the form of a personal scholarship grant or a travel grant, nor for finalizing a doctoral thesis or for partial funding of existing projects.<\/p>\n<p>Junior researchers should be prepared for a brief individual hearing on the invitation of the Board of the Foundation.<\/p>\n","protected":false},"excerpt":{"rendered":"<p>Who can apply The call for grant applications is open to talented and innovative doctoral students and post-doc researchers. The person acting as the actual&#8230;<\/p>\n","protected":false},"author":1,"featured_media":0,"parent":569,"menu_order":0,"comment_status":"closed","ping_status":"closed","template":"page-templates\/lander.php","meta":{"footnotes":""},"class_list":["post-571","page","type-page","status-publish","hentry"],"yoast_head":"<!-- This site is optimized with the Yoast SEO plugin v27.2 - https:\/\/yoast.com\/product\/yoast-seo-wordpress\/ -->\n<title>Conditions for funding - Suomen Luonnonvarain Tutkimuss\u00e4\u00e4ti\u00f6<\/title>\n<meta name=\"robots\" content=\"index, follow, max-snippet:-1, max-image-preview:large, max-video-preview:-1\" \/>\n<link rel=\"canonical\" href=\"https:\/\/www.slts.fi\/en\/research-grants\/conditions-for-funding\/\" \/>\n<meta property=\"og:locale\" content=\"en_US\" \/>\n<meta property=\"og:type\" content=\"article\" \/>\n<meta property=\"og:title\" content=\"Conditions for funding - Suomen Luonnonvarain Tutkimuss\u00e4\u00e4ti\u00f6\" \/>\n<meta property=\"og:description\" content=\"Who can apply The call for grant applications is open to talented and innovative doctoral students and post-doc researchers. The person acting as the actual...\" \/>\n<meta property=\"og:url\" content=\"https:\/\/www.slts.fi\/en\/research-grants\/conditions-for-funding\/\" \/>\n<meta property=\"og:site_name\" content=\"Suomen Luonnonvarain Tutkimuss\u00e4\u00e4ti\u00f6\" \/>\n<meta property=\"article:modified_time\" content=\"2024-11-22T11:55:43+00:00\" \/>\n<meta property=\"og:image\" content=\"https:\/\/www.slts.fi\/wpc\/uploads\/2024\/12\/Some-FB-1200x630px.png\" \/>\n\t<meta property=\"og:image:width\" content=\"1200\" \/>\n\t<meta property=\"og:image:height\" content=\"630\" \/>\n\t<meta property=\"og:image:type\" content=\"image\/png\" \/>\n<meta name=\"twitter:card\" content=\"summary_large_image\" \/>\n<meta name=\"twitter:label1\" content=\"Est. reading time\" \/>\n\t<meta name=\"twitter:data1\" content=\"2 minutes\" \/>\n<script type=\"application\/ld+json\" class=\"yoast-schema-graph\">{\"@context\":\"https:\/\/schema.org\",\"@graph\":[{\"@type\":\"WebPage\",\"@id\":\"https:\/\/www.slts.fi\/en\/research-grants\/conditions-for-funding\/\",\"url\":\"https:\/\/www.slts.fi\/en\/research-grants\/conditions-for-funding\/\",\"name\":\"Conditions for funding - Suomen Luonnonvarain Tutkimuss\u00e4\u00e4ti\u00f6\",\"isPartOf\":{\"@id\":\"https:\/\/www.slts.fi\/en\/#website\"},\"datePublished\":\"2024-11-11T12:59:07+00:00\",\"dateModified\":\"2024-11-22T11:55:43+00:00\",\"breadcrumb\":{\"@id\":\"https:\/\/www.slts.fi\/en\/research-grants\/conditions-for-funding\/#breadcrumb\"},\"inLanguage\":\"en-US\",\"potentialAction\":[{\"@type\":\"ReadAction\",\"target\":[\"https:\/\/www.slts.fi\/en\/research-grants\/conditions-for-funding\/\"]}]},{\"@type\":\"BreadcrumbList\",\"@id\":\"https:\/\/www.slts.fi\/en\/research-grants\/conditions-for-funding\/#breadcrumb\",\"itemListElement\":[{\"@type\":\"ListItem\",\"position\":1,\"name\":\"Etusivu\",\"item\":\"https:\/\/www.slts.fi\/en\/\"},{\"@type\":\"ListItem\",\"position\":2,\"name\":\"Research grants\",\"item\":\"https:\/\/www.slts.fi\/en\/research-grants\/\"},{\"@type\":\"ListItem\",\"position\":3,\"name\":\"Conditions for funding\"}]},{\"@type\":\"WebSite\",\"@id\":\"https:\/\/www.slts.fi\/en\/#website\",\"url\":\"https:\/\/www.slts.fi\/en\/\",\"name\":\"Suomen Luonnonvarain Tutkimuss\u00e4\u00e4ti\u00f6\",\"description\":\"Kest\u00e4vi\u00e4 ratkaisuja luonnonvarojen tutkimuksella\",\"publisher\":{\"@id\":\"https:\/\/www.slts.fi\/en\/#organization\"},\"alternateName\":\"SLTS\",\"potentialAction\":[{\"@type\":\"SearchAction\",\"target\":{\"@type\":\"EntryPoint\",\"urlTemplate\":\"https:\/\/www.slts.fi\/en\/?s={search_term_string}\"},\"query-input\":{\"@type\":\"PropertyValueSpecification\",\"valueRequired\":true,\"valueName\":\"search_term_string\"}}],\"inLanguage\":\"en-US\"},{\"@type\":\"Organization\",\"@id\":\"https:\/\/www.slts.fi\/en\/#organization\",\"name\":\"Suomen Luonnonvarain Tutkimusss\u00e4\u00e4ti\u00f6\",\"alternateName\":\"SLTS\",\"url\":\"https:\/\/www.slts.fi\/en\/\",\"logo\":{\"@type\":\"ImageObject\",\"inLanguage\":\"en-US\",\"@id\":\"https:\/\/www.slts.fi\/en\/#\/schema\/logo\/image\/\",\"url\":\"https:\/\/www.slts.fi\/wpc\/uploads\/2024\/11\/logo-slts-fin.png\",\"contentUrl\":\"https:\/\/www.slts.fi\/wpc\/uploads\/2024\/11\/logo-slts-fin.png\",\"width\":436,\"height\":173,\"caption\":\"Suomen Luonnonvarain Tutkimusss\u00e4\u00e4ti\u00f6\"},\"image\":{\"@id\":\"https:\/\/www.slts.fi\/en\/#\/schema\/logo\/image\/\"}}]}<\/script>\n<!-- \/ Yoast SEO plugin. -->","yoast_head_json":{"title":"Conditions for funding - Suomen Luonnonvarain Tutkimuss\u00e4\u00e4ti\u00f6","robots":{"index":"index","follow":"follow","max-snippet":"max-snippet:-1","max-image-preview":"max-image-preview:large","max-video-preview":"max-video-preview:-1"},"canonical":"https:\/\/www.slts.fi\/en\/research-grants\/conditions-for-funding\/","og_locale":"en_US","og_type":"article","og_title":"Conditions for funding - Suomen Luonnonvarain Tutkimuss\u00e4\u00e4ti\u00f6","og_description":"Who can apply The call for grant applications is open to talented and innovative doctoral students and post-doc researchers. The person acting as the actual...","og_url":"https:\/\/www.slts.fi\/en\/research-grants\/conditions-for-funding\/","og_site_name":"Suomen Luonnonvarain Tutkimuss\u00e4\u00e4ti\u00f6","article_modified_time":"2024-11-22T11:55:43+00:00","og_image":[{"width":1200,"height":630,"url":"https:\/\/www.slts.fi\/wpc\/uploads\/2024\/12\/Some-FB-1200x630px.png","type":"image\/png"}],"twitter_card":"summary_large_image","twitter_misc":{"Est. reading time":"2 minutes"},"schema":{"@context":"https:\/\/schema.org","@graph":[{"@type":"WebPage","@id":"https:\/\/www.slts.fi\/en\/research-grants\/conditions-for-funding\/","url":"https:\/\/www.slts.fi\/en\/research-grants\/conditions-for-funding\/","name":"Conditions for funding - Suomen Luonnonvarain Tutkimuss\u00e4\u00e4ti\u00f6","isPartOf":{"@id":"https:\/\/www.slts.fi\/en\/#website"},"datePublished":"2024-11-11T12:59:07+00:00","dateModified":"2024-11-22T11:55:43+00:00","breadcrumb":{"@id":"https:\/\/www.slts.fi\/en\/research-grants\/conditions-for-funding\/#breadcrumb"},"inLanguage":"en-US","potentialAction":[{"@type":"ReadAction","target":["https:\/\/www.slts.fi\/en\/research-grants\/conditions-for-funding\/"]}]},{"@type":"BreadcrumbList","@id":"https:\/\/www.slts.fi\/en\/research-grants\/conditions-for-funding\/#breadcrumb","itemListElement":[{"@type":"ListItem","position":1,"name":"Etusivu","item":"https:\/\/www.slts.fi\/en\/"},{"@type":"ListItem","position":2,"name":"Research grants","item":"https:\/\/www.slts.fi\/en\/research-grants\/"},{"@type":"ListItem","position":3,"name":"Conditions for funding"}]},{"@type":"WebSite","@id":"https:\/\/www.slts.fi\/en\/#website","url":"https:\/\/www.slts.fi\/en\/","name":"Suomen Luonnonvarain Tutkimuss\u00e4\u00e4ti\u00f6","description":"Kest\u00e4vi\u00e4 ratkaisuja luonnonvarojen tutkimuksella","publisher":{"@id":"https:\/\/www.slts.fi\/en\/#organization"},"alternateName":"SLTS","potentialAction":[{"@type":"SearchAction","target":{"@type":"EntryPoint","urlTemplate":"https:\/\/www.slts.fi\/en\/?s={search_term_string}"},"query-input":{"@type":"PropertyValueSpecification","valueRequired":true,"valueName":"search_term_string"}}],"inLanguage":"en-US"},{"@type":"Organization","@id":"https:\/\/www.slts.fi\/en\/#organization","name":"Suomen Luonnonvarain Tutkimusss\u00e4\u00e4ti\u00f6","alternateName":"SLTS","url":"https:\/\/www.slts.fi\/en\/","logo":{"@type":"ImageObject","inLanguage":"en-US","@id":"https:\/\/www.slts.fi\/en\/#\/schema\/logo\/image\/","url":"https:\/\/www.slts.fi\/wpc\/uploads\/2024\/11\/logo-slts-fin.png","contentUrl":"https:\/\/www.slts.fi\/wpc\/uploads\/2024\/11\/logo-slts-fin.png","width":436,"height":173,"caption":"Suomen Luonnonvarain Tutkimusss\u00e4\u00e4ti\u00f6"},"image":{"@id":"https:\/\/www.slts.fi\/en\/#\/schema\/logo\/image\/"}}]}},"_links":{"self":[{"href":"https:\/\/www.slts.fi\/en\/wp-json\/wp\/v2\/pages\/571","targetHints":{"allow":["GET"]}}],"collection":[{"href":"https:\/\/www.slts.fi\/en\/wp-json\/wp\/v2\/pages"}],"about":[{"href":"https:\/\/www.slts.fi\/en\/wp-json\/wp\/v2\/types\/page"}],"author":[{"embeddable":true,"href":"https:\/\/www.slts.fi\/en\/wp-json\/wp\/v2\/users\/1"}],"replies":[{"embeddable":true,"href":"https:\/\/www.slts.fi\/en\/wp-json\/wp\/v2\/comments?post=571"}],"version-history":[{"count":0,"href":"https:\/\/www.slts.fi\/en\/wp-json\/wp\/v2\/pages\/571\/revisions"}],"up":[{"embeddable":true,"href":"https:\/\/www.slts.fi\/en\/wp-json\/wp\/v2\/pages\/569"}],"wp:attachment":[{"href":"https:\/\/www.slts.fi\/en\/wp-json\/wp\/v2\/media?parent=571"}],"curies":[{"name":"wp","href":"https:\/\/api.w.org\/{rel}","templated":true}]}}