{"id":563,"date":"2024-11-11T14:51:04","date_gmt":"2024-11-11T12:51:04","guid":{"rendered":"https:\/\/www.slts.fi\/our-mission\/biotalous\/"},"modified":"2024-11-22T13:53:28","modified_gmt":"2024-11-22T11:53:28","slug":"bio-economy","status":"publish","type":"page","link":"https:\/\/www.slts.fi\/en\/our-mission\/bio-economy\/","title":{"rendered":"Bio-economy"},"content":{"rendered":"<p><strong>Bio-economy<\/strong>\u00a0refers to economic activity related to the production, use, refining and marketing of renewable natural resources as well as the consumption of products based on renewable natural resources. The forests, fields and waters in Finland are inexhaustible\u00a0sources of raw materials for use by various industries in compliance with the principles of sustainable development.<\/p>\n<p>Bio-economy is a broad concept comprising, for example, forest, chemical, fish, food and pharmaceutical industries. These fields play an essential role in Finnish business life, and their significance for our national economy is vital.<\/p>\n<p>Bio-economy is based on clean technologies that facilitate the efficient use and recycling of natural resources and nutrients, while also supporting biodiversity. Bio-based products will decrease the environmental load through the reduced use of, for example, fossil fuels, coal and plastic. Production relies on the use of renewable materials available as natural resources, and the development and launch of related innovations and technologies. The aim is to advance the use of renewable natural resources, rather than that of non-renewable resources.<\/p>\n<p>In Finland, wood is the most important renewable natural resource for industrial use. Wood is extensively used in the field of construction, and wood fibers are increasingly used as the raw material for environmentally friendly fabrics produced for textile and other industries. Bioenergy and biochemical sectors are constantly engaged in developing new, innovative products by combining wood and wood fiber with other materials.<\/p>\n<p>Professor\u00a0<strong>Anne Toppinen<\/strong>, Director of Helsinki Institute of Sustainability Science, University of Helsinki, talks about bio-economy.<\/p>\n<div class=\"shortcode--youtube iframe-16-9\"><iframe src=\"https:\/\/www.youtube.com\/embed\/gpSEMvQSJbg\" frameborder=\"0\" allow=\"accelerometer; autoplay; encrypted-media; gyroscope; picture-in-picture\" allowfullscreen><\/iframe><\/div>\n","protected":false},"excerpt":{"rendered":"<p>Bio-economy\u00a0refers to economic activity related to the production, use, refining and marketing of renewable natural resources as well as the consumption of products based on&#8230;<\/p>\n","protected":false},"author":1,"featured_media":0,"parent":561,"menu_order":0,"comment_status":"closed","ping_status":"closed","template":"page-templates\/lander.php","meta":{"footnotes":""},"class_list":["post-563","page","type-page","status-publish","hentry"],"yoast_head":"<!-- This site is optimized with the Yoast SEO plugin v27.2 - https:\/\/yoast.com\/product\/yoast-seo-wordpress\/ -->\n<title>Bio-economy - Suomen Luonnonvarain Tutkimuss\u00e4\u00e4ti\u00f6<\/title>\n<meta name=\"robots\" content=\"index, follow, max-snippet:-1, max-image-preview:large, max-video-preview:-1\" \/>\n<link rel=\"canonical\" href=\"https:\/\/www.slts.fi\/en\/our-mission\/bio-economy\/\" \/>\n<meta property=\"og:locale\" content=\"en_US\" \/>\n<meta property=\"og:type\" content=\"article\" \/>\n<meta property=\"og:title\" content=\"Bio-economy - Suomen Luonnonvarain Tutkimuss\u00e4\u00e4ti\u00f6\" \/>\n<meta property=\"og:description\" content=\"Bio-economy\u00a0refers to economic activity related to the production, use, refining and marketing of renewable natural resources as well as the consumption of products based on...\" \/>\n<meta property=\"og:url\" content=\"https:\/\/www.slts.fi\/en\/our-mission\/bio-economy\/\" \/>\n<meta property=\"og:site_name\" content=\"Suomen Luonnonvarain Tutkimuss\u00e4\u00e4ti\u00f6\" \/>\n<meta property=\"article:modified_time\" content=\"2024-11-22T11:53:28+00:00\" \/>\n<meta property=\"og:image\" content=\"https:\/\/www.slts.fi\/wpc\/uploads\/2024\/12\/Some-FB-1200x630px.png\" \/>\n\t<meta property=\"og:image:width\" content=\"1200\" \/>\n\t<meta property=\"og:image:height\" content=\"630\" \/>\n\t<meta property=\"og:image:type\" content=\"image\/png\" \/>\n<meta name=\"twitter:card\" content=\"summary_large_image\" \/>\n<meta name=\"twitter:label1\" content=\"Est. reading time\" \/>\n\t<meta name=\"twitter:data1\" content=\"2 minutes\" \/>\n<script type=\"application\/ld+json\" class=\"yoast-schema-graph\">{\"@context\":\"https:\/\/schema.org\",\"@graph\":[{\"@type\":\"WebPage\",\"@id\":\"https:\/\/www.slts.fi\/en\/our-mission\/bio-economy\/\",\"url\":\"https:\/\/www.slts.fi\/en\/our-mission\/bio-economy\/\",\"name\":\"Bio-economy - Suomen Luonnonvarain Tutkimuss\u00e4\u00e4ti\u00f6\",\"isPartOf\":{\"@id\":\"https:\/\/www.slts.fi\/en\/#website\"},\"datePublished\":\"2024-11-11T12:51:04+00:00\",\"dateModified\":\"2024-11-22T11:53:28+00:00\",\"breadcrumb\":{\"@id\":\"https:\/\/www.slts.fi\/en\/our-mission\/bio-economy\/#breadcrumb\"},\"inLanguage\":\"en-US\",\"potentialAction\":[{\"@type\":\"ReadAction\",\"target\":[\"https:\/\/www.slts.fi\/en\/our-mission\/bio-economy\/\"]}]},{\"@type\":\"BreadcrumbList\",\"@id\":\"https:\/\/www.slts.fi\/en\/our-mission\/bio-economy\/#breadcrumb\",\"itemListElement\":[{\"@type\":\"ListItem\",\"position\":1,\"name\":\"Etusivu\",\"item\":\"https:\/\/www.slts.fi\/en\/\"},{\"@type\":\"ListItem\",\"position\":2,\"name\":\"Our mission\",\"item\":\"https:\/\/www.slts.fi\/en\/toiminta-ajatuksemme\/\"},{\"@type\":\"ListItem\",\"position\":3,\"name\":\"Bio-economy\"}]},{\"@type\":\"WebSite\",\"@id\":\"https:\/\/www.slts.fi\/en\/#website\",\"url\":\"https:\/\/www.slts.fi\/en\/\",\"name\":\"Suomen Luonnonvarain Tutkimuss\u00e4\u00e4ti\u00f6\",\"description\":\"Kest\u00e4vi\u00e4 ratkaisuja luonnonvarojen tutkimuksella\",\"publisher\":{\"@id\":\"https:\/\/www.slts.fi\/en\/#organization\"},\"alternateName\":\"SLTS\",\"potentialAction\":[{\"@type\":\"SearchAction\",\"target\":{\"@type\":\"EntryPoint\",\"urlTemplate\":\"https:\/\/www.slts.fi\/en\/?s={search_term_string}\"},\"query-input\":{\"@type\":\"PropertyValueSpecification\",\"valueRequired\":true,\"valueName\":\"search_term_string\"}}],\"inLanguage\":\"en-US\"},{\"@type\":\"Organization\",\"@id\":\"https:\/\/www.slts.fi\/en\/#organization\",\"name\":\"Suomen Luonnonvarain Tutkimusss\u00e4\u00e4ti\u00f6\",\"alternateName\":\"SLTS\",\"url\":\"https:\/\/www.slts.fi\/en\/\",\"logo\":{\"@type\":\"ImageObject\",\"inLanguage\":\"en-US\",\"@id\":\"https:\/\/www.slts.fi\/en\/#\/schema\/logo\/image\/\",\"url\":\"https:\/\/www.slts.fi\/wpc\/uploads\/2024\/11\/logo-slts-fin.png\",\"contentUrl\":\"https:\/\/www.slts.fi\/wpc\/uploads\/2024\/11\/logo-slts-fin.png\",\"width\":436,\"height\":173,\"caption\":\"Suomen Luonnonvarain Tutkimusss\u00e4\u00e4ti\u00f6\"},\"image\":{\"@id\":\"https:\/\/www.slts.fi\/en\/#\/schema\/logo\/image\/\"}}]}<\/script>\n<!-- \/ Yoast SEO plugin. -->","yoast_head_json":{"title":"Bio-economy - Suomen Luonnonvarain Tutkimuss\u00e4\u00e4ti\u00f6","robots":{"index":"index","follow":"follow","max-snippet":"max-snippet:-1","max-image-preview":"max-image-preview:large","max-video-preview":"max-video-preview:-1"},"canonical":"https:\/\/www.slts.fi\/en\/our-mission\/bio-economy\/","og_locale":"en_US","og_type":"article","og_title":"Bio-economy - Suomen Luonnonvarain Tutkimuss\u00e4\u00e4ti\u00f6","og_description":"Bio-economy\u00a0refers to economic activity related to the production, use, refining and marketing of renewable natural resources as well as the consumption of products based on...","og_url":"https:\/\/www.slts.fi\/en\/our-mission\/bio-economy\/","og_site_name":"Suomen Luonnonvarain Tutkimuss\u00e4\u00e4ti\u00f6","article_modified_time":"2024-11-22T11:53:28+00:00","og_image":[{"width":1200,"height":630,"url":"https:\/\/www.slts.fi\/wpc\/uploads\/2024\/12\/Some-FB-1200x630px.png","type":"image\/png"}],"twitter_card":"summary_large_image","twitter_misc":{"Est. reading time":"2 minutes"},"schema":{"@context":"https:\/\/schema.org","@graph":[{"@type":"WebPage","@id":"https:\/\/www.slts.fi\/en\/our-mission\/bio-economy\/","url":"https:\/\/www.slts.fi\/en\/our-mission\/bio-economy\/","name":"Bio-economy - Suomen Luonnonvarain Tutkimuss\u00e4\u00e4ti\u00f6","isPartOf":{"@id":"https:\/\/www.slts.fi\/en\/#website"},"datePublished":"2024-11-11T12:51:04+00:00","dateModified":"2024-11-22T11:53:28+00:00","breadcrumb":{"@id":"https:\/\/www.slts.fi\/en\/our-mission\/bio-economy\/#breadcrumb"},"inLanguage":"en-US","potentialAction":[{"@type":"ReadAction","target":["https:\/\/www.slts.fi\/en\/our-mission\/bio-economy\/"]}]},{"@type":"BreadcrumbList","@id":"https:\/\/www.slts.fi\/en\/our-mission\/bio-economy\/#breadcrumb","itemListElement":[{"@type":"ListItem","position":1,"name":"Etusivu","item":"https:\/\/www.slts.fi\/en\/"},{"@type":"ListItem","position":2,"name":"Our mission","item":"https:\/\/www.slts.fi\/en\/toiminta-ajatuksemme\/"},{"@type":"ListItem","position":3,"name":"Bio-economy"}]},{"@type":"WebSite","@id":"https:\/\/www.slts.fi\/en\/#website","url":"https:\/\/www.slts.fi\/en\/","name":"Suomen Luonnonvarain Tutkimuss\u00e4\u00e4ti\u00f6","description":"Kest\u00e4vi\u00e4 ratkaisuja luonnonvarojen tutkimuksella","publisher":{"@id":"https:\/\/www.slts.fi\/en\/#organization"},"alternateName":"SLTS","potentialAction":[{"@type":"SearchAction","target":{"@type":"EntryPoint","urlTemplate":"https:\/\/www.slts.fi\/en\/?s={search_term_string}"},"query-input":{"@type":"PropertyValueSpecification","valueRequired":true,"valueName":"search_term_string"}}],"inLanguage":"en-US"},{"@type":"Organization","@id":"https:\/\/www.slts.fi\/en\/#organization","name":"Suomen Luonnonvarain Tutkimusss\u00e4\u00e4ti\u00f6","alternateName":"SLTS","url":"https:\/\/www.slts.fi\/en\/","logo":{"@type":"ImageObject","inLanguage":"en-US","@id":"https:\/\/www.slts.fi\/en\/#\/schema\/logo\/image\/","url":"https:\/\/www.slts.fi\/wpc\/uploads\/2024\/11\/logo-slts-fin.png","contentUrl":"https:\/\/www.slts.fi\/wpc\/uploads\/2024\/11\/logo-slts-fin.png","width":436,"height":173,"caption":"Suomen Luonnonvarain Tutkimusss\u00e4\u00e4ti\u00f6"},"image":{"@id":"https:\/\/www.slts.fi\/en\/#\/schema\/logo\/image\/"}}]}},"_links":{"self":[{"href":"https:\/\/www.slts.fi\/en\/wp-json\/wp\/v2\/pages\/563","targetHints":{"allow":["GET"]}}],"collection":[{"href":"https:\/\/www.slts.fi\/en\/wp-json\/wp\/v2\/pages"}],"about":[{"href":"https:\/\/www.slts.fi\/en\/wp-json\/wp\/v2\/types\/page"}],"author":[{"embeddable":true,"href":"https:\/\/www.slts.fi\/en\/wp-json\/wp\/v2\/users\/1"}],"replies":[{"embeddable":true,"href":"https:\/\/www.slts.fi\/en\/wp-json\/wp\/v2\/comments?post=563"}],"version-history":[{"count":0,"href":"https:\/\/www.slts.fi\/en\/wp-json\/wp\/v2\/pages\/563\/revisions"}],"up":[{"embeddable":true,"href":"https:\/\/www.slts.fi\/en\/wp-json\/wp\/v2\/pages\/561"}],"wp:attachment":[{"href":"https:\/\/www.slts.fi\/en\/wp-json\/wp\/v2\/media?parent=563"}],"curies":[{"name":"wp","href":"https:\/\/api.w.org\/{rel}","templated":true}]}}